{"id":941,"date":"2020-07-22T13:02:18","date_gmt":"2020-07-22T11:02:18","guid":{"rendered":"https:\/\/www.zafena.se\/?post_type=product&#038;p=941"},"modified":"2022-02-01T09:09:58","modified_gmt":"2022-02-01T08:09:58","slug":"connector-zaf-550","status":"publish","type":"product","link":"https:\/\/www.zafena.se\/sv\/product\/connector-zaf-550\/","title":{"rendered":"Connector [ZAF-550] &#8211; arbetsfl\u00f6desautomation"},"content":{"rendered":"","protected":false},"excerpt":{"rendered":"<p>Zafena Connector togs initialt fram som en patenterad produkt 2010 f\u00f6r att ansluta <a href=\"https:\/\/www.zafena.se\/product\/zafena-101-simple-simon-pt\/\">Simple Simon PT<\/a> till labdatasystem. Connector har efter det anslutit ett flertal analysinstrument fr\u00e5n olika tillverkare f\u00f6r patientn\u00e4ra m\u00e4tning av bland annat Hb, CRP, ESR, INR och Urinsticka.<\/p>\n<p>Zafena Connector \u00e4r fortfarande i drift och Zafena erbjuder kontinuerlig <a href=\"https:\/\/www.zafena.se\/kontakt\/\">support<\/a>.<\/p>\n<p>Nya installationer av Zafena Connector g\u00f6rs med <a href=\"https:\/\/www.zafena.se\/product\/zafena-552-poc-workstation\/\">Zafena POC-Workstation. <\/a>All funktion fr\u00e5n Zafena Connector finns i <a href=\"https:\/\/www.zafena.se\/product\/zafena-552-poc-workstation\/\">Zafena POC-Workstation<\/a>.<\/p>\n<p><img loading=\"lazy\" decoding=\"async\" class=\"alignnone size-full wp-image-126\" src=\"https:\/\/www.zafena.se\/wp-content\/uploads\/2017\/06\/pdf_bild.png\" alt=\"\" width=\"18\" height=\"25\" \/> <a href=\"https:\/\/www.zafena.se\/wp-content\/uploads\/2020\/07\/Zafena-Connector-manual.pdf\">Zafena-Connector-manual<\/a><\/p>\n<p><img loading=\"lazy\" decoding=\"async\" class=\"alignnone size-full wp-image-126\" src=\"https:\/\/www.zafena.se\/wp-content\/uploads\/2017\/06\/pdf_bild.png\" alt=\"\" width=\"18\" height=\"25\" \/> <a href=\"https:\/\/www.zafena.se\/wp-content\/uploads\/2020\/07\/Broschyr-Uppkoppling-patientn\u00e4ra.pdf\">Broschyr-Uppkoppling-patientn\u00e4ra<\/a><\/p>\n<p><!-- wp:shortcode --><\/p>\n<p><img loading=\"lazy\" decoding=\"async\" class=\"alignnone size-full wp-image-40\" src=\"https:\/\/www.zafena.se\/wp-content\/uploads\/2017\/06\/graphic-line.png\" alt=\"\" width=\"940\" height=\"19\" \/><\/p>\n<p><!-- \/wp:shortcode --><\/p>\n<p><!-- wp:columns --><\/p>\n<div class=\"wp-block-columns\">\n<p><!-- wp:column --><br \/>\n<strong>Demonstrator<\/strong><\/p>\n<div class=\"wp-block-column\">\n<p>Mjukvaran till Connectorn skapades som en produktifiering av Vinnova Demonstrator projektet, f\u00f6rsta versonerna av Connector mjukvaran anv\u00e4ndes p\u00e5 laptop:<img loading=\"lazy\" decoding=\"async\" class=\"alignnone size-thumbnail wp-image-3254\" src=\"https:\/\/www.zafena.se\/wp-content\/uploads\/Vinnova-Sveriges-innovationsmyndighet-Vinnova-150x150.png\" alt=\"\" width=\"150\" height=\"150\" srcset=\"https:\/\/www.zafena.se\/wp-content\/uploads\/Vinnova-Sveriges-innovationsmyndighet-Vinnova-150x150.png 150w, https:\/\/www.zafena.se\/wp-content\/uploads\/Vinnova-Sveriges-innovationsmyndighet-Vinnova-60x60.png 60w, https:\/\/www.zafena.se\/wp-content\/uploads\/Vinnova-Sveriges-innovationsmyndighet-Vinnova-100x100.png 100w, https:\/\/www.zafena.se\/wp-content\/uploads\/Vinnova-Sveriges-innovationsmyndighet-Vinnova.png 208w\" sizes=\"auto, (max-width: 150px) 100vw, 150px\" \/><img loading=\"lazy\" decoding=\"async\" class=\"alignnone size-thumbnail wp-image-3255\" src=\"https:\/\/www.zafena.se\/wp-content\/uploads\/KK-stiftelsen-150x150.png\" alt=\"\" width=\"150\" height=\"150\" srcset=\"https:\/\/www.zafena.se\/wp-content\/uploads\/KK-stiftelsen-150x150.png 150w, https:\/\/www.zafena.se\/wp-content\/uploads\/KK-stiftelsen-60x60.png 60w, https:\/\/www.zafena.se\/wp-content\/uploads\/KK-stiftelsen-100x100.png 100w, https:\/\/www.zafena.se\/wp-content\/uploads\/KK-stiftelsen.png 285w\" sizes=\"auto, (max-width: 150px) 100vw, 150px\" \/><\/p>\n<blockquote><p>Demonstratorns m\u00e5l \u00e4r ett IT-system f\u00f6r sjukv\u00e5rdskontrollerad PT best\u00e4mning i hemmilj\u00f6.<\/p><\/blockquote>\n<blockquote><p>I projektet deltog representanter fr\u00e5n Region \u00d6sterg\u00f6tland, \u00c5lborgs Universitet och Zafena AB.<\/p><\/blockquote>\n<p><img loading=\"lazy\" decoding=\"async\" class=\"alignnone size-full wp-image-126\" src=\"https:\/\/www.zafena.se\/wp-content\/uploads\/2017\/06\/pdf_bild.png\" alt=\"\" width=\"18\" height=\"25\" \/> Vinnova 2007: Demonstrator &#8211; <a href=\"https:\/\/www.vinnova.se\/contentassets\/d99a8a0eca9c42e4b172e6349d6faa1f\/vi-07-05.pdf#%5B%7B%22num%22%3A643%2C%22gen%22%3A0%7D%2C%7B%22name%22%3A%22FitH%22%7D%2C818%5D\">IT F\u00d6R SJUKV\u00c5RD I HEMMET \u2013 PROJEKTKATALOG IT-st\u00f6d vid sjukv\u00e5rdskontrollerad \u00f6vervakning av blodf\u00f6rtunning med PT analys i hemmilj\u00f6<\/a><\/p>\n<\/div>\n<p><!-- \/wp:column --><br \/>\n<!-- wp:column --><\/p>\n<div class=\"wp-block-column\">\n<h3>Medicinsk kommunikationbox<\/h3>\n<p>H\u00e5rdvaran till Connectorn, en medicinsk kommunikationsbox, samt anpassning av mjukvaran f\u00f6r inbyggda system skapades som en produktifiering av Vinnova Demonstrator projektet innom Insict projektet tillsammans <a href=\"https:\/\/news.cision.com\/se\/rise\/r\/insict---stod-for-okad-anvandning-av-industriell-it-i-sma-och-medelstora-foretag,c2688964\">med st\u00f6d fr\u00e5n forskningsinstitutet Acreo. Acreo \u00e4r numera k\u00e4nt som RISE<\/a>.<img loading=\"lazy\" decoding=\"async\" class=\"alignnone size-thumbnail wp-image-3250\" src=\"https:\/\/www.zafena.se\/wp-content\/uploads\/insikt-150x150.jpg\" alt=\"\" width=\"150\" height=\"150\" srcset=\"https:\/\/www.zafena.se\/wp-content\/uploads\/insikt-150x150.jpg 150w, https:\/\/www.zafena.se\/wp-content\/uploads\/insikt-60x60.jpg 60w, https:\/\/www.zafena.se\/wp-content\/uploads\/insikt-100x100.jpg 100w\" sizes=\"auto, (max-width: 150px) 100vw, 150px\" \/><img loading=\"lazy\" decoding=\"async\" class=\"alignnone size-full wp-image-3251\" src=\"https:\/\/www.zafena.se\/wp-content\/uploads\/RISE.png\" alt=\"\" width=\"100\" height=\"132\" \/><\/p>\n<p>ACREO INSICT 2007: &#8211; <a href=\"https:\/\/news.cision.com\/se\/rise\/r\/insict---stod-for-okad-anvandning-av-industriell-it-i-sma-och-medelstora-foretag,c2688964\">St\u00f6d f\u00f6r \u00f6kad anv\u00e4ndning av industriell IT i sm\u00e5 och medelstora f\u00f6retag<\/a><\/p>\n<p>ETN 2007: <a href=\"https:\/\/etn.se\/index.php\/nyheter\/22488-fyra-smhalvmiljon-av-acreo.html\">Fyra sm\u00e5 f\u00e5r halvmiljon av Acreo<\/a> &#8211; &#8221;Ett sensorchips i en hj\u00e4rtkateter, ett 3G-\u00f6vervakningssystem, en digital telemetris\u00e4ndare och en medicinsk kommunikationsbox &#8211; det \u00e4r fyra projekt som f\u00e5tt en halv miljon kronor vardera fr\u00e5n Acreos program Insict.&#8221;<\/p>\n<\/div>\n<p><!-- \/wp:column --><\/p>\n<\/div>\n<p><!-- \/wp:columns --><\/p>\n","protected":false},"featured_media":942,"template":"","meta":[],"product_brand":[],"product_cat":[86,17,20,80],"product_tag":[],"class_list":{"0":"post-941","1":"product","2":"type-product","3":"status-publish","4":"has-post-thumbnail","6":"product_cat-poc-workstation","7":"product_cat-produkter","8":"product_cat-simple_simon_pt_plus","9":"product_cat-simple-simon-ua-plus","11":"first","12":"outofstock","13":"shipping-taxable","14":"product-type-simple"},"_links":{"self":[{"href":"https:\/\/www.zafena.se\/sv\/wp-json\/wp\/v2\/product\/941","targetHints":{"allow":["GET"]}}],"collection":[{"href":"https:\/\/www.zafena.se\/sv\/wp-json\/wp\/v2\/product"}],"about":[{"href":"https:\/\/www.zafena.se\/sv\/wp-json\/wp\/v2\/types\/product"}],"wp:featuredmedia":[{"embeddable":true,"href":"https:\/\/www.zafena.se\/sv\/wp-json\/wp\/v2\/media\/942"}],"wp:attachment":[{"href":"https:\/\/www.zafena.se\/sv\/wp-json\/wp\/v2\/media?parent=941"}],"wp:term":[{"taxonomy":"product_brand","embeddable":true,"href":"https:\/\/www.zafena.se\/sv\/wp-json\/wp\/v2\/product_brand?post=941"},{"taxonomy":"product_cat","embeddable":true,"href":"https:\/\/www.zafena.se\/sv\/wp-json\/wp\/v2\/product_cat?post=941"},{"taxonomy":"product_tag","embeddable":true,"href":"https:\/\/www.zafena.se\/sv\/wp-json\/wp\/v2\/product_tag?post=941"}],"curies":[{"name":"wp","href":"https:\/\/api.w.org\/{rel}","templated":true}]}}