{"id":93,"date":"2017-06-26T17:26:06","date_gmt":"2017-06-26T15:26:06","guid":{"rendered":"http:\/\/zafena.gudinna.com\/?post_type=product&#038;p=93"},"modified":"2023-01-20T14:48:07","modified_gmt":"2023-01-20T13:48:07","slug":"zafena-101-simple-simon-pt","status":"publish","type":"product","link":"https:\/\/www.zafena.se\/sv\/product\/zafena-101-simple-simon-pt\/","title":{"rendered":"Simple Simon\u00ae PT [ZAF-101] &#8211; patientn\u00e4ra PK INR enligt Owrens metod utf\u00f6rd i rumstemperatur"},"content":{"rendered":"","protected":false},"excerpt":{"rendered":"<div id=\"fb-root\"><\/div>\n<p>Simple Simon\u00ae PT m\u00e4ter protrombinkomplex (PK) i INR.<\/p>\n<p>Simple Simon\u00ae PT (SSPT) \u00e4r avsedd f\u00f6r patientn\u00e4ra analys av protrombintid uttryckt i INR (PT-INR). Analyten kallas \u00e4ven protrombinkomplexaktivitet (PK) eller v\u00e4vnadsfaktorinducerad koagulationstid. SSPT \u00e4r \u00e4mnad f\u00f6r mindre laboratorier vid sjukhus, v\u00e5rdcentraler, l\u00e4karstationer och l\u00e4karkontor. Produkten kan inneh\u00e5lla <a href=\"https:\/\/www.zafena.se\/product\/mixxocap\/\">ZAF-103 MixxoCap\u00ae<\/a> och har IT-st\u00f6d n\u00e4r produkten anv\u00e4nds med <a href=\"https:\/\/www.zafena.se\/product\/zafena-552-simple-simon-plus-skarm\/\">ZAF-552 Zafena POC-Workstation<\/a> och ZAF-550 Connector.<\/p>\n<p>Konceptet Simple Simon\u00ae \u00e4r f\u00f6r patientn\u00e4ra, v\u00e5tkemisk laboratoriediagnostik. Simple Simon\u00ae \u00e4r &#8221;allt-i-ett&#8221;. Reagenser, kalibrerad l\u00e4sare (m\u00e4tenhet) och \u00f6vrigt \u00e4r i samma produkt. Reagenser och annat har samma lotnummer och samma utg\u00e5ngsdatum som l\u00e4saren. Tillsammans med varje reagenslot kommer en fabrikskontrollerad, kalibrerad, &#8221;klar att anv\u00e4nda&#8221;, l\u00e4sare.<\/p>\n<div class=\"fb-post\" data-href=\"https:\/\/www.facebook.com\/ZafenaAB\/posts\/835040816594409:0\" data-show-text=\"true\" data-width=\"\">\n<blockquote class=\"fb-xfbml-parse-ignore\" cite=\"https:\/\/developers.facebook.com\/ZafenaAB\/posts\/835040816594409:0\"><p>Det h\u00e4r \u00e4r Zafenas patenterade SimpleSimon. Simon anv\u00e4nds idag p\u00e5 AK-motagningar och v\u00e5rdcentraler runt om i landet&#8230;.<\/p>\n<p>Publicerat av <a href=\"https:\/\/www.facebook.com\/ZafenaAB\/\">Zafena<\/a>\u00a0<a href=\"https:\/\/developers.facebook.com\/ZafenaAB\/posts\/835040816594409:0\">Onsdag 18 november 2015<\/a><\/p><\/blockquote>\n<\/div>\n[video width=\"3544\" height=\"1064\" mp4=\"https:\/\/www.zafena.se\/wp-content\/uploads\/pt-inr.mp4\"][\/video]\n<p><a href=\"https:\/\/www.zafena.se\/wp-content\/uploads\/2017\/06\/SS-Hand-out-Sv-nov11.pdf\" target=\"_blank\" rel=\"noopener noreferrer\"><img loading=\"lazy\" decoding=\"async\" class=\"alignnone size-full wp-image-126\" src=\"https:\/\/www.zafena.se\/wp-content\/uploads\/2017\/06\/pdf_bild.png\" alt=\"\" width=\"18\" height=\"25\" \/><\/a>\u00a0<a href=\"https:\/\/www.zafena.se\/wp-content\/uploads\/2017\/06\/SS-Hand-out-Sv-nov11.pdf\" target=\"_blank\" rel=\"noopener noreferrer\">SSPT Handout Sv nov-11<\/a><\/p>\n<p><strong>F\u00f6r mer information kontakta\u00a0<a href=\"mailto:fredrik.wells@zafena.se\">fredrik.wells@zafena.se<\/a><\/strong><\/p>\n<p><strong>Worldwide delivery\u00a0<img loading=\"lazy\" decoding=\"async\" class=\"alignnone size-full wp-image-316\" src=\"https:\/\/www.zafena.se\/wp-content\/uploads\/2017\/06\/zafena_worldwide.png\" alt=\"\" width=\"40\" height=\"30\" \/><\/strong><\/p>\n<p><strong>Tekniska data:<\/strong> Simple Simon\u00ae PT<\/p>\n<p><strong>Produkt:<\/strong> ZAF-101<\/p>\n<p><strong>M\u00e4tomr\u00e5de:<\/strong> 0.7- 10 INR<\/p>\n<p><strong>M\u00e4ttid:<\/strong> ca 1min vid INR 2.5<\/p>\n<p><strong>Prov:<\/strong> 10\u00b5L blod eller plasma<\/p>\n<p><strong>Tar liten plats:<\/strong> 15*10cm<\/p>\n<p><strong>Detektor:<\/strong> dubbla optiska ljusg\u00e5ngar<\/p>\n<p><strong>St\u00f6rs av lupus-antikroppar:<\/strong> Nej, som annan Owren<\/p>\n<p><strong>EVF kompensation:<\/strong> Ja<\/p>\n<p><strong>Uppv\u00e4rmingstid:<\/strong> Ingen<\/p>\n<p><strong>Str\u00f6mtillf\u00f6rsel:<\/strong> Batteri\/USB<\/p>\n<p><strong>LIS\/HIS uppkopplingsbar:<\/strong> Ja, via <a href=\"https:\/\/www.zafena.se\/product\/zafena-701-simple-simon-pt-plus\/\">Zafena Simple Simon Plus sk\u00e4rm ZAF-552<\/a><\/p>\n<h3><strong>Produktdokument<\/strong><\/h3>\n<p><a href=\"https:\/\/www.zafena.se\/wp-content\/uploads\/2017\/06\/USB-amp-batteri-p\u00e5-Simple-Simon.pdf\" target=\"_blank\" rel=\"noopener noreferrer\"><img loading=\"lazy\" decoding=\"async\" class=\"alignnone size-full wp-image-126\" src=\"https:\/\/www.zafena.se\/wp-content\/uploads\/2017\/06\/pdf_bild.png\" alt=\"\" width=\"18\" height=\"25\" \/><\/a>\u00a0<a href=\"https:\/\/www.zafena.se\/wp-content\/uploads\/2017\/06\/USB-amp-batteri-p\u00e5-Simple-Simon.pdf\" target=\"_blank\" rel=\"noopener noreferrer\">Information om USB &amp; batterivarnarfunktionen p\u00e5 Simple Simon\u00ae PT.<\/a><\/p>\n<p><a href=\"https:\/\/www.zafena.se\/wp-content\/uploads\/2017\/06\/USB-amp-batteri-p\u00e5-Simple-Simon.pdf\" target=\"_blank\" rel=\"noopener noreferrer\"><img loading=\"lazy\" decoding=\"async\" class=\"alignnone size-full wp-image-126\" src=\"https:\/\/www.zafena.se\/wp-content\/uploads\/2017\/06\/pdf_bild.png\" alt=\"\" width=\"18\" height=\"25\" \/><\/a> <a href=\"https:\/\/www.zafena.se\/wp-content\/uploads\/Bruksanvisning-SSPT-S182L-pip.pdf\">Bruksanvisning SSPT S182L pip<\/a><\/p>\n<p><a href=\"https:\/\/www.zafena.se\/wp-content\/uploads\/2017\/06\/USB-amp-batteri-p\u00e5-Simple-Simon.pdf\" target=\"_blank\" rel=\"noopener noreferrer\"><img loading=\"lazy\" decoding=\"async\" class=\"alignnone size-full wp-image-126\" src=\"https:\/\/www.zafena.se\/wp-content\/uploads\/2017\/06\/pdf_bild.png\" alt=\"\" width=\"18\" height=\"25\" \/><\/a>\u00a0<a href=\"https:\/\/www.zafena.se\/wp-content\/uploads\/Bruksanvisning-SSPT-S182LX-1.pdf\">Bruksanvisning SSPT S182LX-1<\/a><\/p>\n<p><a href=\"https:\/\/www.zafena.se\/wp-content\/uploads\/2017\/06\/USB-amp-batteri-p\u00e5-Simple-Simon.pdf\" target=\"_blank\" rel=\"noopener noreferrer\"><img loading=\"lazy\" decoding=\"async\" class=\"alignnone size-full wp-image-126\" src=\"https:\/\/www.zafena.se\/wp-content\/uploads\/2017\/06\/pdf_bild.png\" alt=\"\" width=\"18\" height=\"25\" \/><\/a>\u00a0<a href=\"https:\/\/www.zafena.se\/wp-content\/uploads\/Bruksanvisning-SSPT-T032L-pip.pdf\">Bruksanvisning SSPT T032L pip<\/a><\/p>\n<p><a href=\"https:\/\/www.zafena.se\/wp-content\/uploads\/2017\/06\/USB-amp-batteri-p\u00e5-Simple-Simon.pdf\" target=\"_blank\" rel=\"noopener noreferrer\"><img loading=\"lazy\" decoding=\"async\" class=\"alignnone size-full wp-image-126\" src=\"https:\/\/www.zafena.se\/wp-content\/uploads\/2017\/06\/pdf_bild.png\" alt=\"\" width=\"18\" height=\"25\" \/><\/a>\u00a0<a href=\"https:\/\/www.zafena.se\/wp-content\/uploads\/Bruksanvisning-SSPT-T032LX-1.pdf\">Bruksanvisning SSPT T032LX-1<\/a><\/p>\n<p><a href=\"https:\/\/www.zafena.se\/wp-content\/uploads\/2017\/06\/USB-amp-batteri-p\u00e5-Simple-Simon.pdf\" target=\"_blank\" rel=\"noopener noreferrer\"><img loading=\"lazy\" decoding=\"async\" class=\"alignnone size-full wp-image-126\" src=\"https:\/\/www.zafena.se\/wp-content\/uploads\/2017\/06\/pdf_bild.png\" alt=\"\" width=\"18\" height=\"25\" \/><\/a> <a href=\"https:\/\/www.zafena.se\/wp-content\/uploads\/IFU-SSPT-S182Lx-eng-rev2.pdf\">IFU SSPT S182Lx eng rev2<\/a><\/p>\n<p><a href=\"https:\/\/www.zafena.se\/wp-content\/uploads\/2017\/06\/USB-amp-batteri-p\u00e5-Simple-Simon.pdf\" target=\"_blank\" rel=\"noopener noreferrer\"><img loading=\"lazy\" decoding=\"async\" class=\"alignnone size-full wp-image-126\" src=\"https:\/\/www.zafena.se\/wp-content\/uploads\/2017\/06\/pdf_bild.png\" alt=\"\" width=\"18\" height=\"25\" \/><\/a> <a href=\"https:\/\/www.zafena.se\/wp-content\/uploads\/IFU-SSPT-T032Lx-eng-rev2.pdf\">IFU SSPT T032Lx eng rev2<\/a><\/p>\n<p><a href=\"https:\/\/www.zafena.se\/wp-content\/uploads\/2017\/06\/msds-ZAF-101-jul13-sv-1.pdf\" target=\"_blank\" rel=\"noopener noreferrer\"><img loading=\"lazy\" decoding=\"async\" class=\"alignnone size-full wp-image-126\" src=\"https:\/\/www.zafena.se\/wp-content\/uploads\/2017\/06\/pdf_bild.png\" alt=\"\" width=\"18\" height=\"25\" \/><\/a>\u00a0<a href=\"https:\/\/www.zafena.se\/wp-content\/uploads\/2017\/06\/msds-ZAF-101-jul13-sv-1.pdf\" target=\"_blank\" rel=\"noopener noreferrer\">S\u00e4kerhetsdatablad\u00a0N273M N223N Simple Simon\u00ae PT<\/a><\/p>\n<p><a href=\"https:\/\/www.zafena.se\/wp-content\/uploads\/2017\/06\/Bruksanvisning-SSPT-N273MX-1.pdf\" target=\"_blank\" rel=\"noopener noreferrer\"><img loading=\"lazy\" decoding=\"async\" class=\"alignnone size-full wp-image-126\" src=\"https:\/\/www.zafena.se\/wp-content\/uploads\/2017\/06\/pdf_bild.png\" alt=\"\" width=\"18\" height=\"25\" \/><\/a>\u00a0<a href=\"https:\/\/www.zafena.se\/wp-content\/uploads\/2017\/06\/Bruksanvisning-SSPT-N273MX-1.pdf\" target=\"_blank\" rel=\"noopener noreferrer\">SSPT Snabbguide procedur MX<\/a><\/p>\n<p><img loading=\"lazy\" decoding=\"async\" class=\"alignnone size-full wp-image-126\" src=\"https:\/\/www.zafena.se\/wp-content\/uploads\/2017\/06\/pdf_bild.png\" alt=\"\" width=\"18\" height=\"25\" \/>\u00a0<a href=\"https:\/\/www.zafena.se\/wp-content\/uploads\/2017\/06\/SSPT-Snabbguide-reagens.pdf\" target=\"_blank\" rel=\"noopener noreferrer\">SSPT Snabbguide reagens<\/a><\/p>\n<p><a href=\"https:\/\/www.zafena.se\/wp-content\/uploads\/2017\/06\/SSPT-Snabbguide-ZAP.pdf\" target=\"_blank\" rel=\"noopener noreferrer\"><img loading=\"lazy\" decoding=\"async\" class=\"alignnone size-full wp-image-126\" src=\"https:\/\/www.zafena.se\/wp-content\/uploads\/2017\/06\/pdf_bild.png\" alt=\"\" width=\"18\" height=\"25\" \/><\/a>\u00a0<a href=\"https:\/\/www.zafena.se\/wp-content\/uploads\/2017\/06\/SSPT-Snabbguide-ZAP.pdf\" target=\"_blank\" rel=\"noopener noreferrer\">SSPT Snabbguide ZAP<\/a><\/p>\n<h3><strong>Oberoende utv\u00e4rderingar<\/strong><\/h3>\n<p><a href=\"https:\/\/www.zafena.se\/wp-content\/uploads\/2017\/06\/skup.pdf\" target=\"_blank\" rel=\"noopener noreferrer\"><img loading=\"lazy\" decoding=\"async\" class=\"alignnone size-full wp-image-126\" src=\"https:\/\/www.zafena.se\/wp-content\/uploads\/2017\/06\/pdf_bild.png\" alt=\"\" width=\"18\" height=\"25\" \/><\/a>\u00a0<a href=\"https:\/\/www.zafena.se\/wp-content\/uploads\/2017\/06\/skup.pdf\" target=\"_blank\" rel=\"noopener noreferrer\">SKUP\/2011\/84* Simple Simon PT och MixxoCap : Sammanfattning<\/a><\/p>\n<p><a href=\"https:\/\/www.zafena.se\/wp-content\/uploads\/2017\/06\/skup-fullstandig-rapport.pdf\" target=\"_blank\" rel=\"noopener noreferrer\"><img loading=\"lazy\" decoding=\"async\" class=\"alignnone size-full wp-image-126\" src=\"https:\/\/www.zafena.se\/wp-content\/uploads\/2017\/06\/pdf_bild.png\" alt=\"\" width=\"18\" height=\"25\" \/><\/a>\u00a0<a href=\"https:\/\/www.zafena.se\/wp-content\/uploads\/2017\/06\/skup-fullstandig-rapport.pdf\" target=\"_blank\" rel=\"noopener noreferrer\">SKUP\/2011\/84* Simple Simon PT och MixxoCap : Fullst\u00e4ndig rapport<\/a><\/p>\n<p><a href=\"https:\/\/www.zafena.se\/wp-content\/uploads\/2017\/06\/skup_Sammanfattning.pdf\" target=\"_blank\" rel=\"noopener noreferrer\"><img loading=\"lazy\" decoding=\"async\" class=\"alignnone size-full wp-image-126\" src=\"https:\/\/www.zafena.se\/wp-content\/uploads\/2017\/06\/pdf_bild.png\" alt=\"\" width=\"18\" height=\"25\" \/><\/a>\u00a0<a href=\"https:\/\/www.zafena.se\/wp-content\/uploads\/2017\/06\/skup_Sammanfattning.pdf\" target=\"_blank\" rel=\"noopener noreferrer\">SKUP\/2007\/57* Simple Simon PT : Sammanfattning<\/a><\/p>\n<p><img loading=\"lazy\" decoding=\"async\" class=\"alignnone size-full wp-image-126\" src=\"https:\/\/www.zafena.se\/wp-content\/uploads\/2017\/06\/pdf_bild.png\" alt=\"\" width=\"18\" height=\"25\" \/>\u00a0<a href=\"https:\/\/www.zafena.se\/wp-content\/uploads\/2017\/06\/skup_Fullst\u00e4ndig-rapport.pdf\" target=\"_blank\" rel=\"noopener noreferrer\">SKUP\/2007\/57* Simple Simon PT : Fullst\u00e4ndig rapport<\/a><\/p>\n<h3><strong>Tidningsartiklar och publikationer<\/strong><\/h3>\n<p>NyTeknik, 2005<strong>: <\/strong><a href=\"https:\/\/www.nyteknik.se\/innovation\/blodets-tjocklek-kan-matas-pa-minuten-6442670\">Blodets tjocklek kan m\u00e4tas p\u00e5 minuten<\/a><\/p>\n<p><img loading=\"lazy\" decoding=\"async\" class=\"alignnone size-full wp-image-126\" src=\"https:\/\/www.zafena.se\/wp-content\/uploads\/2017\/06\/pdf_bild.png\" alt=\"\" width=\"18\" height=\"25\" \/> Vinnova 2007: <a href=\"https:\/\/www.vinnova.se\/contentassets\/d99a8a0eca9c42e4b172e6349d6faa1f\/vi-07-05.pdf#%5B%7B%22num%22%3A643%2C%22gen%22%3A0%7D%2C%7B%22name%22%3A%22FitH%22%7D%2C818%5D\">IT F\u00d6R SJUKV\u00c5RD I HEMMET \u2013 PROJEKTKATALOG IT-st\u00f6d vid sjukv\u00e5rdskontrollerad \u00f6vervakning av blodf\u00f6rtunning med PT analys i hemmilj\u00f6<\/a><\/p>\n<p><img loading=\"lazy\" decoding=\"async\" class=\"alignnone size-full wp-image-126\" src=\"https:\/\/www.zafena.se\/wp-content\/uploads\/2017\/06\/pdf_bild.png\" alt=\"\" width=\"18\" height=\"25\" \/> Clinical Chemistry clinchem.2010.146233 : <a href=\"https:\/\/pdfs.semanticscholar.org\/da2d\/4d82f9c5d7a897014cb02514fdf36f9d85b5.pdf\">Discrepancies in International Normalized Ratio Results between Instruments<\/a><\/p>\n<p><img loading=\"lazy\" decoding=\"async\" class=\"alignnone size-full wp-image-126\" src=\"https:\/\/www.zafena.se\/wp-content\/uploads\/2017\/06\/pdf_bild.png\" alt=\"\" width=\"18\" height=\"25\" \/> Klinisk Biokemi i Norden Nr 4, vol. 29, 2017 : <a href=\"http:\/\/kbn.nfkk.org\/kbn_2017_4\/kbn_2017_4\/assets\/basic-html\/page28.html\"><span class=\"font37 fontPosition\">Nya orala antikoagulantia &#8211; interferenser kan orsaka<\/span><span class=\"font37 fontPosition\"> felaktiga resultat i koagulationsutredningar<\/span><\/a> NOAC<\/p>\n<div class=\"fb-post\" data-href=\"https:\/\/www.facebook.com\/ZafenaAB\/posts\/994834793948343\" data-show-text=\"true\" data-width=\"\">\n<blockquote class=\"fb-xfbml-parse-ignore\" cite=\"https:\/\/developers.facebook.com\/ZafenaAB\/posts\/994834793948343\"><p>#ZafenaMuseum &#8211; &#8221;De f\u00f6rsta tre \u00e5ren 2003-2006&#8221; &#8211; H\u00e4r \u00e4r Zafenas samling av de f\u00f6rsta Simple Simon PT prototyperna fr\u00e5n ide till rutinm\u00e4ssig anv\u00e4ndning.<\/p>\n<p>Publicerat av <a href=\"https:\/\/www.facebook.com\/ZafenaAB\/\">Zafena<\/a>\u00a0<a href=\"https:\/\/developers.facebook.com\/ZafenaAB\/posts\/994834793948343\">Onsdag 24 augusti 2016<\/a><\/p><\/blockquote>\n<\/div>\n","protected":false},"featured_media":597,"template":"","meta":[],"product_brand":[],"product_cat":[86,16],"product_tag":[],"class_list":{"0":"post-93","1":"product","2":"type-product","3":"status-publish","4":"has-post-thumbnail","6":"product_cat-poc-workstation","7":"product_cat-simple_simon","9":"first","10":"instock","11":"shipping-taxable","12":"product-type-simple"},"_links":{"self":[{"href":"https:\/\/www.zafena.se\/sv\/wp-json\/wp\/v2\/product\/93","targetHints":{"allow":["GET"]}}],"collection":[{"href":"https:\/\/www.zafena.se\/sv\/wp-json\/wp\/v2\/product"}],"about":[{"href":"https:\/\/www.zafena.se\/sv\/wp-json\/wp\/v2\/types\/product"}],"wp:featuredmedia":[{"embeddable":true,"href":"https:\/\/www.zafena.se\/sv\/wp-json\/wp\/v2\/media\/597"}],"wp:attachment":[{"href":"https:\/\/www.zafena.se\/sv\/wp-json\/wp\/v2\/media?parent=93"}],"wp:term":[{"taxonomy":"product_brand","embeddable":true,"href":"https:\/\/www.zafena.se\/sv\/wp-json\/wp\/v2\/product_brand?post=93"},{"taxonomy":"product_cat","embeddable":true,"href":"https:\/\/www.zafena.se\/sv\/wp-json\/wp\/v2\/product_cat?post=93"},{"taxonomy":"product_tag","embeddable":true,"href":"https:\/\/www.zafena.se\/sv\/wp-json\/wp\/v2\/product_tag?post=93"}],"curies":[{"name":"wp","href":"https:\/\/api.w.org\/{rel}","templated":true}]}}