{"id":792,"date":"2020-03-27T15:01:44","date_gmt":"2020-03-27T14:01:44","guid":{"rendered":"https:\/\/www.zafena.se\/?post_type=product&#038;p=792"},"modified":"2022-02-01T09:20:25","modified_gmt":"2022-02-01T08:20:25","slug":"simple-simon-glu","status":"publish","type":"product","link":"https:\/\/www.zafena.se\/sv\/product\/simple-simon-glu\/","title":{"rendered":"[ZAF-143-11] &#8211; Multiparameter m\u00e4tare f\u00f6r Glukos, Keton, Laktat, Kolesterol, Urinsyra och Triglycerider"},"content":{"rendered":"<p>Multiparameter m\u00e4tare, ZAF-143-11 \u00e4r, med sina 6 olika analys-stickor, den perfekta plattformen f\u00f6r monitorering av vissa patientgrupper i hemmet. M\u00e4taren l\u00e4mpar sig ocks\u00e5 bra f\u00f6r l\u00e4karrummet och PNA-laboratoriet tillsammans med POC-Workstation som ger m\u00e4taren r\u00e4tt IT-st\u00f6d och uppkoppling mot EPJ.<\/p>\r\n<p><\/span><\/span><\/p>\r\n<p><img loading=\"lazy\" decoding=\"async\" class=\"alignnone  wp-image-21794\" src=\"https:\/\/www.zafena.se\/wp-content\/uploads\/Skarmbild-fran-2020-11-10-12-19-29.png\" alt=\"\" width=\"343\" height=\"301\" srcset=\"https:\/\/www.zafena.se\/wp-content\/uploads\/Skarmbild-fran-2020-11-10-12-19-29.png 733w, https:\/\/www.zafena.se\/wp-content\/uploads\/Skarmbild-fran-2020-11-10-12-19-29-300x263.png 300w, https:\/\/www.zafena.se\/wp-content\/uploads\/Skarmbild-fran-2020-11-10-12-19-29-600x526.png 600w\" sizes=\"auto, (max-width: 343px) 100vw, 343px\" \/><\/p>\r\n<p><img loading=\"lazy\" decoding=\"async\" class=\"alignnone  wp-image-21743\" src=\"https:\/\/www.zafena.se\/wp-content\/uploads\/Skarmbild-fran-2020-11-10-12-20-09.png\" alt=\"XPER GLucose strip\" width=\"344\" height=\"181\" srcset=\"https:\/\/www.zafena.se\/wp-content\/uploads\/Skarmbild-fran-2020-11-10-12-20-09.png 1063w, https:\/\/www.zafena.se\/wp-content\/uploads\/Skarmbild-fran-2020-11-10-12-20-09-300x158.png 300w, https:\/\/www.zafena.se\/wp-content\/uploads\/Skarmbild-fran-2020-11-10-12-20-09-1024x539.png 1024w, https:\/\/www.zafena.se\/wp-content\/uploads\/Skarmbild-fran-2020-11-10-12-20-09-768x405.png 768w, https:\/\/www.zafena.se\/wp-content\/uploads\/Skarmbild-fran-2020-11-10-12-20-09-600x316.png 600w\" sizes=\"auto, (max-width: 344px) 100vw, 344px\" \/><\/p>\r\n<p><img loading=\"lazy\" decoding=\"async\" class=\"alignnone  wp-image-21764\" src=\"https:\/\/www.zafena.se\/wp-content\/uploads\/Skarmbild-fran-2020-11-10-12-19-50.png\" alt=\"\" width=\"344\" height=\"212\" srcset=\"https:\/\/www.zafena.se\/wp-content\/uploads\/Skarmbild-fran-2020-11-10-12-19-50.png 816w, https:\/\/www.zafena.se\/wp-content\/uploads\/Skarmbild-fran-2020-11-10-12-19-50-300x185.png 300w, https:\/\/www.zafena.se\/wp-content\/uploads\/Skarmbild-fran-2020-11-10-12-19-50-768x474.png 768w, https:\/\/www.zafena.se\/wp-content\/uploads\/Skarmbild-fran-2020-11-10-12-19-50-600x371.png 600w\" sizes=\"auto, (max-width: 344px) 100vw, 344px\" \/><\/p>","protected":false},"excerpt":{"rendered":"<p><strong>[ZAF-143-11] Glukos- och Keton-m\u00e4tare<br \/><\/strong><\/p>\n<p>Liten och smidig m\u00e4tare f\u00f6r <a href=\"https:\/\/www.zafena.se\/egenmonitorering\/\">egen-monitorering<\/a>, som \u00e4ven passar i l\u00e4karrummet och <a href=\"https:\/\/www.zafena.se\/poc-laboratoriet\/\">PNA-laboratoriet<\/a> tillsammans med <a href=\"https:\/\/www.zafena.se\/product\/zafena-552-poc-workstation\/\">POC-Workstation<\/a> f\u00f6r IT-support och uppkoppling till EPJ, Elektronisk Patient Journal.<\/p>\n<\/p>\n<p><strong>*<\/strong> Liten provtagningsvolym<br \/><strong>*<\/strong> Snabb och enkel att anv\u00e4nda<br \/><strong>*<\/strong> L\u00e5ng h\u00e5llbarhet p\u00e5 stickorna<br \/><strong>*<\/strong> Uppkoppling via <a href=\"https:\/\/www.zafena.se\/product\/zafena-552-poc-workstation\/\">POC-Workstation<\/a><br \/><strong>*<\/strong> Belyst anslutning f\u00f6r testremsa.<br \/><strong>*<\/strong> Knapp f\u00f6r att avl\u00e4gsna anv\u00e4nd testremsa.<br \/><strong>*<\/strong> Automatisk identifikation av testremsa.<br \/><strong>*<\/strong> Alarm<br \/><strong>*<\/strong> Keton varning<br \/><strong>*<\/strong> Genomsnitt per 7, 14, 21, 28, 60 eller 90 dagar.<\/span><\/span><\/p>\n<p>&nbsp;<\/p>\n[video width=\"1280\" height=\"720\" mp4=\"https:\/\/www.zafena.se\/wp-content\/uploads\/GluKet.mp4\"][\/video]\n","protected":false},"featured_media":790,"template":"","meta":[],"product_brand":[],"product_cat":[88,89,136,133,86,135,134],"product_tag":[],"class_list":{"0":"post-792","1":"product","2":"type-product","3":"status-publish","4":"has-post-thumbnail","6":"product_cat-glukos","7":"product_cat-keton","8":"product_cat-kolesterol","9":"product_cat-laktat","10":"product_cat-poc-workstation","11":"product_cat-triglycerider","12":"product_cat-urinsyra","14":"first","15":"instock","16":"shipping-taxable","17":"product-type-simple"},"_links":{"self":[{"href":"https:\/\/www.zafena.se\/sv\/wp-json\/wp\/v2\/product\/792","targetHints":{"allow":["GET"]}}],"collection":[{"href":"https:\/\/www.zafena.se\/sv\/wp-json\/wp\/v2\/product"}],"about":[{"href":"https:\/\/www.zafena.se\/sv\/wp-json\/wp\/v2\/types\/product"}],"wp:featuredmedia":[{"embeddable":true,"href":"https:\/\/www.zafena.se\/sv\/wp-json\/wp\/v2\/media\/790"}],"wp:attachment":[{"href":"https:\/\/www.zafena.se\/sv\/wp-json\/wp\/v2\/media?parent=792"}],"wp:term":[{"taxonomy":"product_brand","embeddable":true,"href":"https:\/\/www.zafena.se\/sv\/wp-json\/wp\/v2\/product_brand?post=792"},{"taxonomy":"product_cat","embeddable":true,"href":"https:\/\/www.zafena.se\/sv\/wp-json\/wp\/v2\/product_cat?post=792"},{"taxonomy":"product_tag","embeddable":true,"href":"https:\/\/www.zafena.se\/sv\/wp-json\/wp\/v2\/product_tag?post=792"}],"curies":[{"name":"wp","href":"https:\/\/api.w.org\/{rel}","templated":true}]}}