{"id":78053,"date":"2021-08-25T16:02:41","date_gmt":"2021-08-25T14:02:41","guid":{"rendered":"https:\/\/www.zafena.se\/?post_type=product&#038;p=78053"},"modified":"2023-01-11T15:10:27","modified_gmt":"2023-01-11T14:10:27","slug":"flowflex-sars-cov-2-antigen-rapid-test-sjalvtest","status":"publish","type":"product","link":"https:\/\/www.zafena.se\/sv\/product\/flowflex-sars-cov-2-antigen-rapid-test-sjalvtest\/","title":{"rendered":"Flowflex \u2122 SARS-CoV-2 Antigen Rapid Test (Sj\u00e4lvtest)"},"content":{"rendered":"<p>&nbsp;<\/p>\n<p><\/p>\n<p> <span class=\"VIiyi\" lang=\"sv\"><span class=\"JLqJ4b ChMk0b\" data-language-for-alternatives=\"sv\" data-language-to-translate-into=\"en\" data-phrase-index=\"0\">SARS-CoV-2 Antigen Rapid Test \u00e4r ett lateralt fl\u00f6destest f\u00f6r kvalitativ detektion av nukleokapsidantigenet fr\u00e5n SARS-CoV-2 i fr\u00e4mre n\u00e4spinnprover direkt fr\u00e5n individer som misst\u00e4nks f\u00f6r COVID-19 inom de f\u00f6rsta sju dagarna efter starten av<\/span> <span class=\"JLqJ4b ChMk0b\" data-language-for-alternatives=\"sv\" data-language-to-translate-into=\"en\" data-phrase-index=\"1\">symptom.<\/span> <span class=\"JLqJ4b ChMk0b\" data-language-for-alternatives=\"sv\" data-language-to-translate-into=\"en\" data-phrase-index=\"2\">Testet kan ocks\u00e5 testa prover fr\u00e5n individer utan symptom.<\/span><\/span><\/p>\n<ul>\n<li><span class=\"VIiyi\" lang=\"sv\"><span class=\"JLqJ4b ChMk0b\" data-language-for-alternatives=\"sv\" data-language-to-translate-into=\"en\" data-phrase-index=\"0\">Resultat p\u00e5 15 minuter<\/span> <\/span><\/li>\n<li><span class=\"VIiyi\" lang=\"sv\"><span class=\"JLqJ4b ChMk0b\" data-language-for-alternatives=\"sv\" data-language-to-translate-into=\"en\" data-phrase-index=\"2\">Provtagning fr\u00e5n n\u00e4sborre<\/span><\/span><\/li>\n<li><span class=\"VIiyi\" lang=\"sv\"><span class=\"JLqJ4b ChMk0b\" data-language-for-alternatives=\"sv\" data-language-to-translate-into=\"en\" data-phrase-index=\"4\">F\u00f6rvaring vid rumstemperatur<\/span> <\/span><\/li>\n<li><span class=\"VIiyi\" lang=\"sv\"><span class=\"JLqJ4b ChMk0b\" data-language-for-alternatives=\"sv\" data-language-to-translate-into=\"en\" data-phrase-index=\"6\">Utm\u00e4rkt prestanda j\u00e4mf\u00f6rt med molekyl\u00e4ra metoder<\/span> <\/span><\/li>\n<li><span class=\"VIiyi\" lang=\"sv\"><span class=\"JLqJ4b ChMk0b\" data-language-for-alternatives=\"sv\" data-language-to-translate-into=\"en\" data-phrase-index=\"8\">24 m\u00e5nader vid 2-30 \u00b0 C<\/span><\/span><\/li>\n<\/ul>\n<p><strong><span class=\"VIiyi\" lang=\"sv\"><span class=\"JLqJ4b ChMk0b\" data-language-for-alternatives=\"sv\" data-language-to-translate-into=\"en\" data-phrase-index=\"0\">Prestanda<\/span> <\/span><\/strong><\/p>\n<ul>\n<li><span class=\"VIiyi\" lang=\"sv\"><span class=\"JLqJ4b ChMk0b\" data-language-for-alternatives=\"sv\" data-language-to-translate-into=\"en\" data-phrase-index=\"2\">Relativ k\u00e4nslighet: 97,1% (95% KI: 93,1% -98,9%)*<\/span> <\/span><\/li>\n<li><span class=\"VIiyi\" lang=\"sv\"><span class=\"JLqJ4b ChMk0b\" data-language-for-alternatives=\"sv\" data-language-to-translate-into=\"en\" data-phrase-index=\"4\">Relativ specificitet: 99,5% (95% KI: 98,2% -99,9%)*<\/span> <\/span><\/li>\n<li><span class=\"VIiyi\" lang=\"sv\"><span class=\"JLqJ4b ChMk0b\" data-language-for-alternatives=\"sv\" data-language-to-translate-into=\"en\" data-phrase-index=\"6\">Noggrannhet: 98,8% (95% KI: 97,6% -99,5%)*<\/span> <\/span><\/li>\n<\/ul>\n<p><span class=\"VIiyi\" lang=\"sv\"><span class=\"JLqJ4b ChMk0b\" data-language-for-alternatives=\"sv\" data-language-to-translate-into=\"en\" data-phrase-index=\"8\">*95% konfidensintervaller<\/span><\/span> <\/p>\n<p><img loading=\"lazy\" decoding=\"async\" class=\"alignnone wp-image-216620\" src=\"https:\/\/www.zafena.se\/wp-content\/uploads\/Flowflex-innehall.png\" alt=\"\" width=\"401\" height=\"174\" srcset=\"https:\/\/www.zafena.se\/wp-content\/uploads\/Flowflex-innehall.png 2846w, https:\/\/www.zafena.se\/wp-content\/uploads\/Flowflex-innehall-300x130.png 300w, https:\/\/www.zafena.se\/wp-content\/uploads\/Flowflex-innehall-1024x444.png 1024w, https:\/\/www.zafena.se\/wp-content\/uploads\/Flowflex-innehall-768x333.png 768w, https:\/\/www.zafena.se\/wp-content\/uploads\/Flowflex-innehall-1536x666.png 1536w, https:\/\/www.zafena.se\/wp-content\/uploads\/Flowflex-innehall-2048x888.png 2048w, https:\/\/www.zafena.se\/wp-content\/uploads\/Flowflex-innehall-600x260.png 600w\" sizes=\"auto, (max-width: 401px) 100vw, 401px\" \/><img loading=\"lazy\" decoding=\"async\" class=\"alignnone wp-image-216751\" src=\"https:\/\/www.zafena.se\/wp-content\/uploads\/Flowflex-25p-5p-1p-box.png\" alt=\"\" width=\"451\" height=\"249\" srcset=\"https:\/\/www.zafena.se\/wp-content\/uploads\/Flowflex-25p-5p-1p-box.png 3109w, https:\/\/www.zafena.se\/wp-content\/uploads\/Flowflex-25p-5p-1p-box-300x166.png 300w, https:\/\/www.zafena.se\/wp-content\/uploads\/Flowflex-25p-5p-1p-box-1024x566.png 1024w, https:\/\/www.zafena.se\/wp-content\/uploads\/Flowflex-25p-5p-1p-box-768x424.png 768w, https:\/\/www.zafena.se\/wp-content\/uploads\/Flowflex-25p-5p-1p-box-1536x849.png 1536w, https:\/\/www.zafena.se\/wp-content\/uploads\/Flowflex-25p-5p-1p-box-2048x1132.png 2048w, https:\/\/www.zafena.se\/wp-content\/uploads\/Flowflex-25p-5p-1p-box-600x332.png 600w\" sizes=\"auto, (max-width: 451px) 100vw, 451px\" \/><\/p>\n<div id=\"attachment_216527\" style=\"width: 361px\" class=\"wp-caption alignnone\"><img loading=\"lazy\" decoding=\"async\" aria-describedby=\"caption-attachment-216527\" class=\" wp-image-216527\" src=\"https:\/\/www.zafena.se\/wp-content\/uploads\/Flowflex-25p.png\" alt=\"\" width=\"351\" height=\"229\" srcset=\"https:\/\/www.zafena.se\/wp-content\/uploads\/Flowflex-25p.png 2394w, https:\/\/www.zafena.se\/wp-content\/uploads\/Flowflex-25p-300x195.png 300w, https:\/\/www.zafena.se\/wp-content\/uploads\/Flowflex-25p-1024x666.png 1024w, https:\/\/www.zafena.se\/wp-content\/uploads\/Flowflex-25p-768x500.png 768w, https:\/\/www.zafena.se\/wp-content\/uploads\/Flowflex-25p-1536x1000.png 1536w, https:\/\/www.zafena.se\/wp-content\/uploads\/Flowflex-25p-2048x1333.png 2048w, https:\/\/www.zafena.se\/wp-content\/uploads\/Flowflex-25p-320x210.png 320w, https:\/\/www.zafena.se\/wp-content\/uploads\/Flowflex-25p-460x300.png 460w, https:\/\/www.zafena.se\/wp-content\/uploads\/Flowflex-25p-600x390.png 600w\" sizes=\"auto, (max-width: 351px) 100vw, 351px\" \/><p id=\"caption-attachment-216527\" class=\"wp-caption-text\">Flowflex 25 test<\/p><\/div>\n<p><img loading=\"lazy\" decoding=\"async\" class=\"alignnone wp-image-217224\" src=\"https:\/\/www.zafena.se\/wp-content\/uploads\/Flowflex-25p-5p-1p-box-top.png\" alt=\"\" width=\"401\" height=\"233\" srcset=\"https:\/\/www.zafena.se\/wp-content\/uploads\/Flowflex-25p-5p-1p-box-top.png 2657w, https:\/\/www.zafena.se\/wp-content\/uploads\/Flowflex-25p-5p-1p-box-top-300x174.png 300w, https:\/\/www.zafena.se\/wp-content\/uploads\/Flowflex-25p-5p-1p-box-top-1024x595.png 1024w, https:\/\/www.zafena.se\/wp-content\/uploads\/Flowflex-25p-5p-1p-box-top-768x446.png 768w, https:\/\/www.zafena.se\/wp-content\/uploads\/Flowflex-25p-5p-1p-box-top-1536x893.png 1536w, https:\/\/www.zafena.se\/wp-content\/uploads\/Flowflex-25p-5p-1p-box-top-2048x1190.png 2048w, https:\/\/www.zafena.se\/wp-content\/uploads\/Flowflex-25p-5p-1p-box-top-600x349.png 600w\" sizes=\"auto, (max-width: 401px) 100vw, 401px\" \/><\/p>\n<p>&nbsp;<\/p>\n<p>&nbsp;<\/p>","protected":false},"excerpt":{"rendered":"<p>Produktnummer<\/p>\n<p>L031-11815 &#8211; Flowflex SARS-CoV-2 Antigen &#8211; 25 test<\/p>\n<p>L031-118A5 &#8211; Flowflex SARS-CoV-2 Antigen &#8211; 5 test<\/p>\n<p>L031-118M5 &#8211; Flowflex SARS-CoV-2 Antigen &#8211; 1 test<\/p>\n<ul>\n<li>Finns i f\u00f6rpackningar om 1, 5 och 25 test.<\/li>\n<li>F\u00f6rfyllda bufferr\u00f6r.<\/li>\n<li>Provtagning fr\u00e5n munh\u00e5la samt n\u00e4rborre, i fr\u00e4mre delen av n\u00e4san.<\/li>\n<li>IFU p\u00e5 lokala nordiska spr\u00e5k.<\/li>\n<li>Mycket h\u00f6g prestanda.<\/li>\n<li>Resultat inom 15 minuter.<\/li>\n<li>F\u00f6rvaras i rumstemperatur<\/li>\n<li>H\u00e5llbar 24 m\u00e5nader fr\u00e5n tillverkning.<\/li>\n<\/ul>\n<p><img loading=\"lazy\" decoding=\"async\" class=\"alignnone wp-image-174269\" src=\"https:\/\/www.zafena.se\/wp-content\/uploads\/CE-0123-for-selftest.png\" alt=\"CE 0123 for selftesting\" width=\"86\" height=\"39\" srcset=\"https:\/\/www.zafena.se\/wp-content\/uploads\/CE-0123-for-selftest.png 334w, https:\/\/www.zafena.se\/wp-content\/uploads\/CE-0123-for-selftest-300x136.png 300w\" sizes=\"auto, (max-width: 86px) 100vw, 86px\" \/><\/p>\n<p><a href=\"https:\/\/www.zafena.se\/wp-content\/uploads\/1351370501-Flowflex-CE0123-Self-Testing-Sell-Sheet-Bio-SE.pdf\">Informationsblad FlowFlex SARS-CoV-2<\/a><\/p>\n<p>Publikationer:<\/p>\n<p><a href=\"https:\/\/www.zafena.se\/wp-content\/uploads\/lancet-paper-20211206.pdf\">lancet paper 20211206<\/a><\/p>\n<h4>Bruksanvisningar:<\/h4>\n<p>F\u00f6rpackning med 1 test:<\/p>\n<p>Instruktioner p\u00e5 svenska: <a href=\"https:\/\/www.zafena.se\/wp-content\/uploads\/IFU-FlowFlex-sjalvtest-1-se-13.09.2021.pdf\">IFU-FlowFlex sj\u00e4lvtest 1 se 13.09.2021<\/a><\/p>\n<p>F\u00f6rpackning med 5 test och 25 test:<\/p>\n<p>Instruktioner p\u00e5 svenska: <a href=\"https:\/\/www.zafena.se\/wp-content\/uploads\/SE-IFU-Flowflex-1151295902.pdf\">SE IFU Flowflex 1151295902<\/a><\/p>\n","protected":false},"featured_media":78864,"template":"","meta":[],"product_brand":[],"product_cat":[96,94,17,95,116,115],"product_tag":[],"class_list":{"0":"post-78053","1":"product","2":"type-product","3":"status-publish","4":"has-post-thumbnail","6":"product_cat-corona","7":"product_cat-covid-19","8":"product_cat-produkter","9":"product_cat-sars-cov2","10":"product_cat-selftest","11":"product_cat-sjalvtest","13":"first","14":"instock","15":"shipping-taxable","16":"product-type-simple"},"_links":{"self":[{"href":"https:\/\/www.zafena.se\/sv\/wp-json\/wp\/v2\/product\/78053","targetHints":{"allow":["GET"]}}],"collection":[{"href":"https:\/\/www.zafena.se\/sv\/wp-json\/wp\/v2\/product"}],"about":[{"href":"https:\/\/www.zafena.se\/sv\/wp-json\/wp\/v2\/types\/product"}],"wp:featuredmedia":[{"embeddable":true,"href":"https:\/\/www.zafena.se\/sv\/wp-json\/wp\/v2\/media\/78864"}],"wp:attachment":[{"href":"https:\/\/www.zafena.se\/sv\/wp-json\/wp\/v2\/media?parent=78053"}],"wp:term":[{"taxonomy":"product_brand","embeddable":true,"href":"https:\/\/www.zafena.se\/sv\/wp-json\/wp\/v2\/product_brand?post=78053"},{"taxonomy":"product_cat","embeddable":true,"href":"https:\/\/www.zafena.se\/sv\/wp-json\/wp\/v2\/product_cat?post=78053"},{"taxonomy":"product_tag","embeddable":true,"href":"https:\/\/www.zafena.se\/sv\/wp-json\/wp\/v2\/product_tag?post=78053"}],"curies":[{"name":"wp","href":"https:\/\/api.w.org\/{rel}","templated":true}]}}