{"id":74715,"date":"2021-08-25T15:15:34","date_gmt":"2021-08-25T13:15:34","guid":{"rendered":"https:\/\/www.zafena.se\/?post_type=product&#038;p=74715"},"modified":"2021-08-25T15:35:36","modified_gmt":"2021-08-25T13:35:36","slug":"qlabs-electrometer-pro","status":"publish","type":"product","link":"https:\/\/www.zafena.se\/sv\/product\/qlabs-electrometer-pro\/","title":{"rendered":"qLabs ElectroMeter Pro"},"content":{"rendered":"<p><img loading=\"lazy\" decoding=\"async\" class=\"alignnone size-medium wp-image-76606\" src=\"https:\/\/www.zafena.se\/wp-content\/uploads\/qlabs-ElectroMeter-Plus-1-300x205.jpg\" alt=\"\" width=\"300\" height=\"205\" srcset=\"https:\/\/www.zafena.se\/wp-content\/uploads\/qlabs-ElectroMeter-Plus-1-300x205.jpg 300w, https:\/\/www.zafena.se\/wp-content\/uploads\/qlabs-ElectroMeter-Plus-1-600x410.jpg 600w, https:\/\/www.zafena.se\/wp-content\/uploads\/qlabs-ElectroMeter-Plus-1.jpg 668w\" sizes=\"auto, (max-width: 300px) 100vw, 300px\" \/><\/p>\n<p><br \/>\n<\/span><\/li>\n<\/ul>\n<p><\/p>\n<p><span class=\"VIiyi\" lang=\"sv\"><span class=\"JLqJ4b ChMk0b\" data-language-for-alternatives=\"sv\" data-language-to-translate-into=\"en\" data-phrase-index=\"0\">Den handh\u00e5llna qLabs ElectroMeter Pro med eng\u00e5ngsremsor \u00e4r ett sofistikerat snabbtestningssystem f\u00f6r \u00f6vervakning av blodkoagulation.<\/span> <span class=\"JLqJ4b ChMk0b\" data-language-for-alternatives=\"sv\" data-language-to-translate-into=\"en\" data-phrase-index=\"1\">Den avancerade biosensorteknologin p\u00e5 qLabs-plattformen m\u00f6jligg\u00f6r snabb analys n\u00e4ra patienten, s\u00e5 att v\u00e5rdpersonal och patienter sj\u00e4lva kan f\u00e5 tillg\u00e5ng till realtidsresultat inom n\u00e5gra minuter.<\/span> <\/span><\/p>\n<p><span class=\"VIiyi\" lang=\"sv\"><span class=\"JLqJ4b ChMk0b\" data-language-for-alternatives=\"sv\" data-language-to-translate-into=\"en\" data-phrase-index=\"3\">B\u00e4rbar, kompakt och l\u00e4tt att anv\u00e4nda, qLabs -plattformen har:<\/span> <\/span><\/p>\n<ul>\n<li><span class=\"VIiyi\" lang=\"sv\"><span class=\"JLqJ4b ChMk0b\" data-language-for-alternatives=\"sv\" data-language-to-translate-into=\"en\" data-phrase-index=\"5\">Eng\u00e5ngsband och kostnadseffektiva eng\u00e5ngslister<\/span> <\/span><\/li>\n<li><span class=\"VIiyi\" lang=\"sv\"><span class=\"JLqJ4b ChMk0b\" data-language-for-alternatives=\"sv\" data-language-to-translate-into=\"en\" data-phrase-index=\"7\">L\u00e4tt och kompakt handh\u00e5llen m\u00e4tare<\/span> <\/span><\/li>\n<li><span class=\"VIiyi\" lang=\"sv\"><span class=\"JLqJ4b ChMk0b\" data-language-for-alternatives=\"sv\" data-language-to-translate-into=\"en\" data-phrase-index=\"9\">Inbyggd streckkodsskanner f\u00f6r enkel datainmatning<\/span> <\/span><\/li>\n<li><span class=\"VIiyi\" lang=\"sv\"><span class=\"JLqJ4b ChMk0b\" data-language-for-alternatives=\"sv\" data-language-to-translate-into=\"en\" data-phrase-index=\"11\">Fingerstickblod: mindre \u00e4n 10 \u00b5l<\/span> <\/span><\/li>\n<li><span class=\"VIiyi\" lang=\"sv\"><span class=\"JLqJ4b ChMk0b\" data-language-for-alternatives=\"sv\" data-language-to-translate-into=\"en\" data-phrase-index=\"13\">Analys tid: 2-7 minuter<\/span> <\/span><\/li>\n<li><span class=\"VIiyi\" lang=\"sv\"><span class=\"JLqJ4b ChMk0b\" data-language-for-alternatives=\"sv\" data-language-to-translate-into=\"en\" data-phrase-index=\"15\">Anslutning via POC-Workstation<\/span> <\/span><\/li>\n<li><span class=\"VIiyi\" lang=\"sv\"><span class=\"JLqJ4b ChMk0b\" data-language-for-alternatives=\"sv\" data-language-to-translate-into=\"en\" data-phrase-index=\"17\">Peksk\u00e4rm i full f\u00e4rg<\/span> <\/span><\/li>\n<li><span class=\"VIiyi\" lang=\"sv\"><span class=\"JLqJ4b ChMk0b\" data-language-for-alternatives=\"sv\" data-language-to-translate-into=\"en\" data-phrase-index=\"19\">Uppladdningsbara batterier <\/span><\/span><\/li>\n<\/ul>","protected":false},"excerpt":{"rendered":"<p><a href=\"https:\/\/www.zafena.se\/wp-content\/uploads\/qLab-electrometer-pro-produktblad-EN.pdf\">qLab electrometer pro produktblad EN<\/a><\/p>\n<p><a href=\"https:\/\/www.zafena.se\/wp-content\/uploads\/PT-INR-datablad-EN.pdf\">PT-INR datablad EN<\/a><\/p>\n<p><a href=\"https:\/\/www.zafena.se\/wp-content\/uploads\/APTT-datablad-EN.pdf\">APTT datablad EN<\/a><\/p>\n<p><a href=\"https:\/\/www.zafena.se\/wp-content\/uploads\/CoagPanel-2-datablad-EN.pdf\">CoagPanel 2 datablad EN<\/a><\/p>\n","protected":false},"featured_media":77157,"template":"","meta":[],"product_brand":[],"product_cat":[114,17,113],"product_tag":[],"class_list":{"0":"post-74715","1":"product","2":"type-product","3":"status-publish","4":"has-post-thumbnail","6":"product_cat-aptt","7":"product_cat-produkter","8":"product_cat-pt-inr","10":"first","11":"instock","12":"shipping-taxable","13":"product-type-simple"},"_links":{"self":[{"href":"https:\/\/www.zafena.se\/sv\/wp-json\/wp\/v2\/product\/74715","targetHints":{"allow":["GET"]}}],"collection":[{"href":"https:\/\/www.zafena.se\/sv\/wp-json\/wp\/v2\/product"}],"about":[{"href":"https:\/\/www.zafena.se\/sv\/wp-json\/wp\/v2\/types\/product"}],"wp:featuredmedia":[{"embeddable":true,"href":"https:\/\/www.zafena.se\/sv\/wp-json\/wp\/v2\/media\/77157"}],"wp:attachment":[{"href":"https:\/\/www.zafena.se\/sv\/wp-json\/wp\/v2\/media?parent=74715"}],"wp:term":[{"taxonomy":"product_brand","embeddable":true,"href":"https:\/\/www.zafena.se\/sv\/wp-json\/wp\/v2\/product_brand?post=74715"},{"taxonomy":"product_cat","embeddable":true,"href":"https:\/\/www.zafena.se\/sv\/wp-json\/wp\/v2\/product_cat?post=74715"},{"taxonomy":"product_tag","embeddable":true,"href":"https:\/\/www.zafena.se\/sv\/wp-json\/wp\/v2\/product_tag?post=74715"}],"curies":[{"name":"wp","href":"https:\/\/api.w.org\/{rel}","templated":true}]}}