{"id":739,"date":"2020-02-19T12:13:31","date_gmt":"2020-02-19T11:13:31","guid":{"rendered":"https:\/\/www.zafena.se\/?post_type=product&#038;p=739"},"modified":"2020-10-29T16:11:06","modified_gmt":"2020-10-29T15:11:06","slug":"simple-simon-pox","status":"publish","type":"product","link":"https:\/\/www.zafena.se\/sv\/product\/simple-simon-pox\/","title":{"rendered":"Simple Simon\u00ae POx &#8211; tr\u00e5dl\u00f6s Puls Oximeter"},"content":{"rendered":"<p>Simple Simon\u00ae POx \u00e4r en Puls Oximeter fr\u00e5n Taidoc [TD-8255].<\/p>\n<p>Enheten ansluts enkelt via BLE (L\u00e5g energi bl\u00e5tand) genom att skanna enhetens unika streckkod via n\u00e5gon valfri Plus-Sk\u00e4rm.<br \/>\nEnheten presenterar numeriskt resultat f\u00f6r blodets syrem\u00e4ttnad, samt puls.<br \/>\nAnsluten till Zafenas arbetsstation &#8221;<a href=\"https:\/\/www.zafena.se\/product\/zafena-552-poc-workstation\/\">POC-Workstation<\/a>&#8221;, presenteras numeriskt resultat f\u00f6r blodets syrem\u00e4ttnad, puls, samt reaktionskurvan fr\u00e5n enheten.<br \/>\nAlla enheter som \u00e4r anslutna till Zafenas arbetsstation kan elektroniskt skicka in sina resultat till laboratorie-systemet och\/eller patient journal-systemet.<\/p>\n","protected":false},"excerpt":{"rendered":"<p>TD-8255 \u00e4r en tr\u00e5dl\u00f6s Puls Oximeter, som med f\u00f6rdel ansluts till <a href=\"https:\/\/www.zafena.se\/product\/zafena-552-poc-workstation\/\">Zafenas arbetsstation, ZAF-552<\/a> f\u00f6r att digitalisera analysresultaten.<\/p>\n[video width=\"1280\" height=\"720\" mp4=\"https:\/\/www.zafena.se\/wp-content\/uploads\/PulsOximeter2.mp4\"][\/video]\n","protected":false},"featured_media":740,"template":"","meta":[],"product_brand":[],"product_cat":[86],"product_tag":[],"class_list":{"0":"post-739","1":"product","2":"type-product","3":"status-publish","4":"has-post-thumbnail","6":"product_cat-poc-workstation","8":"first","9":"instock","10":"shipping-taxable","11":"product-type-simple"},"_links":{"self":[{"href":"https:\/\/www.zafena.se\/sv\/wp-json\/wp\/v2\/product\/739","targetHints":{"allow":["GET"]}}],"collection":[{"href":"https:\/\/www.zafena.se\/sv\/wp-json\/wp\/v2\/product"}],"about":[{"href":"https:\/\/www.zafena.se\/sv\/wp-json\/wp\/v2\/types\/product"}],"wp:featuredmedia":[{"embeddable":true,"href":"https:\/\/www.zafena.se\/sv\/wp-json\/wp\/v2\/media\/740"}],"wp:attachment":[{"href":"https:\/\/www.zafena.se\/sv\/wp-json\/wp\/v2\/media?parent=739"}],"wp:term":[{"taxonomy":"product_brand","embeddable":true,"href":"https:\/\/www.zafena.se\/sv\/wp-json\/wp\/v2\/product_brand?post=739"},{"taxonomy":"product_cat","embeddable":true,"href":"https:\/\/www.zafena.se\/sv\/wp-json\/wp\/v2\/product_cat?post=739"},{"taxonomy":"product_tag","embeddable":true,"href":"https:\/\/www.zafena.se\/sv\/wp-json\/wp\/v2\/product_tag?post=739"}],"curies":[{"name":"wp","href":"https:\/\/api.w.org\/{rel}","templated":true}]}}