{"id":731,"date":"2019-04-18T14:42:09","date_gmt":"2019-04-18T12:42:09","guid":{"rendered":"https:\/\/www.zafena.se\/?post_type=product&#038;p=731"},"modified":"2021-10-22T13:46:45","modified_gmt":"2021-10-22T11:46:45","slug":"simple-simon-bp","status":"publish","type":"product","link":"https:\/\/www.zafena.se\/sv\/product\/simple-simon-bp\/","title":{"rendered":"Simple Simon\u00ae BP &#8211; tr\u00e5dl\u00f6s blodtrycksm\u00e4tare"},"content":{"rendered":"<p>Simple Simon BP\u00ae \u00e4r en tillf\u00f6rlitlig, icke invasiv, automatisk blodtrycksm\u00e4tare fr\u00e5n Taidoc [TD-3128].<\/p>\n<p>Enheten presenterar numeriskt resultat f\u00f6r Systoliskt tryck, Diastoliskt tryck, samt Puls.<br \/>\nDen har \u00e4ven larmfunktion f\u00f6r IHR (Irregular Heart Rate), samt detektion f\u00f6r om patienten r\u00f6r sig f\u00f6r mycket under provtagning.<br \/>\nAlla enheter som \u00e4r anslutna till Zafenas arbetsstation digitaliseras och kan skicka in sina resultat till befintligt laboratorie-systemet och\/eller patient journal-systemet.<\/p>\n","protected":false},"excerpt":{"rendered":"<p>Simple Simon\u00ae BP [TD-3128] digitaliseras med f\u00f6rdel genom anslutning till Zafenas arbetsstation <a href=\"https:\/\/www.zafena.se\/product\/zafena-552-poc-workstation\/\">POC-Workstation<\/a><\/p>\n[video width=\"1280\" height=\"720\" mp4=\"https:\/\/www.zafena.se\/wp-content\/uploads\/blodtryck.mp4\"][\/video]\n<div id=\"sconnect-is-installed\"><\/div>\n","protected":false},"featured_media":734,"template":"","meta":[],"product_brand":[],"product_cat":[86,84],"product_tag":[],"class_list":{"0":"post-731","1":"product","2":"type-product","3":"status-publish","4":"has-post-thumbnail","6":"product_cat-poc-workstation","7":"product_cat-simple-simon-bp","9":"first","10":"instock","11":"shipping-taxable","12":"product-type-simple"},"_links":{"self":[{"href":"https:\/\/www.zafena.se\/sv\/wp-json\/wp\/v2\/product\/731","targetHints":{"allow":["GET"]}}],"collection":[{"href":"https:\/\/www.zafena.se\/sv\/wp-json\/wp\/v2\/product"}],"about":[{"href":"https:\/\/www.zafena.se\/sv\/wp-json\/wp\/v2\/types\/product"}],"wp:featuredmedia":[{"embeddable":true,"href":"https:\/\/www.zafena.se\/sv\/wp-json\/wp\/v2\/media\/734"}],"wp:attachment":[{"href":"https:\/\/www.zafena.se\/sv\/wp-json\/wp\/v2\/media?parent=731"}],"wp:term":[{"taxonomy":"product_brand","embeddable":true,"href":"https:\/\/www.zafena.se\/sv\/wp-json\/wp\/v2\/product_brand?post=731"},{"taxonomy":"product_cat","embeddable":true,"href":"https:\/\/www.zafena.se\/sv\/wp-json\/wp\/v2\/product_cat?post=731"},{"taxonomy":"product_tag","embeddable":true,"href":"https:\/\/www.zafena.se\/sv\/wp-json\/wp\/v2\/product_tag?post=731"}],"curies":[{"name":"wp","href":"https:\/\/api.w.org\/{rel}","templated":true}]}}