{"id":703,"date":"2020-08-05T08:00:52","date_gmt":"2020-08-05T06:00:52","guid":{"rendered":"https:\/\/www.zafena.se\/?post_type=product&#038;p=703"},"modified":"2024-01-12T12:34:54","modified_gmt":"2024-01-12T11:34:54","slug":"zafena-552-poc-workstation","status":"publish","type":"product","link":"https:\/\/www.zafena.se\/sv\/product\/zafena-552-poc-workstation\/","title":{"rendered":"POC-Workstation &#8211; Generell anslutningspunkt f\u00f6r all MedTech &#8211; Arbetsfl\u00f6desoptimering och automation"},"content":{"rendered":"<p>POC-Workstation [ZAF-552], &#8221;<a href=\"https:\/\/www.zafena.se\/product\/connector-zaf-550\/\">nya connectorn<\/a>&#8221; eller &#8221;Zafena POC-Workstation&#8221; som den ocks\u00e5 kallas, digitaliserar m\u00e4tresultat fr\u00e5n m\u00e4tare \/ instrument som inte n\u00e5r marknadens h\u00f6gt st\u00e4llda krav p\u00e5 IT-funktionalitet och koppling till centrala system.<\/p>\r\n<p><\/p>\r\n\r\n\r\n\r\n<p>Att t\u00e4nka modul\u00e4rt ger st\u00f6rre flexibilitet och m\u00f6jligg\u00f6r bibeh\u00e5llandet av m\u00e4tarna \/ instrumenten, som personalen redan k\u00e4nner till och har utbildning p\u00e5. Detta \u00f6ppnar f\u00f6r att beh\u00e5lla instrumenten s\u00e5 l\u00e4nge som de fungerar och m\u00e4ter riktigt, vilket b\u00e5de \u00e4r bra f\u00f6r milj\u00f6n, men ocks\u00e5 f\u00f6r ekonomin.<\/p>\r\n<p><\/p>\r\n\r\n\r\n\r\n<p>En modul\u00e4r l\u00f6sning ger ocks\u00e5 m\u00f6jlighet att upphandla enklare m\u00e4tare \/ instrument som m\u00e4ter riktigt, men inte klarar dagens eskalerande IT-krav. V\u00e4rlden \u00f6ppnar sig f\u00f6r att spara pengar genom att inte beh\u00f6va k\u00f6pa in IT-avancerade instrument, s\u00e5 l\u00e4nge m\u00e4taren ger ifr\u00e5n sig sitt resultat digitalt n\u00e4r m\u00e4tning \u00e4r slutf\u00f6rd g\u00e5r den att ansluta till Zafena POC-Workstation. Detta kan ske via RS232 (Printer port), USB, Ethernet, Wifi eller Bl\u00e5tand.<\/p>\r\n<p><\/p>\r\n\r\n\r\n\r\n<figure class=\"wp-block-image size-large\"><img loading=\"lazy\" decoding=\"async\" class=\"wp-image-763\" src=\"https:\/\/www.zafena.se\/wp-content\/uploads\/2020\/02\/Markering_615.png\" alt=\"\" width=\"689\" height=\"355\" srcset=\"https:\/\/www.zafena.se\/wp-content\/uploads\/2020\/02\/Markering_615.png 885w, https:\/\/www.zafena.se\/wp-content\/uploads\/2020\/02\/Markering_615-600x309.png 600w, https:\/\/www.zafena.se\/wp-content\/uploads\/2020\/02\/Markering_615-300x155.png 300w, https:\/\/www.zafena.se\/wp-content\/uploads\/2020\/02\/Markering_615-768x396.png 768w\" sizes=\"auto, (max-width: 689px) 100vw, 689px\" \/>\r\n<figcaption><em>Vacuette SRT\/10, Hemocue 201+ Hb och Glucose<\/em><em>Vacuette SRT\/10, Hemocue 201+ Hb and Glucose<\/em> <em>Dina behov styr optimeringen av arbetsfl\u00f6det<\/em><br \/><\/em><\/figcaption>\r\n<\/figure>\r\n\r\n<h4> Anslutningsexempel <\/h4>\r\n<p><img loading=\"lazy\" decoding=\"async\" class=\"alignnone  wp-image-348704\" src=\"https:\/\/www.zafena.se\/wp-content\/uploads\/Skarmbild-fran-2023-02-22-12-22-00.png\" alt=\"\" width=\"384\" height=\"358\" srcset=\"https:\/\/www.zafena.se\/wp-content\/uploads\/Skarmbild-fran-2023-02-22-12-22-00.png 855w, https:\/\/www.zafena.se\/wp-content\/uploads\/Skarmbild-fran-2023-02-22-12-22-00-300x280.png 300w, https:\/\/www.zafena.se\/wp-content\/uploads\/Skarmbild-fran-2023-02-22-12-22-00-768x717.png 768w, https:\/\/www.zafena.se\/wp-content\/uploads\/Skarmbild-fran-2023-02-22-12-22-00-600x560.png 600w\" sizes=\"auto, (max-width: 384px) 100vw, 384px\" \/><\/p>\r\n<p> <a href=\"https:\/\/www.zafena.se\/apoex-link-anslutning-och-exempel\/\">Apoex LINK journalsystem<\/a> <\/p>\r\n<p> <a href=\"https:\/\/www.zafena.se\/pridok-anslutning-och-exempel\/\">Pridok journalsystem<\/a> <\/p>\r\n<p> <a href=\"https:\/\/www.zafena.se\/tietoevry-lifecare-anslutning-och-exempel\/\">Tietoevry LifeCare<\/a> <\/p>\r\n<h4>POC-Workstation \u00e4r en Personal Health Gateway (PHG)<\/h4>\r\n<h4><\/h4>\r\n\r\n<p>Med Zafena POC-Workstation kr\u00e4vs endast en enda anslutning mot befintligt journalsystem eller labb-datasystem. Allt som ansluts till arbetsstationen kommer per automatik ha anslutning till det centrala mottagarsystemet. Zafena POC-Workstation kan st\u00e4llas in att kommunicera via alla standardiserade protokoll, exempelvis ASTM, Poct1A, HL7, FHIR och xml. Kommunikationen fr\u00e5n arbetsstationen till de centrala systemen rekommenderas g\u00e5 kabelanslutet via Ethernet, men kan \u00e4ven ske via Wifi eller mobiln\u00e4tet. F\u00f6rdelarna med att endast ha en typ av anslutning till alla centrala system \u00e4r inte bara kostnadsbesparingar vid investeringen, utan ocks\u00e5 besparingar i administrationen av hela instrumentparken.<\/p>\r\n<p><\/p>\r\n<p><img loading=\"lazy\" decoding=\"async\" class=\"alignnone  wp-image-217676\" src=\"https:\/\/www.zafena.se\/wp-content\/uploads\/Skarmbild-fran-2021-12-30-11-44-17.png\" alt=\"\" width=\"703\" height=\"278\" srcset=\"https:\/\/www.zafena.se\/wp-content\/uploads\/Skarmbild-fran-2021-12-30-11-44-17.png 994w, https:\/\/www.zafena.se\/wp-content\/uploads\/Skarmbild-fran-2021-12-30-11-44-17-300x119.png 300w, https:\/\/www.zafena.se\/wp-content\/uploads\/Skarmbild-fran-2021-12-30-11-44-17-768x304.png 768w, https:\/\/www.zafena.se\/wp-content\/uploads\/Skarmbild-fran-2021-12-30-11-44-17-600x237.png 600w\" sizes=\"auto, (max-width: 703px) 100vw, 703px\" \/><\/p>\r\n<p><img loading=\"lazy\" decoding=\"async\" class=\"alignnone  wp-image-243683\" src=\"https:\/\/www.zafena.se\/wp-content\/uploads\/Skarmbild-fran-2022-05-18-11-34-32.png\" alt=\"\" width=\"404\" height=\"396\" srcset=\"https:\/\/www.zafena.se\/wp-content\/uploads\/Skarmbild-fran-2022-05-18-11-34-32.png 850w, https:\/\/www.zafena.se\/wp-content\/uploads\/Skarmbild-fran-2022-05-18-11-34-32-300x294.png 300w, https:\/\/www.zafena.se\/wp-content\/uploads\/Skarmbild-fran-2022-05-18-11-34-32-768x753.png 768w, https:\/\/www.zafena.se\/wp-content\/uploads\/Skarmbild-fran-2022-05-18-11-34-32-60x60.png 60w, https:\/\/www.zafena.se\/wp-content\/uploads\/Skarmbild-fran-2022-05-18-11-34-32-600x588.png 600w\" sizes=\"auto, (max-width: 404px) 100vw, 404px\" \/><\/p>\r\n<p>&nbsp;<\/p>\r\n\r\n<h4><strong>St\u00f6djer tr\u00e5dl\u00f6sa m\u00e4tenheter, Personal Health Devices (PHD)<\/strong><\/h4>\r\n<h4><\/h4>\r\n\r\n<p>Marknaden f\u00f6r sm\u00e5, smarta instrument, m\u00e4tare och sensorer med bl\u00e5tandsanslutning v\u00e4xer. Zafena POC-Workstation (&gt;version 1.5.2) har st\u00f6d f\u00f6r, PCHAlliance Continua Personal Health Devices (PHD), bl\u00e5tand vilket breddar produktens nytta, \u00e4ven utanf\u00f6r labbet, s\u00e5 som p\u00e5 l\u00e4karkontoret, v\u00e5rdavdelningar, apotek och inom f\u00f6retagsh\u00e4lsov\u00e5rd.<\/p>\r\n<p><\/p>\r\n<p><img loading=\"lazy\" decoding=\"async\" class=\"alignnone  wp-image-219865\" src=\"https:\/\/www.zafena.se\/wp-content\/uploads\/Skarmbild-fran-2022-01-03-13-38-46.png\" alt=\"\" width=\"493\" height=\"287\" srcset=\"https:\/\/www.zafena.se\/wp-content\/uploads\/Skarmbild-fran-2022-01-03-13-38-46.png 725w, https:\/\/www.zafena.se\/wp-content\/uploads\/Skarmbild-fran-2022-01-03-13-38-46-300x175.png 300w, https:\/\/www.zafena.se\/wp-content\/uploads\/Skarmbild-fran-2022-01-03-13-38-46-600x350.png 600w\" sizes=\"auto, (max-width: 493px) 100vw, 493px\" \/><\/p>\r\n\r\n\r\n\r\n<p>Monitorering av patienter som v\u00e5rdas i hemmet \u00e4r ett omr\u00e5de d\u00e4r v\u00e5rden s\u00f6ker med ljus och lykta efter l\u00f6sningar. F\u00f6r att IT inom v\u00e5rden ska ge besparingar b\u00f6r inte en s\u00e5dan l\u00f6sning genererar parallella system till de befintliga som redan idag anv\u00e4nds av sjukv\u00e5rdspersonal och hanterar patientdata. En s\u00e5dan l\u00f6sning b\u00f6r integreras i befintliga system f\u00f6r undvika on\u00f6dig administrationskostnad som kommer med nya parallella system. Zafena-sk\u00e4rmen ansluter till befintliga system, utan att data beh\u00f6ver passera n\u00e5gra special-l\u00f6sningar. Med Zafena-sk\u00e4rmen kan det ske fr\u00e5n en patients bostad, utan att f\u00f6rlita sig p\u00e5 n\u00e5gon app i patientens mobiltelefon eller att patientens personliga hemma-n\u00e4t fungerar.<\/p>\r\n<p><\/p>\r\n\r\n\r\n\r\n<figure><img loading=\"lazy\" decoding=\"async\" class=\"wp-image-773\" src=\"https:\/\/www.zafena.se\/wp-content\/uploads\/2020\/02\/Markering_619-1024x379.png\" alt=\"\" width=\"773\" height=\"286\" srcset=\"https:\/\/www.zafena.se\/wp-content\/uploads\/2020\/02\/Markering_619-1024x379.png 1024w, https:\/\/www.zafena.se\/wp-content\/uploads\/2020\/02\/Markering_619-600x222.png 600w, https:\/\/www.zafena.se\/wp-content\/uploads\/2020\/02\/Markering_619-300x111.png 300w, https:\/\/www.zafena.se\/wp-content\/uploads\/2020\/02\/Markering_619-768x285.png 768w, https:\/\/www.zafena.se\/wp-content\/uploads\/2020\/02\/Markering_619.png 1236w\" sizes=\"auto, (max-width: 773px) 100vw, 773px\" \/>\r\n<figcaption><em>Befintliga centrala sjukhussystem kan anv\u00e4nds tillsammans med POC-Workstation f\u00f6r monitorering av patient i hemmet: POC-Workstation m\u00f6jlig\u00f6r sjukv\u00e5rdskontrollerad monitorering av patienter p\u00e5 distans direkt fr\u00e5n hemmet<\/em><\/figcaption>\r\n<img loading=\"lazy\" decoding=\"async\" class=\"wp-image-719\" src=\"https:\/\/www.zafena.se\/wp-content\/uploads\/2018\/04\/POC-Workstation-with-scanner-front-clean-for-web.png\" alt=\"\" width=\"191\" height=\"134\" data-id=\"719\" data-full-url=\"https:\/\/www.zafena.se\/wp-content\/uploads\/2018\/04\/POC-Workstation-with-scanner-front-clean-for-web.png\" data-link=\"https:\/\/www.zafena.se\/?attachment_id=719\" srcset=\"https:\/\/www.zafena.se\/wp-content\/uploads\/2018\/04\/POC-Workstation-with-scanner-front-clean-for-web.png 900w, https:\/\/www.zafena.se\/wp-content\/uploads\/2018\/04\/POC-Workstation-with-scanner-front-clean-for-web-600x421.png 600w, https:\/\/www.zafena.se\/wp-content\/uploads\/2018\/04\/POC-Workstation-with-scanner-front-clean-for-web-300x211.png 300w, https:\/\/www.zafena.se\/wp-content\/uploads\/2018\/04\/POC-Workstation-with-scanner-front-clean-for-web-768x539.png 768w\" sizes=\"auto, (max-width: 191px) 100vw, 191px\" \/><img loading=\"lazy\" decoding=\"async\" class=\"wp-image-724\" src=\"https:\/\/www.zafena.se\/wp-content\/uploads\/2018\/04\/POC-Workstation-printer-clean-for-web.png\" alt=\"\" width=\"186\" height=\"131\" data-id=\"724\" data-full-url=\"https:\/\/www.zafena.se\/wp-content\/uploads\/2018\/04\/POC-Workstation-printer-clean-for-web.png\" data-link=\"https:\/\/www.zafena.se\/?attachment_id=724\" srcset=\"https:\/\/www.zafena.se\/wp-content\/uploads\/2018\/04\/POC-Workstation-printer-clean-for-web.png 900w, https:\/\/www.zafena.se\/wp-content\/uploads\/2018\/04\/POC-Workstation-printer-clean-for-web-600x421.png 600w, https:\/\/www.zafena.se\/wp-content\/uploads\/2018\/04\/POC-Workstation-printer-clean-for-web-300x211.png 300w, https:\/\/www.zafena.se\/wp-content\/uploads\/2018\/04\/POC-Workstation-printer-clean-for-web-768x539.png 768w\" sizes=\"auto, (max-width: 186px) 100vw, 186px\" \/><img loading=\"lazy\" decoding=\"async\" class=\"wp-image-722\" src=\"https:\/\/www.zafena.se\/wp-content\/uploads\/2018\/04\/POC-Workstation-with-scanner-left-clean-for-web.png\" alt=\"\" width=\"172\" height=\"121\" data-id=\"722\" data-full-url=\"https:\/\/www.zafena.se\/wp-content\/uploads\/2018\/04\/POC-Workstation-with-scanner-left-clean-for-web.png\" data-link=\"https:\/\/www.zafena.se\/?attachment_id=722\" srcset=\"https:\/\/www.zafena.se\/wp-content\/uploads\/2018\/04\/POC-Workstation-with-scanner-left-clean-for-web.png 900w, https:\/\/www.zafena.se\/wp-content\/uploads\/2018\/04\/POC-Workstation-with-scanner-left-clean-for-web-600x421.png 600w, https:\/\/www.zafena.se\/wp-content\/uploads\/2018\/04\/POC-Workstation-with-scanner-left-clean-for-web-300x211.png 300w, https:\/\/www.zafena.se\/wp-content\/uploads\/2018\/04\/POC-Workstation-with-scanner-left-clean-for-web-768x539.png 768w\" sizes=\"auto, (max-width: 172px) 100vw, 172px\" \/><img loading=\"lazy\" decoding=\"async\" class=\"wp-image-721\" src=\"https:\/\/www.zafena.se\/wp-content\/uploads\/2018\/04\/POC-Workstation-front-clean-for-web.png\" alt=\"\" width=\"175\" height=\"123\" data-id=\"721\" data-full-url=\"https:\/\/www.zafena.se\/wp-content\/uploads\/2018\/04\/POC-Workstation-front-clean-for-web.png\" data-link=\"https:\/\/www.zafena.se\/?attachment_id=721\" srcset=\"https:\/\/www.zafena.se\/wp-content\/uploads\/2018\/04\/POC-Workstation-front-clean-for-web.png 900w, https:\/\/www.zafena.se\/wp-content\/uploads\/2018\/04\/POC-Workstation-front-clean-for-web-600x421.png 600w, https:\/\/www.zafena.se\/wp-content\/uploads\/2018\/04\/POC-Workstation-front-clean-for-web-300x211.png 300w, https:\/\/www.zafena.se\/wp-content\/uploads\/2018\/04\/POC-Workstation-front-clean-for-web-768x539.png 768w\" sizes=\"auto, (max-width: 175px) 100vw, 175px\" \/><img loading=\"lazy\" decoding=\"async\" class=\"wp-image-720\" src=\"https:\/\/www.zafena.se\/wp-content\/uploads\/2018\/04\/POC-Workstation-back-clean-for-web.png\" alt=\"\" width=\"157\" height=\"110\" data-id=\"720\" data-full-url=\"https:\/\/www.zafena.se\/wp-content\/uploads\/2018\/04\/POC-Workstation-back-clean-for-web.png\" data-link=\"https:\/\/www.zafena.se\/?attachment_id=720\" srcset=\"https:\/\/www.zafena.se\/wp-content\/uploads\/2018\/04\/POC-Workstation-back-clean-for-web.png 900w, https:\/\/www.zafena.se\/wp-content\/uploads\/2018\/04\/POC-Workstation-back-clean-for-web-600x421.png 600w, https:\/\/www.zafena.se\/wp-content\/uploads\/2018\/04\/POC-Workstation-back-clean-for-web-300x211.png 300w, https:\/\/www.zafena.se\/wp-content\/uploads\/2018\/04\/POC-Workstation-back-clean-for-web-768x539.png 768w\" sizes=\"auto, (max-width: 157px) 100vw, 157px\" \/><\/figure>\r\n\r\n\r\n\r\n<figure class=\"wp-block-gallery columns-3 is-cropped wp-block-gallery-1 is-layout-flex wp-block-gallery-is-layout-flex\"><\/figure>\r\n\r\n<h4> Dokumentation <\/h4>\r\n<p> Svensk: <a href=\"https:\/\/www.zafena.se\/wp-content\/uploads\/SE-Zafena-POC-Workstation-troubleshooting.pdf\" class=\"mtli_attachment mtli_pdf\">SE Zafena POC-Workstation troubleshooting<\/a><br \/>Norsk: <a href=\"https:\/\/www.zafena.se\/wp-content\/uploads\/NO-Zafena-POC-Workstation-troubleshooting.pdf\" class=\"mtli_attachment mtli_pdf\">NO Zafena POC-Workstation troubleshooting<\/a><br \/><\/p>","protected":false},"excerpt":{"rendered":"<p>Produktnummer<\/p>\n<p>ZAF-552 &#8211; POC-Workstation &#8211; 1 st<\/p>\n<p><img loading=\"lazy\" decoding=\"async\" class=\"alignnone  wp-image-243764\" src=\"https:\/\/www.zafena.se\/wp-content\/uploads\/Skarmbild-fran-2022-05-18-11-35-04.png\" alt=\"\" width=\"304\" height=\"78\" srcset=\"https:\/\/www.zafena.se\/wp-content\/uploads\/Skarmbild-fran-2022-05-18-11-35-04.png 557w, https:\/\/www.zafena.se\/wp-content\/uploads\/Skarmbild-fran-2022-05-18-11-35-04-300x77.png 300w\" sizes=\"auto, (max-width: 304px) 100vw, 304px\" \/><\/p>\n<\/p>\n<p>Zafena POC-Workstation \u00e4r en flexibel arbetsstation, gateway och accesspunkt som ansluter <a href=\"https:\/\/www.zafena.se\/partners\/\">alla \u00f6nskade medicinska m\u00e4tare<\/a>, om m\u00e4taren kan kommunicera via kabel eller bl\u00e5tand, till ett gemensamt anv\u00e4ndargr\u00e4nssnitt. Arbetsstationen lagrar svarshistorik och kan skriva ut resultatet p\u00e5 ett kvitto. Arbetsstationen kan ocks\u00e5 kommunicera dubbelriktat med journal- och labdatasystem, vilket inneb\u00e4r att en arbetsstation exempelvis kan ta emot en labremiss och skicka resultatet till patientjournalen.<\/p>\n<ul>\n<li>Anslutningspunkt f\u00f6r instrument, m\u00e4tare och sensorer.\n<ul>\n<li>+300 installationer i drift. (Se anslutningsexempel l\u00e4ngre ned p\u00e5 sidan)<\/li>\n<li><a href=\"https:\/\/www.zafena.se\/sv\/product\/zafena-552-poc-workstation\/#tab-additional_information\">+80 integrerade sensorer och enheter<\/a>.<\/li>\n<li>Zafena integrerar nya senorer l\u00f6pande, <a href=\"https:\/\/www.zafena.se\/kontakt\/\">kontakta oss!<\/a><\/li>\n<\/ul>\n<\/li>\n<li>Zafena POC-Workstation \u00e4r en <a href=\"https:\/\/clsi.org\/standards\/products\/point-of-care-testing\/documents\/poct01\/\">Generell Accesspunkt &#8221;Common Access Point (CAP)&#8221; f\u00f6r kabelanslutna och tr\u00e5dl\u00f6sa PNA instrument som m\u00f6jlig\u00f6r kommunikation med ett Middleware &#8221;Data Manager (DM)&#8221; genom att anv\u00e4nda &#8221;Device Messaging Layer (DML)&#8221; specificationen i enlighet med CLSI\/NCCLS POCT01-A2 Point-of-Care Connectivity; Approved Standard\u2014Second Edition<\/a>.<\/li>\n<li>POC-Workstation \u00e4r en <a href=\"https:\/\/www.pchalliance.org\/continua-design-guidelines#main-content\">&#8221;Personal Health Gateway (PHG)&#8221; f\u00f6r &#8221;Personal Health Device (PHD) i enlighet med Continua standarden&#8221;<\/a>.<\/li>\n<li>Kommunikation till alla centrala system med standardiserade protokoll.<\/li>\n<li>Kommunikation till molnbaserade tj\u00e4nster via krypterad l\u00e4nk.<\/li>\n<li>3 samtidigt kabelanslutna instrument, samt en streckkodsl\u00e4sare.<\/li>\n<li>Touch-sk\u00e4rm och inbyggd skrivare.<\/li>\n<li><a href=\"https:\/\/patents.google.com\/patent\/US9665692B2\">Patenterad integration av utrustning<\/a> f\u00f6r enkel administration och sp\u00e5rbarhet.<\/li>\n<li>Samma 1-2-3-metod f\u00f6r alla dina instrument ger f\u00e4rre utbildningstimmar.<\/li>\n<li>F\u00f6rl\u00e4ng instrument och sensorers livstid, sparar p\u00e5 milj\u00f6 och ekonomi.<\/li>\n<\/ul>\n<p>Produkten POC-Workstation ZAF-552 best\u00e5r av: ZAF-502 Zafena Plus-sk\u00e4rm (IT-enhet \/ den nya connectorn), ZAF-505-2 Programvara p\u00e5 mikro-SD-kort, ZAF-504 1D streckkodsl\u00e4sare, ZAF-508 USB-kabel, ZAF-509 n\u00e4tverkskabel, ZAF-511 str\u00f6madapter och ZAF-130-13 kvittopappersrulle.<\/p>\n<\/p>\n<p><a href=\"https:\/\/www.zafena.se\/sv\/driftinfo\/\">Aktuell: Support och driftinformation<\/a><\/p>\n<p><img loading=\"lazy\" decoding=\"async\" class=\"alignnone size-full wp-image-506\" src=\"https:\/\/www.zafena.se\/wp-content\/uploads\/2017\/06\/pdf_bild.png\" alt=\"\" width=\"18\" height=\"25\" \/>\u00a0<a href=\"https:\/\/www.zafena.se\/wp-content\/uploads\/SE-Zafena-POC-Workstation-troubleshooting.pdf\">SE Zafena POC-Workstation troubleshooting<\/a> <a href=\"https:\/\/www.zafena.se\/wp-content\/uploads\/SE-Zafena-POC-Workstation-troubleshooting.pdf\"><img loading=\"lazy\" decoding=\"async\" class=\"alignnone  wp-image-228195\" src=\"https:\/\/www.zafena.se\/wp-content\/uploads\/Svensk-flagga.png\" alt=\"\" width=\"35\" height=\"22\" srcset=\"https:\/\/www.zafena.se\/wp-content\/uploads\/Svensk-flagga.png 382w, https:\/\/www.zafena.se\/wp-content\/uploads\/Svensk-flagga-300x190.png 300w, https:\/\/www.zafena.se\/wp-content\/uploads\/Svensk-flagga-320x210.png 320w\" sizes=\"auto, (max-width: 35px) 100vw, 35px\" \/><\/a><\/p>\n<p><img loading=\"lazy\" decoding=\"async\" class=\"alignnone size-full wp-image-506\" src=\"https:\/\/www.zafena.se\/wp-content\/uploads\/2017\/06\/pdf_bild.png\" alt=\"\" width=\"18\" height=\"25\" \/> <a href=\"https:\/\/www.zafena.se\/wp-content\/uploads\/ZAF-552-manual-SE-New-20231127.pdf\">ZAF-552 manual SE New 20231127<\/a>\u00a0<a href=\"https:\/\/www.zafena.se\/wp-content\/uploads\/SE-Zafena-POC-Workstation-troubleshooting.pdf\"><img loading=\"lazy\" decoding=\"async\" class=\"alignnone  wp-image-228195\" src=\"https:\/\/www.zafena.se\/wp-content\/uploads\/Svensk-flagga.png\" alt=\"\" width=\"35\" height=\"22\" srcset=\"https:\/\/www.zafena.se\/wp-content\/uploads\/Svensk-flagga.png 382w, https:\/\/www.zafena.se\/wp-content\/uploads\/Svensk-flagga-300x190.png 300w, https:\/\/www.zafena.se\/wp-content\/uploads\/Svensk-flagga-320x210.png 320w\" sizes=\"auto, (max-width: 35px) 100vw, 35px\" \/><\/a><\/p>\n<p><img loading=\"lazy\" decoding=\"async\" class=\"alignnone size-full wp-image-506\" src=\"https:\/\/www.zafena.se\/wp-content\/uploads\/2017\/06\/pdf_bild.png\" alt=\"\" width=\"18\" height=\"25\" \/> <a href=\"https:\/\/www.zafena.se\/wp-content\/uploads\/ZAF-552-Produktblad-SE-20220414.pdf\">ZAF-552 Produktblad SE 20220414<\/a>\u00a0<a href=\"https:\/\/www.zafena.se\/wp-content\/uploads\/SE-Zafena-POC-Workstation-troubleshooting.pdf\"><img loading=\"lazy\" decoding=\"async\" class=\"alignnone  wp-image-228195\" src=\"https:\/\/www.zafena.se\/wp-content\/uploads\/Svensk-flagga.png\" alt=\"\" width=\"35\" height=\"22\" srcset=\"https:\/\/www.zafena.se\/wp-content\/uploads\/Svensk-flagga.png 382w, https:\/\/www.zafena.se\/wp-content\/uploads\/Svensk-flagga-300x190.png 300w, https:\/\/www.zafena.se\/wp-content\/uploads\/Svensk-flagga-320x210.png 320w\" sizes=\"auto, (max-width: 35px) 100vw, 35px\" \/><\/a><\/p>\n<p><img loading=\"lazy\" decoding=\"async\" class=\"alignnone size-full wp-image-506\" src=\"https:\/\/www.zafena.se\/wp-content\/uploads\/2017\/06\/pdf_bild.png\" alt=\"\" width=\"18\" height=\"25\" \/> <a href=\"https:\/\/www.zafena.se\/wp-content\/uploads\/NO-Zafena-POC-Workstation-troubleshooting-1.pdf\">NO Zafena POC-Workstation troubleshooting-1<\/a> <img loading=\"lazy\" decoding=\"async\" class=\"alignnone  wp-image-228164\" src=\"https:\/\/www.zafena.se\/wp-content\/uploads\/Norsk-flagga.png\" alt=\"\" width=\"31\" height=\"22\" srcset=\"https:\/\/www.zafena.se\/wp-content\/uploads\/Norsk-flagga.png 319w, https:\/\/www.zafena.se\/wp-content\/uploads\/Norsk-flagga-300x214.png 300w\" sizes=\"auto, (max-width: 31px) 100vw, 31px\" \/><\/p>\n<p><img loading=\"lazy\" decoding=\"async\" class=\"alignnone size-full wp-image-506\" src=\"https:\/\/www.zafena.se\/wp-content\/uploads\/2017\/06\/pdf_bild.png\" alt=\"\" width=\"18\" height=\"25\" \/>\u00a0<a href=\"https:\/\/www.zafena.se\/wp-content\/uploads\/ZAF-552-manual-NO-New-20231127.pdf\">ZAF-552 manual NO New 20231127<\/a> <img loading=\"lazy\" decoding=\"async\" class=\"alignnone  wp-image-228164\" src=\"https:\/\/www.zafena.se\/wp-content\/uploads\/Norsk-flagga.png\" alt=\"\" width=\"31\" height=\"22\" srcset=\"https:\/\/www.zafena.se\/wp-content\/uploads\/Norsk-flagga.png 319w, https:\/\/www.zafena.se\/wp-content\/uploads\/Norsk-flagga-300x214.png 300w\" sizes=\"auto, (max-width: 31px) 100vw, 31px\" \/><\/p>\n<\/p>\n[video width=\"3544\" height=\"1064\" mp4=\"https:\/\/www.zafena.se\/wp-content\/uploads\/ZAF-552-installation2.mp4\"][\/video]<\/p>\n","protected":false},"featured_media":765,"template":"","meta":[],"product_brand":[],"product_cat":[138,86,17],"product_tag":[],"class_list":{"0":"post-703","1":"product","2":"type-product","3":"status-publish","4":"has-post-thumbnail","6":"product_cat-connectivity","7":"product_cat-poc-workstation","8":"product_cat-produkter","10":"first","11":"instock","12":"featured","13":"shipping-taxable","14":"product-type-simple"},"_links":{"self":[{"href":"https:\/\/www.zafena.se\/sv\/wp-json\/wp\/v2\/product\/703","targetHints":{"allow":["GET"]}}],"collection":[{"href":"https:\/\/www.zafena.se\/sv\/wp-json\/wp\/v2\/product"}],"about":[{"href":"https:\/\/www.zafena.se\/sv\/wp-json\/wp\/v2\/types\/product"}],"wp:featuredmedia":[{"embeddable":true,"href":"https:\/\/www.zafena.se\/sv\/wp-json\/wp\/v2\/media\/765"}],"wp:attachment":[{"href":"https:\/\/www.zafena.se\/sv\/wp-json\/wp\/v2\/media?parent=703"}],"wp:term":[{"taxonomy":"product_brand","embeddable":true,"href":"https:\/\/www.zafena.se\/sv\/wp-json\/wp\/v2\/product_brand?post=703"},{"taxonomy":"product_cat","embeddable":true,"href":"https:\/\/www.zafena.se\/sv\/wp-json\/wp\/v2\/product_cat?post=703"},{"taxonomy":"product_tag","embeddable":true,"href":"https:\/\/www.zafena.se\/sv\/wp-json\/wp\/v2\/product_tag?post=703"}],"curies":[{"name":"wp","href":"https:\/\/api.w.org\/{rel}","templated":true}]}}