{"id":57296,"date":"2021-03-04T14:39:02","date_gmt":"2021-03-04T13:39:02","guid":{"rendered":"https:\/\/www.zafena.se\/?post_type=product&#038;p=57296"},"modified":"2023-03-28T12:39:47","modified_gmt":"2023-03-28T10:39:47","slug":"afias-1","status":"publish","type":"product","link":"https:\/\/www.zafena.se\/sv\/product\/afias-1\/","title":{"rendered":"AFIAS-1 &#8211; Multiparameter analyzer."},"content":{"rendered":"<p><a href=\"https:\/\/www.zafena.se\/wp-content\/uploads\/AFIAS-Parameter-Menue-11-2019.pdf\" class=\"mtli_attachment mtli_pdf\">AFIAS-Parameter-Menue-11-2019<\/a><\/p>\n<p><a href=\"https:\/\/www.zafena.se\/wp-content\/uploads\/afias_brochure.pdf\" class=\"mtli_attachment mtli_pdf\">afias_brochure<\/a><\/p>\n","protected":false},"excerpt":{"rendered":"<p><span class=\"VIiyi\" lang=\"sv\"><span class=\"JLqJ4b ChMk0b\" data-language-for-alternatives=\"sv\" data-language-to-translate-into=\"en\" data-phrase-index=\"5\">AFIAS-1 \u00e4r ett patientn\u00e4ra helautomatiskt analyssystem som m\u00e4ter koncentrationen, av olika biomark\u00f6rer i humant blod, urin och andra humana prover. AFIAS-1 anv\u00e4nder en fluorescerande immunologisk metod d\u00e4r du f\u00e5r antingen ett kvantitativt eller semi-kvantitativt resultat. Den avancerade och kvalitativa AFIAS-1 avl\u00e4saren \u00e4r l\u00e4tt att anv\u00e4nda, tar liten plats och allt-i-ett-kassetterna f\u00f6renklar proceduren fr\u00e5n provberedning till ett f\u00e4rdigt resultat. Optimala anv\u00e4ndningsomr\u00e5den f\u00f6r AFIAS-1 kan vara p\u00e5 v\u00e5rdcentraler, sm\u00e5 och medelstora sjukhus. Provm\u00e4ngden \u00e4r fr\u00e5n 10uL (varierar beroende p\u00e5 vilket prov som ska testas). Blod kan tas fr\u00e5n ett finger, en h\u00e4l eller venprov. AFIAS-1 har testkassetter f\u00f6r m\u00e4tning av flera hj\u00e4rt-cancer-diabetes-hormon och infektionsmark\u00f6rer.<br \/>\nF\u00f6r uppkoppling mot LIS\/HIS\/Middleware ansluter du AFIAS-1 via <a href=\"https:\/\/www.zafena.se\/sv\/product\/zafena-552-poc-workstation\/\">Zafena POC-Workstation<\/a>.<\/span><\/span><\/p>\n<p><a href=\"https:\/\/www.youtube.com\/watch?v=xfUknvyCWk0\">Produktvideo<\/a><\/p>\n<p><img loading=\"lazy\" decoding=\"async\" class=\"alignnone size-full wp-image-57527\" src=\"https:\/\/www.zafena.se\/wp-content\/uploads\/images.jpeg\" alt=\"\" width=\"225\" height=\"225\" srcset=\"https:\/\/www.zafena.se\/wp-content\/uploads\/images.jpeg 225w, https:\/\/www.zafena.se\/wp-content\/uploads\/images-150x150.jpeg 150w, https:\/\/www.zafena.se\/wp-content\/uploads\/images-60x60.jpeg 60w, https:\/\/www.zafena.se\/wp-content\/uploads\/images-100x100.jpeg 100w\" sizes=\"auto, (max-width: 225px) 100vw, 225px\" \/> <img loading=\"lazy\" decoding=\"async\" class=\"alignnone size-medium wp-image-57568\" src=\"https:\/\/www.zafena.se\/wp-content\/uploads\/unnamed-1-300x300.jpg\" alt=\"\" width=\"300\" height=\"300\" srcset=\"https:\/\/www.zafena.se\/wp-content\/uploads\/unnamed-1-300x300.jpg 300w, https:\/\/www.zafena.se\/wp-content\/uploads\/unnamed-1-150x150.jpg 150w, https:\/\/www.zafena.se\/wp-content\/uploads\/unnamed-1-60x60.jpg 60w, https:\/\/www.zafena.se\/wp-content\/uploads\/unnamed-1-100x100.jpg 100w, https:\/\/www.zafena.se\/wp-content\/uploads\/unnamed-1.jpg 512w\" sizes=\"auto, (max-width: 300px) 100vw, 300px\" \/> <img loading=\"lazy\" decoding=\"async\" class=\"alignnone size-medium wp-image-57589\" src=\"https:\/\/www.zafena.se\/wp-content\/uploads\/afias1_1-300x196.png\" alt=\"\" width=\"300\" height=\"196\" srcset=\"https:\/\/www.zafena.se\/wp-content\/uploads\/afias1_1-300x196.png 300w, https:\/\/www.zafena.se\/wp-content\/uploads\/afias1_1-320x210.png 320w, https:\/\/www.zafena.se\/wp-content\/uploads\/afias1_1-460x300.png 460w, https:\/\/www.zafena.se\/wp-content\/uploads\/afias1_1.png 520w\" sizes=\"auto, (max-width: 300px) 100vw, 300px\" \/><\/p>\n","protected":false},"featured_media":57680,"template":"","meta":[],"product_brand":[],"product_cat":[155,154,157,156],"product_tag":[106,107,153,151,152],"class_list":{"0":"post-57296","1":"product","2":"type-product","3":"status-publish","4":"has-post-thumbnail","6":"product_cat-cancer","7":"product_cat-hjarta-karl","8":"product_cat-hormon","9":"product_cat-infektion","10":"product_tag-crp","11":"product_tag-d-dimer","12":"product_tag-fob","13":"product_tag-mxa-crp","14":"product_tag-psa","16":"first","17":"instock","18":"shipping-taxable","19":"product-type-simple"},"_links":{"self":[{"href":"https:\/\/www.zafena.se\/sv\/wp-json\/wp\/v2\/product\/57296","targetHints":{"allow":["GET"]}}],"collection":[{"href":"https:\/\/www.zafena.se\/sv\/wp-json\/wp\/v2\/product"}],"about":[{"href":"https:\/\/www.zafena.se\/sv\/wp-json\/wp\/v2\/types\/product"}],"wp:featuredmedia":[{"embeddable":true,"href":"https:\/\/www.zafena.se\/sv\/wp-json\/wp\/v2\/media\/57680"}],"wp:attachment":[{"href":"https:\/\/www.zafena.se\/sv\/wp-json\/wp\/v2\/media?parent=57296"}],"wp:term":[{"taxonomy":"product_brand","embeddable":true,"href":"https:\/\/www.zafena.se\/sv\/wp-json\/wp\/v2\/product_brand?post=57296"},{"taxonomy":"product_cat","embeddable":true,"href":"https:\/\/www.zafena.se\/sv\/wp-json\/wp\/v2\/product_cat?post=57296"},{"taxonomy":"product_tag","embeddable":true,"href":"https:\/\/www.zafena.se\/sv\/wp-json\/wp\/v2\/product_tag?post=57296"}],"curies":[{"name":"wp","href":"https:\/\/api.w.org\/{rel}","templated":true}]}}