{"id":37302,"date":"2021-01-27T17:14:54","date_gmt":"2021-01-27T16:14:54","guid":{"rendered":"https:\/\/www.zafena.se\/?post_type=product&#038;p=37302"},"modified":"2022-02-01T09:11:12","modified_gmt":"2022-02-01T08:11:12","slug":"transmission-of-cycletime-ct-values-for-credo-vitapcr-quick-pcr-instrument","status":"publish","type":"product","link":"https:\/\/www.zafena.se\/sv\/product\/transmission-of-cycletime-ct-values-for-credo-vitapcr-quick-pcr-instrument\/","title":{"rendered":"Connectivity for &#8217;Credo Vita PCR&#8217; &#8211; automatic transmission of results and CT values to EHR\/LIS"},"content":{"rendered":"","protected":false},"excerpt":{"rendered":"<p>PDF: <a href=\"https:\/\/www.zafena.se\/wp-content\/uploads\/SE-Credo-Vita-PCR-Plus-20210804.pdf\">SE Credo Vita PCR Plus 20210804<\/a><\/p>\n<p><span class=\"VIiyi\" lang=\"sv\"><span class=\"JLqJ4b ChMk0b\" data-language-for-alternatives=\"sv\" data-language-to-translate-into=\"en\" data-phrase-index=\"0\">En Zafena POC-Workstaiton kan betj\u00e4na upp till 4 Credo Vita PCR-maskiner p\u00e5 en arbetsb\u00e4nk.<\/span> Credo <span class=\"JLqJ4b ChMk0b\" data-language-for-alternatives=\"sv\" data-language-to-translate-into=\"en\" data-phrase-index=\"2\">Vita PCR genererar m\u00e4tresultat inklusive CT-v\u00e4rden som skickas in till centrala laboratoriesystemet via POC-Workstation, samt<\/span> <span class=\"JLqJ4b ChMk0b\" data-language-for-alternatives=\"sv\" data-language-to-translate-into=\"en\" data-phrase-index=\"4\">utskrift p\u00e5 kvittopapper.<\/span> <span class=\"JLqJ4b ChMk0b\" data-language-for-alternatives=\"sv\" data-language-to-translate-into=\"en\" data-phrase-index=\"6\">POC-Workstation fungerar tillsammans med alla Vita PCR-firmware versioner.<\/span> <\/span><\/p>\n<p><span class=\"VIiyi\" lang=\"sv\"><span class=\"JLqJ4b ChMk0b\" data-language-for-alternatives=\"sv\" data-language-to-translate-into=\"en\" data-phrase-index=\"8\">Zafena USB-interface kabel ansluts till USB-porten p\u00e5 Vita PCR, som b\u00e5de anv\u00e4nder och lagrar maskingenererad r\u00e5data som inneh\u00e5ller Cycle Threshold, CT-v\u00e4rden, f\u00f6r kvalitetss\u00e4kring.<\/span> <\/span><\/p>\n<p><span class=\"VIiyi\" lang=\"sv\"><span class=\"JLqJ4b ChMk0b\" data-language-for-alternatives=\"sv\" data-language-to-translate-into=\"en\" data-phrase-index=\"10\">Resultaten \u00f6verf\u00f6rs enligt standardiserat ASTM LIS02-A2, POCT1-A eller FHIR-protokoll f\u00f6r att passa alla vanliga sjukhuscentrallaboratoriesystem, LIS.<\/span> <span class=\"JLqJ4b ChMk0b\" data-language-for-alternatives=\"sv\" data-language-to-translate-into=\"en\" data-phrase-index=\"12\">\u00d6verf\u00f6ring med HL7 \u00e4r ocks\u00e5 m\u00f6jlig p\u00e5 beg\u00e4ran.<\/span> <\/span><\/p>\n<p><span class=\"VIiyi\" lang=\"sv\"><span class=\"JLqJ4b ChMk0b\" data-language-for-alternatives=\"sv\" data-language-to-translate-into=\"en\" data-phrase-index=\"14\">SARS-CoV-2<\/span> <span class=\"JLqJ4b ChMk0b\" data-language-for-alternatives=\"sv\" data-language-to-translate-into=\"en\" data-phrase-index=\"16\">Universal<br \/>\n<\/span><\/span><span class=\"VIiyi\" lang=\"sv\"><span class=\"JLqJ4b ChMk0b\" data-language-for-alternatives=\"sv\" data-language-to-translate-into=\"en\" data-phrase-index=\"16\">SARS-liknande<\/span> <span class=\"JLqJ4b ChMk0b\" data-language-for-alternatives=\"sv\" data-language-to-translate-into=\"en\" data-phrase-index=\"18\">SARS-CoV-2 Ct<\/span><br \/>\n<span class=\"JLqJ4b ChMk0b\" data-language-for-alternatives=\"sv\" data-language-to-translate-into=\"en\" data-phrase-index=\"20\">SARS-liknande Ct<\/span><br \/>\n<span class=\"JLqJ4b ChMk0b\" data-language-for-alternatives=\"sv\" data-language-to-translate-into=\"en\" data-phrase-index=\"22\">SAC Intern kontroll<\/span><br \/>\n<span class=\"JLqJ4b ChMk0b\" data-language-for-alternatives=\"sv\" data-language-to-translate-into=\"en\" data-phrase-index=\"24\">SAC Ct<\/span> <\/span><\/p>\n<p><span class=\"VIiyi\" lang=\"sv\"><span class=\"JLqJ4b ChMk0b\" data-language-for-alternatives=\"sv\" data-language-to-translate-into=\"en\" data-phrase-index=\"26\">L\u00f6sningen anv\u00e4nder: En ZAF-552 POC-arbetsstation och sedan en ZAF-525 USB-gr\u00e4nssnittskabel f\u00f6r varje ansluten Credo VitaPCR-instrument.<\/span><\/span><\/p>\n<p>F\u00f6r best\u00e4llning, offert eller fr\u00e5gor skicka e-post till <a href=\"mailto:order@zafena.se?subject=VitaPCR%20POC-Workstation%20LIS%20connectivity&amp;body=Hello%20Zafena%0D%0A%0D%0AI%20would%20like%20a%20quotation%20to%20order%0D%0ACredo%20VitaPCR%20LIS%20connectivity%20using%0D%0AZAF-552%20POC-Workstation%20and%0D%0AZAF-525%20USB-interface%0D%0A%0D%0A\">order@zafena.se<\/a><br \/>\nContact: order@zafena.se\u00a0\u00a0\u00a0\u00a0 phone:\u00a0 \u00a0 <strong>+46 141 405 20\u00a0\u00a0\u00a0\u00a0\u00a0\u00a0\u00a0\u00a0\u00a0 worldwide delivery , available now.<\/strong><\/p>\n","protected":false},"featured_media":37504,"template":"","meta":[],"product_brand":[],"product_cat":[96,94,86,95],"product_tag":[],"class_list":{"0":"post-37302","1":"product","2":"type-product","3":"status-publish","4":"has-post-thumbnail","6":"product_cat-corona","7":"product_cat-covid-19","8":"product_cat-poc-workstation","9":"product_cat-sars-cov2","11":"first","12":"instock","13":"shipping-taxable","14":"product-type-simple"},"_links":{"self":[{"href":"https:\/\/www.zafena.se\/sv\/wp-json\/wp\/v2\/product\/37302","targetHints":{"allow":["GET"]}}],"collection":[{"href":"https:\/\/www.zafena.se\/sv\/wp-json\/wp\/v2\/product"}],"about":[{"href":"https:\/\/www.zafena.se\/sv\/wp-json\/wp\/v2\/types\/product"}],"wp:featuredmedia":[{"embeddable":true,"href":"https:\/\/www.zafena.se\/sv\/wp-json\/wp\/v2\/media\/37504"}],"wp:attachment":[{"href":"https:\/\/www.zafena.se\/sv\/wp-json\/wp\/v2\/media?parent=37302"}],"wp:term":[{"taxonomy":"product_brand","embeddable":true,"href":"https:\/\/www.zafena.se\/sv\/wp-json\/wp\/v2\/product_brand?post=37302"},{"taxonomy":"product_cat","embeddable":true,"href":"https:\/\/www.zafena.se\/sv\/wp-json\/wp\/v2\/product_cat?post=37302"},{"taxonomy":"product_tag","embeddable":true,"href":"https:\/\/www.zafena.se\/sv\/wp-json\/wp\/v2\/product_tag?post=37302"}],"curies":[{"name":"wp","href":"https:\/\/api.w.org\/{rel}","templated":true}]}}