{"id":369998,"date":"2023-04-04T14:57:50","date_gmt":"2023-04-04T12:57:50","guid":{"rendered":"https:\/\/www.zafena.se\/?post_type=product&#038;p=369998"},"modified":"2023-04-17T13:35:06","modified_gmt":"2023-04-17T11:35:06","slug":"fob","status":"publish","type":"product","link":"https:\/\/www.zafena.se\/sv\/product\/fob\/","title":{"rendered":"Diaquick FOB, snabbtest f\u00f6r p\u00e5visning av humant hemoglobin i feces"},"content":{"rendered":"<p align=\"left\"><span style=\"font-family: Arial, sans-serif\"><span style=\"font-size: small\"> Diaquick FOB-test ar en visuell immunokromatografisk snabbtest for kvalitativ p\u00e5visning av humant hemoglobin i feces.Testen \u00e4r ett hj\u00e4lpmedel vid diagnostisering av sjukdom i nedre gastrointestinala (GI) omr\u00e5det.<\/span><\/span><\/p>\n<p align=\"left\"><span style=\"font-family: Arial, sans-serif\"><span style=\"font-size: small\">En enkel test, b\u00e5de att ta och analysera och som inte kr\u00e4ver diet-restriktioner for patienten.<\/span><\/span><\/p>\n<p align=\"left\"><span style=\"font-family: Arial, sans-serif\"><span style=\"font-size: small\">Diaquick FOB test ar hygienisk och luktfri med h\u00f6g sensitivitet och specificitet.<\/span><\/span><\/p>\n<p><span style=\"font-family: Arial, sans-serif\"><span style=\"font-size: small\">Fecesf\u00e5ngare underl\u00e4ttar provtagningen. <\/span><\/span><\/p>\n<p><span style=\"font-family: Arial, sans-serif\"><span style=\"font-size: small\"><\/span><\/span><\/p>","protected":false},"excerpt":{"rendered":"<ul>\n<li>\n<h1><span style=\"font-family: Arial, sans-serif\"><span style=\"font-size: small\">Anv\u00e4ndarv\u00e4nlig <\/span><\/span><\/h1>\n<\/li>\n<li>\n<h1><span style=\"font-family: Arial, sans-serif\"><span style=\"font-size: small\"><span lang=\"sv-SE\"> <\/span>Resultat efter 5 minuter<span lang=\"sv-SE\"><\/span><\/span><\/h1>\n<\/li>\n<li>\n<h1><span style=\"font-family: Arial, sans-serif\"><span style=\"font-size: small\"><span lang=\"sv-SE\"> <\/span>CE-m\u00e4rkt<span lang=\"sv-SE\"><\/span><\/span><\/h1>\n<\/li>\n<li>\n<h1><span style=\"font-family: Arial, sans-serif\"><span style=\"font-size: small\"> Produktnummer: <\/span><\/span><\/h1>\n<\/li>\n<li>\n<h1><span style=\"font-family: Arial, sans-serif\"><span style=\"font-size: small\">Antal test: 25 <\/span><\/span><\/h1>\n<\/li>\n<\/ul>\n<h3><\/h3>\n","protected":false},"featured_media":377196,"template":"","meta":[],"product_brand":[],"product_cat":[144],"product_tag":[153],"class_list":{"0":"post-369998","1":"product","2":"type-product","3":"status-publish","4":"has-post-thumbnail","6":"product_cat-snabbtester","7":"product_tag-fob","9":"first","10":"instock","11":"shipping-taxable","12":"product-type-simple"},"_links":{"self":[{"href":"https:\/\/www.zafena.se\/sv\/wp-json\/wp\/v2\/product\/369998","targetHints":{"allow":["GET"]}}],"collection":[{"href":"https:\/\/www.zafena.se\/sv\/wp-json\/wp\/v2\/product"}],"about":[{"href":"https:\/\/www.zafena.se\/sv\/wp-json\/wp\/v2\/types\/product"}],"wp:featuredmedia":[{"embeddable":true,"href":"https:\/\/www.zafena.se\/sv\/wp-json\/wp\/v2\/media\/377196"}],"wp:attachment":[{"href":"https:\/\/www.zafena.se\/sv\/wp-json\/wp\/v2\/media?parent=369998"}],"wp:term":[{"taxonomy":"product_brand","embeddable":true,"href":"https:\/\/www.zafena.se\/sv\/wp-json\/wp\/v2\/product_brand?post=369998"},{"taxonomy":"product_cat","embeddable":true,"href":"https:\/\/www.zafena.se\/sv\/wp-json\/wp\/v2\/product_cat?post=369998"},{"taxonomy":"product_tag","embeddable":true,"href":"https:\/\/www.zafena.se\/sv\/wp-json\/wp\/v2\/product_tag?post=369998"}],"curies":[{"name":"wp","href":"https:\/\/api.w.org\/{rel}","templated":true}]}}