{"id":345165,"date":"2023-02-21T14:38:55","date_gmt":"2023-02-21T13:38:55","guid":{"rendered":"https:\/\/www.zafena.se\/?post_type=product&#038;p=345165"},"modified":"2023-04-04T13:34:21","modified_gmt":"2023-04-04T11:34:21","slug":"diaquick-helicobacter-pylori-kassett-fran-dialab","status":"publish","type":"product","link":"https:\/\/www.zafena.se\/sv\/product\/diaquick-helicobacter-pylori-kassett-fran-dialab\/","title":{"rendered":"DIAQUICK Helicobacter Pylori kassett fr\u00e5n DIALAB"},"content":{"rendered":"<p>Helicobacter pylori (H. pylori) \u00e4r en bakterie som kan orsaka infektion i mags\u00e4cken. Infektionen kan leda till olika sjukdomar som gastrit (inflammation i mags\u00e4cken), mags\u00e5r och i s\u00e4llsynta fall, mags\u00e4ckscancer.<\/p>\n<p>DIALABs snabbtest f\u00f6r H. pylori \u00e4r en immunologisk testremsa som anv\u00e4nder antikroppar f\u00f6r att uppt\u00e4cka n\u00e4rvaron av H. pylori-antigen i en patients helblod, plasma eller serum. Testet \u00e4r l\u00e4tt att anv\u00e4nda och ger snabba resultat inom 10 minuter.<\/p>\n<p>Om H. pylori-antigen \u00e4r n\u00e4rvarande i provet, reagerar det med antikropparna p\u00e5 testremsan och orsakar en f\u00e4rgf\u00f6r\u00e4ndring. En tydlig r\u00f6d linje p\u00e5 testremsan indikerar att H. pylori-antigen har detekterats och att patienten \u00e4r infekterad.<\/p>\n<p>Snabbtestet fr\u00e5n DIALAB \u00e4r ett p\u00e5litligt verktyg f\u00f6r att uppt\u00e4cka H. pylori-infektion. Det \u00e4r enkel att anv\u00e4nda, ger snabba resultat och kan utf\u00f6ras utan behov av specialutrustning eller laboratorieanalys. Det \u00e4r viktigt att notera att ett positivt snabbtest inte n\u00f6dv\u00e4ndigtvis indikerar en aktiv infektion eftersom det kan ta flera veckor f\u00f6r H. pylori-antigen att f\u00f6rsvinna helt efter att en infektion har behandlats.<\/p>\n<p><\/span><\/span><\/span><\/p>","protected":false},"excerpt":{"rendered":"<p>Produktnummer: MEZ06229CE<\/p>\n<p>Antal test: 30<\/p>\n<p>Provmaterial: Serum, plasma eller helblod<\/p>\n<p>H\u00e5llbarhet: 24 m\u00e5nader fr\u00e5n tillverkning.<\/p>\n<p>Best\u00e4llning g\u00f6rs via: order@zafena.se<\/p>\n","protected":false},"featured_media":345786,"template":"","meta":[],"product_brand":[],"product_cat":[147,17,144],"product_tag":[],"class_list":{"0":"post-345165","1":"product","2":"type-product","3":"status-publish","4":"has-post-thumbnail","6":"product_cat-h-pylori","7":"product_cat-produkter","8":"product_cat-snabbtester","10":"first","11":"instock","12":"shipping-taxable","13":"product-type-simple"},"_links":{"self":[{"href":"https:\/\/www.zafena.se\/sv\/wp-json\/wp\/v2\/product\/345165","targetHints":{"allow":["GET"]}}],"collection":[{"href":"https:\/\/www.zafena.se\/sv\/wp-json\/wp\/v2\/product"}],"about":[{"href":"https:\/\/www.zafena.se\/sv\/wp-json\/wp\/v2\/types\/product"}],"wp:featuredmedia":[{"embeddable":true,"href":"https:\/\/www.zafena.se\/sv\/wp-json\/wp\/v2\/media\/345786"}],"wp:attachment":[{"href":"https:\/\/www.zafena.se\/sv\/wp-json\/wp\/v2\/media?parent=345165"}],"wp:term":[{"taxonomy":"product_brand","embeddable":true,"href":"https:\/\/www.zafena.se\/sv\/wp-json\/wp\/v2\/product_brand?post=345165"},{"taxonomy":"product_cat","embeddable":true,"href":"https:\/\/www.zafena.se\/sv\/wp-json\/wp\/v2\/product_cat?post=345165"},{"taxonomy":"product_tag","embeddable":true,"href":"https:\/\/www.zafena.se\/sv\/wp-json\/wp\/v2\/product_tag?post=345165"}],"curies":[{"name":"wp","href":"https:\/\/api.w.org\/{rel}","templated":true}]}}