{"id":342932,"date":"2023-02-20T11:30:26","date_gmt":"2023-02-20T10:30:26","guid":{"rendered":"https:\/\/www.zafena.se\/?post_type=product&#038;p=342932"},"modified":"2023-03-28T11:26:45","modified_gmt":"2023-03-28T09:26:45","slug":"diaquick-fob-trf-fran-dialab","status":"publish","type":"product","link":"https:\/\/www.zafena.se\/sv\/product\/diaquick-fob-trf-fran-dialab\/","title":{"rendered":"DIAQUICK FOB-TRF fr\u00e5n DIALAB"},"content":{"rendered":"<p><span class=\"HwtZe\" lang=\"sv\"><span class=\"jCAhz ChMk0b\"><span class=\"ryNqvb\">FOB-TRF Combo Test \u00e4r utformat f\u00f6r att detektera n\u00e4rvaron av humant hemoglobin och transferrin i ett enda steg.<\/span><\/span> <span class=\"jCAhz ChMk0b\"><span class=\"ryNqvb\">Testet anv\u00e4nder en kombination av tv\u00e5 monoklonala antikroppar, specifika f\u00f6r humant hemoglobin respektive humant transferrin, vilka \u00e4r f\u00f6rbelagda p\u00e5 ett immunokromatografiskt membran.<\/span><\/span> <span class=\"jCAhz ChMk0b\"><span class=\"ryNqvb\">N\u00e4r ett prov appliceras p\u00e5 testkassetten reagerar humant hemoglobin och transferrin i provet med de tv\u00e5 monoklonala antikropparna respektive och bildar ett sandwichkomplex.<\/span><\/span> <span class=\"jCAhz ChMk0b\"><span class=\"ryNqvb\">Sandwichkomplexet migrerar sedan kromatografiskt l\u00e4ngs membranet och f\u00e5ngas upp av anti-humant hemoglobin respektive anti-humant transferrinantikroppar, som ocks\u00e5 \u00e4r f\u00f6rbelagda p\u00e5 membranet.<\/span><\/span> <span class=\"jCAhz ChMk0b\"><span class=\"ryNqvb\">N\u00e4rvaron av sandwichkomplexet kommer att resultera i en synlig f\u00e4rgad linje p\u00e5 testomr\u00e5det av membranet, vilket indikerar ett positivt resultat.<\/span><\/span><\/span><\/p>\n<p><\/p>","protected":false},"excerpt":{"rendered":"<p><span data-offset-key=\"a35d2-29-0\">DIAQUICK FOB-TRF Combo test m\u00e4ter n\u00e4rvaro av hemoglobin och transferrin i faeces. Transferrin ger en indikation p\u00e5 att bl\u00f6dningen ligger i den \u00f6vre \u00e4ndan av matsm\u00e4ltningskanalen.<\/span><\/p>\n<p>Produktnummer: MEJ13101CE<\/p>\n<p>Antal test: 20<\/p>\n<p>L\u00e4s resultatet vid: 10 minuter<\/p>\n<p>H\u00e5llbarhet: 24 m\u00e5nader fr\u00e5n tillverkning.<\/p>\n<p>Best\u00e4llning g\u00f6rs via: order@zafena.se<\/p>\n","protected":false},"featured_media":365184,"template":"","meta":[],"product_brand":[],"product_cat":[128,17,144,81],"product_tag":[],"class_list":{"0":"post-342932","1":"product","2":"type-product","3":"status-publish","4":"has-post-thumbnail","6":"product_cat-fob-trf","7":"product_cat-produkter","8":"product_cat-snabbtester","9":"product_cat-uncategorized","11":"first","12":"instock","13":"shipping-taxable","14":"product-type-simple"},"_links":{"self":[{"href":"https:\/\/www.zafena.se\/sv\/wp-json\/wp\/v2\/product\/342932","targetHints":{"allow":["GET"]}}],"collection":[{"href":"https:\/\/www.zafena.se\/sv\/wp-json\/wp\/v2\/product"}],"about":[{"href":"https:\/\/www.zafena.se\/sv\/wp-json\/wp\/v2\/types\/product"}],"wp:featuredmedia":[{"embeddable":true,"href":"https:\/\/www.zafena.se\/sv\/wp-json\/wp\/v2\/media\/365184"}],"wp:attachment":[{"href":"https:\/\/www.zafena.se\/sv\/wp-json\/wp\/v2\/media?parent=342932"}],"wp:term":[{"taxonomy":"product_brand","embeddable":true,"href":"https:\/\/www.zafena.se\/sv\/wp-json\/wp\/v2\/product_brand?post=342932"},{"taxonomy":"product_cat","embeddable":true,"href":"https:\/\/www.zafena.se\/sv\/wp-json\/wp\/v2\/product_cat?post=342932"},{"taxonomy":"product_tag","embeddable":true,"href":"https:\/\/www.zafena.se\/sv\/wp-json\/wp\/v2\/product_tag?post=342932"}],"curies":[{"name":"wp","href":"https:\/\/api.w.org\/{rel}","templated":true}]}}