{"id":337047,"date":"2023-01-10T14:53:01","date_gmt":"2023-01-10T13:53:01","guid":{"rendered":"https:\/\/www.zafena.se\/?post_type=product&#038;p=337047"},"modified":"2023-03-14T10:57:31","modified_gmt":"2023-03-14T09:57:31","slug":"diaquick-mononucleos-kassett-kopia","status":"publish","type":"product","link":"https:\/\/www.zafena.se\/sv\/product\/diaquick-mononucleos-kassett-kopia\/","title":{"rendered":"DIAQUICK MONONUCLEOS KASSETT"},"content":{"rendered":"<p><span class=\"HwtZe\" lang=\"sv\">Snabbtest f\u00f6r diagnostisering av mononukleosinfektion \/ k\u00f6rtelfeber genom kvalitativ p\u00e5visning av mononukleose hetrofila antikroppar i fullblod, serum eller plasma. Infekti\u00f6s mononukleos \/ k\u00f6rtelfeber \u00e4r f\u00f6rorsakat av Epstein-Barr viruset, som h\u00f6r till gruppen herpesvirus. Vanliga symptom \u00e4r feber, halsont och svullna lymfk\u00f6rtlar. Resultatet avl\u00e4ses efter 5 minuter. <span class=\"jCAhz ChMk0b\"><span class=\"ryNqvb\">Testet \u00e4r producerat av DIALAB GmbH.<\/span><\/span><\/span><\/p>\n<p><img loading=\"lazy\" decoding=\"async\" class=\"alignnone size-full wp-image-332563\" src=\"https:\/\/www.zafena.se\/wp-content\/uploads\/Skarmbild-fran-2022-12-21-11-28-27.png\" alt=\"\" width=\"217\" height=\"51\" \/><\/p>\n<p>Positiv\u00a0\u00a0\u00a0\u00a0\u00a0\u00a0\u00a0\u00a0\u00a0\u00a0\u00a0 Negativ\u00a0\u00a0\u00a0\u00a0\u00a0\u00a0 \u00a0 \u00a0 Ogiltig<\/p>\n<p><\/p>","protected":false},"excerpt":{"rendered":"<p><span class=\"HwtZe\" lang=\"sv\">Snabbtest f\u00f6r diagnostisering av mononukleosinfektion \/ k\u00f6rtelfeber genom kvalitativ p\u00e5visning av mononukleose hetrofila antikroppar i fullblod, serum eller plasma. Infekti\u00f6s mononukleos \/ k\u00f6rtelfeber \u00e4r f\u00f6rorsakat av Epstein-Barr viruset, som h\u00f6r till gruppen herpesvirus. Vanliga symptom \u00e4r feber, halsont och svullna lymfk\u00f6rtlar. Resultatet avl\u00e4ses efter 5 minuter. <span class=\"jCAhz ChMk0b\"><span class=\"ryNqvb\">Testet \u00e4r producerat av DIALAB GmbH.<\/span><\/span><\/span><\/p>\n<p>Produktnummer<\/p>\n<p>Z06620CE &#8211; DIAQUICK Mononucleos Kassett &#8211; 30 test<\/p>\n<p>Z09630CE &#8211; DIAQUICK Mononucleos Kassett &#8211; 10 test<\/p>\n<ul>\n<li>Enkel procedur<\/li>\n<li>P\u00e5litliga tester<\/span><\/span><\/span><\/li>\n<li>Kostnadseffektivt<\/li>\n<li>Visuell avl\u00e4sning av resultat<\/li>\n<li>Resultat inom 5 till 10 minuter<\/li>\n<li>CE-m\u00e4rkt<\/li>\n<li>Inneh\u00e5ller kvalitetskontroll<\/li>\n<li>Singeltester i folie, med god h\u00e5llbarhet<\/li>\n<\/ul>\n<p>Provmaterial: Serum, plasma eller helblod<\/p>\n<p>H\u00e5llbarhet: 24 m\u00e5nader fr\u00e5n tillverkning.<\/p>\n<p>Best\u00e4llning g\u00f6rs via: order@zafena.se<\/p>\n","protected":false},"featured_media":337978,"template":"","meta":[],"product_brand":[],"product_cat":[146,17,144],"product_tag":[],"class_list":{"0":"post-337047","1":"product","2":"type-product","3":"status-publish","4":"has-post-thumbnail","6":"product_cat-mononucleos","7":"product_cat-produkter","8":"product_cat-snabbtester","10":"first","11":"instock","12":"shipping-taxable","13":"product-type-simple"},"_links":{"self":[{"href":"https:\/\/www.zafena.se\/sv\/wp-json\/wp\/v2\/product\/337047","targetHints":{"allow":["GET"]}}],"collection":[{"href":"https:\/\/www.zafena.se\/sv\/wp-json\/wp\/v2\/product"}],"about":[{"href":"https:\/\/www.zafena.se\/sv\/wp-json\/wp\/v2\/types\/product"}],"wp:featuredmedia":[{"embeddable":true,"href":"https:\/\/www.zafena.se\/sv\/wp-json\/wp\/v2\/media\/337978"}],"wp:attachment":[{"href":"https:\/\/www.zafena.se\/sv\/wp-json\/wp\/v2\/media?parent=337047"}],"wp:term":[{"taxonomy":"product_brand","embeddable":true,"href":"https:\/\/www.zafena.se\/sv\/wp-json\/wp\/v2\/product_brand?post=337047"},{"taxonomy":"product_cat","embeddable":true,"href":"https:\/\/www.zafena.se\/sv\/wp-json\/wp\/v2\/product_cat?post=337047"},{"taxonomy":"product_tag","embeddable":true,"href":"https:\/\/www.zafena.se\/sv\/wp-json\/wp\/v2\/product_tag?post=337047"}],"curies":[{"name":"wp","href":"https:\/\/api.w.org\/{rel}","templated":true}]}}