{"id":288061,"date":"2023-01-10T13:18:46","date_gmt":"2023-01-10T12:18:46","guid":{"rendered":"https:\/\/www.zafena.se\/?post_type=product&#038;p=288061"},"modified":"2024-01-18T17:18:05","modified_gmt":"2024-01-18T16:18:05","slug":"diaquick-strep-a-cassette","status":"publish","type":"product","link":"https:\/\/www.zafena.se\/sv\/product\/diaquick-strep-a-cassette\/","title":{"rendered":"DIAQUICK STREP.A KASSETT eller DIPSTICK"},"content":{"rendered":"<p><span class=\"HwtZe\" lang=\"sv\"><span class=\"jCAhz ChMk0b\"><span class=\"ryNqvb\">DIAQUICK Strep A \u00e4r ett in vitro diagnostiskt snabbtest f\u00f6r detektering av<\/span><\/span> <span class=\"jCAhz ChMk0b\"><span class=\"ryNqvb\">Streptococcus pyogenes (Strep A).<\/span><\/span> <span class=\"jCAhz ChMk0b\"><span class=\"ryNqvb\">Produkten \u00e4r avsedd f\u00f6r professionellt bruk och provet<\/span><\/span> <span class=\"jCAhz ChMk0b\"><span class=\"ryNqvb\">material \u00e4r humant slem fr\u00e5n svalget och tonsillerna.<\/span><\/span> <span class=\"jCAhz ChMk0b\"><span class=\"ryNqvb\">Testet \u00e4r producerat av DIALAB GmbH.<\/span><\/span><\/span><\/p>\n<p><a href=\"https:\/\/www.zafena.se\/wp-content\/uploads\/Produktblad-DIAQUICK-Strep.A-Dipstick-se.pdf\" class=\"mtli_attachment mtli_pdf\">Produktblad DIAQUICK Strep.A Dipstick se<\/a><\/p>\n<p>&nbsp;<\/p>\n<p>&nbsp;<\/p>\n<p><img loading=\"lazy\" decoding=\"async\" class=\"alignnone wp-image-289192\" src=\"https:\/\/www.zafena.se\/wp-content\/uploads\/Skarmbild-fran-2022-12-14-14-55-12.png\" alt=\"\" width=\"284\" height=\"156\" srcset=\"https:\/\/www.zafena.se\/wp-content\/uploads\/Skarmbild-fran-2022-12-14-14-55-12.png 428w, https:\/\/www.zafena.se\/wp-content\/uploads\/Skarmbild-fran-2022-12-14-14-55-12-300x165.png 300w\" sizes=\"auto, (max-width: 284px) 100vw, 284px\" \/> \u00a0\u00a0\u00a0\u00a0\u00a0\u00a0\u00a0\u00a0\u00a0\u00a0\u00a0\u00a0 <img loading=\"lazy\" decoding=\"async\" class=\"alignnone size-full wp-image-332574\" src=\"https:\/\/www.zafena.se\/wp-content\/uploads\/Skarmbild-fran-2022-12-21-11-28-08.png\" alt=\"\" width=\"53\" height=\"160\" \/><\/p>\n<p><img loading=\"lazy\" decoding=\"async\" class=\"alignnone size-full wp-image-332563\" src=\"https:\/\/www.zafena.se\/wp-content\/uploads\/Skarmbild-fran-2022-12-21-11-28-27.png\" alt=\"\" width=\"217\" height=\"51\" \/><\/p>\n<p>Positiv\u00a0\u00a0\u00a0\u00a0\u00a0\u00a0\u00a0\u00a0\u00a0\u00a0\u00a0 Negativ\u00a0\u00a0\u00a0\u00a0\u00a0\u00a0 \u00a0 \u00a0 Ogiltig<\/p>\n<p><\/p>","protected":false},"excerpt":{"rendered":"<p>Diaquick Strep A test \u00e4r en kvalitativ snabbtest f\u00f6r p\u00e5visande av streptokock A antigen i svalgavstryksprov.<br \/>\nTestet inneh\u00e5ller antikropp f\u00f6r Strep A f\u00f6r att identifiera Strep A antigen i halsprovet. Om provet inneh\u00e5ller antigen fr\u00e5n grupp A streptokocker, kommer det att ske en reaktion som ger en r\u00f6d testlinje i avl\u00e4sningsf\u00e4ltet p\u00e5 testkassetten. Varje kit inneh\u00e5ller en positiv och en negativ kontroll.<\/p>\n<p>Produktnummer<\/p>\n<p>Z98223CE &#8211; Strep A Diaquick kassett &#8211; 20 test<\/p>\n<p>Z98230CE &#8211; Strep A Diaquick dipstick &#8211; 20 test<\/p>\n<ul>\n<li>Enkel procedur<\/li>\n<li>P\u00e5litliga tester<\/span><\/span><\/span><\/li>\n<li>Kostnadseffektivt<\/li>\n<li>Visuell avl\u00e4sning av resultat<\/li>\n<li>Resultat inom 5 till 10 minuter<\/li>\n<li>CE-m\u00e4rkt<\/li>\n<li>Inneh\u00e5ller kvalitetskontroll<\/li>\n<li>Singeltester i folie, med god h\u00e5llbarhet<\/li>\n<\/ul>\n<p>Antal test: 20<\/p>\n<p>Provmaterial: Hals prov<\/p>\n<p>H\u00e5llbarhet: 24 m\u00e5nader fr\u00e5n tillverkning.<\/p>\n<p>Best\u00e4llning g\u00f6rs via: order@zafena.se<\/p>\n","protected":false},"featured_media":289192,"template":"","meta":[],"product_brand":[],"product_cat":[144,124,81],"product_tag":[],"class_list":{"0":"post-288061","1":"product","2":"type-product","3":"status-publish","4":"has-post-thumbnail","6":"product_cat-snabbtester","7":"product_cat-strep-a","8":"product_cat-uncategorized","10":"first","11":"instock","12":"shipping-taxable","13":"product-type-simple"},"_links":{"self":[{"href":"https:\/\/www.zafena.se\/sv\/wp-json\/wp\/v2\/product\/288061","targetHints":{"allow":["GET"]}}],"collection":[{"href":"https:\/\/www.zafena.se\/sv\/wp-json\/wp\/v2\/product"}],"about":[{"href":"https:\/\/www.zafena.se\/sv\/wp-json\/wp\/v2\/types\/product"}],"wp:featuredmedia":[{"embeddable":true,"href":"https:\/\/www.zafena.se\/sv\/wp-json\/wp\/v2\/media\/289192"}],"wp:attachment":[{"href":"https:\/\/www.zafena.se\/sv\/wp-json\/wp\/v2\/media?parent=288061"}],"wp:term":[{"taxonomy":"product_brand","embeddable":true,"href":"https:\/\/www.zafena.se\/sv\/wp-json\/wp\/v2\/product_brand?post=288061"},{"taxonomy":"product_cat","embeddable":true,"href":"https:\/\/www.zafena.se\/sv\/wp-json\/wp\/v2\/product_cat?post=288061"},{"taxonomy":"product_tag","embeddable":true,"href":"https:\/\/www.zafena.se\/sv\/wp-json\/wp\/v2\/product_tag?post=288061"}],"curies":[{"name":"wp","href":"https:\/\/api.w.org\/{rel}","templated":true}]}}