{"id":280023,"date":"2022-12-20T11:29:42","date_gmt":"2022-12-20T10:29:42","guid":{"rendered":"https:\/\/www.zafena.se\/?post_type=product&#038;p=280023"},"modified":"2023-04-04T15:57:20","modified_gmt":"2023-04-04T13:57:20","slug":"hcg-cassette","status":"publish","type":"product","link":"https:\/\/www.zafena.se\/sv\/product\/hcg-cassette\/","title":{"rendered":"DIAQUICK hCG KASSETT eller DIPSTICK"},"content":{"rendered":"<p>Snabbtest f\u00f6r kvalitativ p\u00e5visning av hCG i urin, med avsikt att p\u00e5visa graviditet. I en normal graviditet, kan hCG p\u00e5visas b\u00e5de i serum och urin s\u00e5 tidigt som 7 till 10 dagar efter befruktning. hCG niv\u00e5n stiger snabbt och \u00f6verstiger 100 IU\/ml f\u00f6re den f\u00f6rsta uteblivna menstruationsperioden, och n\u00e5r en topp runt 100-200 IU\/ ml efter 10-12 veckor i graviditeten. F\u00f6rekomst av hCG b\u00e5de i urin och serum kort tid efter befruktning, och den snabba \u00f6kning av koncentration tidigt i graviditeten, \u00e4r en utm\u00e4rkt mark\u00f6r f\u00f6r tidigt p\u00e5visande av graviditet. Testen har en sensitivitet p\u00e5 25 IU\/ml. Resultatet l\u00e4ses av efter 3 minuter.<\/p>\n<p><\/span><\/span><\/span><\/p>\n<p><b>Singelkassett<br \/>\n<\/b>Placera testkassetten p\u00e5 ett rent och plant underlag. H\u00e5ll den medf\u00f6ljande eng\u00e5ngspipetten vertikalt och droppa avsedd m\u00e4ngd i testbrunnen. Starta klockan f\u00f6r senare avl\u00e4sning.<br \/>\n<\/span><\/span><\/span><\/p>\n<p><img loading=\"lazy\" decoding=\"async\" class=\"alignnone wp-image-280635\" src=\"https:\/\/www.zafena.se\/wp-content\/uploads\/Skarmbild-fran-2022-12-06-12-19-52.png\" alt=\"\" width=\"250\" height=\"175\" srcset=\"https:\/\/www.zafena.se\/wp-content\/uploads\/Skarmbild-fran-2022-12-06-12-19-52.png 442w, https:\/\/www.zafena.se\/wp-content\/uploads\/Skarmbild-fran-2022-12-06-12-19-52-300x210.png 300w\" sizes=\"auto, (max-width: 250px) 100vw, 250px\" \/> <img loading=\"lazy\" decoding=\"async\" class=\"alignnone wp-image-280544\" src=\"https:\/\/www.zafena.se\/wp-content\/uploads\/Skarmbild-fran-2022-12-14-14-19-21.png\" alt=\"\" width=\"179\" height=\"177\" srcset=\"https:\/\/www.zafena.se\/wp-content\/uploads\/Skarmbild-fran-2022-12-14-14-19-21.png 370w, https:\/\/www.zafena.se\/wp-content\/uploads\/Skarmbild-fran-2022-12-14-14-19-21-300x296.png 300w, https:\/\/www.zafena.se\/wp-content\/uploads\/Skarmbild-fran-2022-12-14-14-19-21-60x60.png 60w, https:\/\/www.zafena.se\/wp-content\/uploads\/Skarmbild-fran-2022-12-14-14-19-21-100x100.png 100w\" sizes=\"auto, (max-width: 179px) 100vw, 179px\" \/><\/p>","protected":false},"excerpt":{"rendered":"<p>Snabbtest f\u00f6r kvalitativ p\u00e5visning av hCG i urin, med avsikt att p\u00e5visa graviditet. I en normal graviditet, kan hCG p\u00e5visas b\u00e5de i serum och urin s\u00e5 tidigt som 7 till 10 dagar efter befruktning. hCG niv\u00e5n stiger snabbt och \u00f6verstiger 100 IU\/ml f\u00f6re den f\u00f6rsta uteblivna menstruationsperioden, och n\u00e5r en topp runt 100-200 IU\/ ml efter 10-12 veckor i graviditeten. F\u00f6rekomst av hCG b\u00e5de i urin och serum kort tid efter befruktning, och den snabba \u00f6kning av koncentration tidigt i graviditeten, \u00e4r en utm\u00e4rkt mark\u00f6r f\u00f6r tidigt p\u00e5visande av graviditet. Testen har en sensitivitet p\u00e5 25 IU\/ml. Resultatet l\u00e4ses av efter 3 minuter.<\/p>\n<p><\/span><\/span><\/span><\/p>\n<p>Produktnummer<\/p>\n<p>Z98404CE &#8211; DIAQUICK hCG Kassett &#8211; 30 test<\/p>\n<p>J01402-2CE &#8211; DIAQUICK hCG Dipstick &#8211; 30 test<\/p>\n<p>Z01405CE &#8211; DIAQUICK hCG Combo Kassett och Dipstick &#8211; 30 test<\/p>\n<ul>\n<li>Enkel procedur<\/li>\n<li>P\u00e5litliga tester<\/span><\/span><\/span><\/li>\n<li>Kostnadseffektivt<\/li>\n<li>Visuell avl\u00e4sning av resultat<\/li>\n<li>Resultat inom 3 till 10 minuter<\/li>\n<li>CE-m\u00e4rkt<\/li>\n<li>Inneh\u00e5ller kvalitetskontroll<\/li>\n<li>Singeltester i folie, med god h\u00e5llbarhet<\/li>\n<\/ul>\n<p>Antal test: 30<\/p>\n<p>Provmaterial: Urin, serum eller plasma<\/p>\n<p>H\u00e5llbarhet: 36 m\u00e5nader fr\u00e5n tillverkning.<\/p>\n<p>Best\u00e4llning g\u00f6rs via: order@zafena.se<\/p>\n","protected":false},"featured_media":280635,"template":"","meta":[],"product_brand":[],"product_cat":[145,144],"product_tag":[],"class_list":{"0":"post-280023","1":"product","2":"type-product","3":"status-publish","4":"has-post-thumbnail","6":"product_cat-hcg","7":"product_cat-snabbtester","9":"first","10":"instock","11":"shipping-taxable","12":"product-type-simple"},"_links":{"self":[{"href":"https:\/\/www.zafena.se\/sv\/wp-json\/wp\/v2\/product\/280023","targetHints":{"allow":["GET"]}}],"collection":[{"href":"https:\/\/www.zafena.se\/sv\/wp-json\/wp\/v2\/product"}],"about":[{"href":"https:\/\/www.zafena.se\/sv\/wp-json\/wp\/v2\/types\/product"}],"wp:featuredmedia":[{"embeddable":true,"href":"https:\/\/www.zafena.se\/sv\/wp-json\/wp\/v2\/media\/280635"}],"wp:attachment":[{"href":"https:\/\/www.zafena.se\/sv\/wp-json\/wp\/v2\/media?parent=280023"}],"wp:term":[{"taxonomy":"product_brand","embeddable":true,"href":"https:\/\/www.zafena.se\/sv\/wp-json\/wp\/v2\/product_brand?post=280023"},{"taxonomy":"product_cat","embeddable":true,"href":"https:\/\/www.zafena.se\/sv\/wp-json\/wp\/v2\/product_cat?post=280023"},{"taxonomy":"product_tag","embeddable":true,"href":"https:\/\/www.zafena.se\/sv\/wp-json\/wp\/v2\/product_tag?post=280023"}],"curies":[{"name":"wp","href":"https:\/\/api.w.org\/{rel}","templated":true}]}}