{"id":26516,"date":"2020-11-20T14:33:02","date_gmt":"2020-11-20T13:33:02","guid":{"rendered":"https:\/\/www.zafena.se\/?post_type=product&#038;p=26516"},"modified":"2021-03-04T15:22:12","modified_gmt":"2021-03-04T14:22:12","slug":"td-1242","status":"publish","type":"product","link":"https:\/\/www.zafena.se\/sv\/product\/td-1242\/","title":{"rendered":"TD-1242 Avst\u00e5ndstermometer"},"content":{"rendered":"<p><a href=\"https:\/\/www.zafena.se\/wp-content\/uploads\/TD-1242A_DM.pdf\" class=\"mtli_attachment mtli_pdf\">TD-1242A_DM<\/a><\/p>\n<p><a href=\"https:\/\/www.zafena.se\/wp-content\/uploads\/MSDS-Meter-TD-1242.pdf\" class=\"mtli_attachment mtli_pdf\">MSDS-Meter-TD-1242<\/a><\/p>\n<p><a href=\"https:\/\/www.zafena.se\/wp-content\/uploads\/No-Logo-TD-1242A_operation-instruction_No-Probe-Cover_Orange-light_EN_311-1242000-001_V5.pdf\" class=\"mtli_attachment mtli_pdf\">No-Logo-TD-1242A_operation-instruction<\/a><\/p>\n<p><a href=\"https:\/\/www.zafena.se\/wp-content\/uploads\/No-Logo-TD-1242A_operation-instruction_No-Probe-Cover_Orange-light_EN_311-1242000-001_V5.pdf\" class=\"mtli_attachment mtli_pdf\">No-Probe-Cover_Orange-light_EN_311-1242000-001_V5<\/a><\/p>\n","protected":false},"excerpt":{"rendered":"<p><strong>Avst\u00e5ndstermometer [TD-1242]<\/strong><\/p>\n<ul>\n<li>H\u00f6g temperatur varning<\/li>\n<li>Tre alternativ: Hud (panna), Barn eller Yta<\/li>\n<li>M\u00e4tavst\u00e5nd 5 centimeter<\/li>\n<li>Hygienisk, s\u00e4ker och l\u00e4tt att anv\u00e4nda.<\/li>\n<\/ul>\n<p><a href=\"https:\/\/youtu.be\/EdRrCehpq_Y\">Produktvideo<\/a><\/p>\n<p><img loading=\"lazy\" decoding=\"async\" class=\"alignnone size-medium wp-image-58785\" src=\"https:\/\/www.zafena.se\/wp-content\/uploads\/News-TD1242-300x300.jpg\" alt=\"\" width=\"300\" height=\"300\" srcset=\"https:\/\/www.zafena.se\/wp-content\/uploads\/News-TD1242-300x300.jpg 300w, https:\/\/www.zafena.se\/wp-content\/uploads\/News-TD1242-150x150.jpg 150w, https:\/\/www.zafena.se\/wp-content\/uploads\/News-TD1242-60x60.jpg 60w, https:\/\/www.zafena.se\/wp-content\/uploads\/News-TD1242-100x100.jpg 100w, https:\/\/www.zafena.se\/wp-content\/uploads\/News-TD1242.jpg 320w\" sizes=\"auto, (max-width: 300px) 100vw, 300px\" \/><\/p>\n","protected":false},"featured_media":58344,"template":"","meta":[],"product_brand":[],"product_cat":[17,93],"product_tag":[109,110],"class_list":{"0":"post-26516","1":"product","2":"type-product","3":"status-publish","4":"has-post-thumbnail","6":"product_cat-produkter","7":"product_cat-thermometer","8":"product_tag-covid-19","9":"product_tag-temperatur","11":"first","12":"instock","13":"shipping-taxable","14":"product-type-simple"},"_links":{"self":[{"href":"https:\/\/www.zafena.se\/sv\/wp-json\/wp\/v2\/product\/26516","targetHints":{"allow":["GET"]}}],"collection":[{"href":"https:\/\/www.zafena.se\/sv\/wp-json\/wp\/v2\/product"}],"about":[{"href":"https:\/\/www.zafena.se\/sv\/wp-json\/wp\/v2\/types\/product"}],"wp:featuredmedia":[{"embeddable":true,"href":"https:\/\/www.zafena.se\/sv\/wp-json\/wp\/v2\/media\/58344"}],"wp:attachment":[{"href":"https:\/\/www.zafena.se\/sv\/wp-json\/wp\/v2\/media?parent=26516"}],"wp:term":[{"taxonomy":"product_brand","embeddable":true,"href":"https:\/\/www.zafena.se\/sv\/wp-json\/wp\/v2\/product_brand?post=26516"},{"taxonomy":"product_cat","embeddable":true,"href":"https:\/\/www.zafena.se\/sv\/wp-json\/wp\/v2\/product_cat?post=26516"},{"taxonomy":"product_tag","embeddable":true,"href":"https:\/\/www.zafena.se\/sv\/wp-json\/wp\/v2\/product_tag?post=26516"}],"curies":[{"name":"wp","href":"https:\/\/api.w.org\/{rel}","templated":true}]}}