{"id":19319,"date":"2020-11-10T14:24:30","date_gmt":"2020-11-10T13:24:30","guid":{"rendered":"https:\/\/www.zafena.se\/?post_type=product&#038;p=19319"},"modified":"2022-09-20T12:44:19","modified_gmt":"2022-09-20T10:44:19","slug":"td-4289","status":"publish","type":"product","link":"https:\/\/www.zafena.se\/sv\/product\/td-4289\/","title":{"rendered":"[ZAF-143-1] &#8211; Handh\u00e5llen m\u00e4tare f\u00f6r analys av Glukos och Keton"},"content":{"rendered":"<p><img loading=\"lazy\" decoding=\"async\" class=\"alignnone size-full wp-image-275307\" src=\"https:\/\/www.zafena.se\/wp-content\/uploads\/TD-4289-GLU-KET-startkit-SE.png\" alt=\"ZAF-143-1 GLU KET startkit SE\" width=\"625\" height=\"554\" srcset=\"https:\/\/www.zafena.se\/wp-content\/uploads\/TD-4289-GLU-KET-startkit-SE.png 625w, https:\/\/www.zafena.se\/wp-content\/uploads\/TD-4289-GLU-KET-startkit-SE-300x266.png 300w, https:\/\/www.zafena.se\/wp-content\/uploads\/TD-4289-GLU-KET-startkit-SE-600x532.png 600w\" sizes=\"auto, (max-width: 625px) 100vw, 625px\" \/><\/p>\n<p><img loading=\"lazy\" decoding=\"async\" class=\"alignnone size-medium wp-image-21794\" src=\"https:\/\/www.zafena.se\/wp-content\/uploads\/Skarmbild-fran-2020-11-10-12-19-29-300x263.png\" alt=\"\" width=\"300\" height=\"263\" srcset=\"https:\/\/www.zafena.se\/wp-content\/uploads\/Skarmbild-fran-2020-11-10-12-19-29-300x263.png 300w, https:\/\/www.zafena.se\/wp-content\/uploads\/Skarmbild-fran-2020-11-10-12-19-29-600x526.png 600w, https:\/\/www.zafena.se\/wp-content\/uploads\/Skarmbild-fran-2020-11-10-12-19-29.png 733w\" sizes=\"auto, (max-width: 300px) 100vw, 300px\" \/><\/p>\n<p><img loading=\"lazy\" decoding=\"async\" class=\"alignnone size-medium wp-image-21743\" src=\"https:\/\/www.zafena.se\/wp-content\/uploads\/Skarmbild-fran-2020-11-10-12-20-09-300x158.png\" alt=\"XPER GLucose strip\" width=\"300\" height=\"158\" srcset=\"https:\/\/www.zafena.se\/wp-content\/uploads\/Skarmbild-fran-2020-11-10-12-20-09-300x158.png 300w, https:\/\/www.zafena.se\/wp-content\/uploads\/Skarmbild-fran-2020-11-10-12-20-09-1024x539.png 1024w, https:\/\/www.zafena.se\/wp-content\/uploads\/Skarmbild-fran-2020-11-10-12-20-09-768x405.png 768w, https:\/\/www.zafena.se\/wp-content\/uploads\/Skarmbild-fran-2020-11-10-12-20-09-600x316.png 600w, https:\/\/www.zafena.se\/wp-content\/uploads\/Skarmbild-fran-2020-11-10-12-20-09.png 1063w\" sizes=\"auto, (max-width: 300px) 100vw, 300px\" \/><\/p>\n<p><img loading=\"lazy\" decoding=\"async\" class=\"alignnone size-medium wp-image-21764\" src=\"https:\/\/www.zafena.se\/wp-content\/uploads\/Skarmbild-fran-2020-11-10-12-19-50-300x185.png\" alt=\"\" width=\"300\" height=\"185\" srcset=\"https:\/\/www.zafena.se\/wp-content\/uploads\/Skarmbild-fran-2020-11-10-12-19-50-300x185.png 300w, https:\/\/www.zafena.se\/wp-content\/uploads\/Skarmbild-fran-2020-11-10-12-19-50-768x474.png 768w, https:\/\/www.zafena.se\/wp-content\/uploads\/Skarmbild-fran-2020-11-10-12-19-50-600x371.png 600w, https:\/\/www.zafena.se\/wp-content\/uploads\/Skarmbild-fran-2020-11-10-12-19-50.png 816w\" sizes=\"auto, (max-width: 300px) 100vw, 300px\" \/><\/p>\n","protected":false},"excerpt":{"rendered":"<p><strong>[ZAF-143-1] Glukos- och Keton-m\u00e4tare<br \/>\n<\/strong><\/p>\n<p>Liten och smidig m\u00e4tare f\u00f6r <a href=\"https:\/\/www.zafena.se\/egenmonitorering\/\">egen-monitorering<\/a>, som \u00e4ven passar i l\u00e4karrummet och <a href=\"https:\/\/www.zafena.se\/poc-laboratoriet\/\">PNA-laboratoriet<\/a> tillsammans med <a href=\"https:\/\/www.zafena.se\/product\/zafena-552-poc-workstation\/\">POC-Workstation<\/a> f\u00f6r IT-support och uppkoppling till EPJ, Elektronisk Patient Journal.<\/p>\n<p>Liten provtagningsvolym<\/span><\/span><br \/>\n<strong>*<\/strong> Snabb och enkel att anv\u00e4nda<\/span><\/span><br \/>\n<strong>*<\/strong> L\u00e5ng h\u00e5llbarhet p\u00e5 stickorna<\/span><\/span><br \/>\n<strong>*<\/strong> Uppkoppling via <a href=\"https:\/\/www.zafena.se\/product\/zafena-552-poc-workstation\/\">POC-Workstation<\/a><\/span><\/span><br \/>\n<strong>*<\/strong> Belyst anslutning f\u00f6r testremsa.<\/span><\/span><br \/>\n<strong>*<\/strong> Knapp f\u00f6r att avl\u00e4gsna anv\u00e4nd testremsa.<\/span><\/span><br \/>\n<strong>*<\/strong> Automatisk identifikation av testremsa.<\/span><\/span><br \/>\n<strong>*<\/strong> Ansluten till <a href=\"https:\/\/support.diasend.com\/hc\/sv\/articles\/115004090229-Enheter-som-kan-%C3%B6verf%C3%B6ras-med-hj%C3%A4lp-av-din-dator-och-diasend-Uploader\">Diasend (TD-4289)<\/a>.<\/span><\/span><br \/>\n<strong>*<\/strong> Alarm<\/span><\/span><br \/>\n<strong>*<\/strong> Keton varning<\/span><\/span><br \/>\n<strong>*<\/strong> Genomsnitt per 7, 14, 21, 28, 60 eller 90 dagar.<\/span><\/span><\/p>\n<p>&nbsp;<\/p>\n[video width=\"1280\" height=\"720\" mp4=\"https:\/\/www.zafena.se\/wp-content\/uploads\/GluKet.mp4\"][\/video]\n<p><a href=\"https:\/\/www.zafena.se\/wp-content\/uploads\/XPER-Technology-TD-4289A-anvandar-manual-SE-20200904.pdf\">XPER Technology TD-4289A anv\u00e4ndar manual SE -20200904<\/a><\/p>\n<p>&nbsp;<\/p>\n","protected":false},"featured_media":189913,"template":"","meta":[],"product_brand":[],"product_cat":[88,89],"product_tag":[92,90,91],"class_list":{"0":"post-19319","1":"product","2":"type-product","3":"status-publish","4":"has-post-thumbnail","6":"product_cat-glukos","7":"product_cat-keton","8":"product_tag-blodsocker","9":"product_tag-glukos","10":"product_tag-ketone","12":"first","13":"instock","14":"shipping-taxable","15":"product-type-simple"},"_links":{"self":[{"href":"https:\/\/www.zafena.se\/sv\/wp-json\/wp\/v2\/product\/19319","targetHints":{"allow":["GET"]}}],"collection":[{"href":"https:\/\/www.zafena.se\/sv\/wp-json\/wp\/v2\/product"}],"about":[{"href":"https:\/\/www.zafena.se\/sv\/wp-json\/wp\/v2\/types\/product"}],"wp:featuredmedia":[{"embeddable":true,"href":"https:\/\/www.zafena.se\/sv\/wp-json\/wp\/v2\/media\/189913"}],"wp:attachment":[{"href":"https:\/\/www.zafena.se\/sv\/wp-json\/wp\/v2\/media?parent=19319"}],"wp:term":[{"taxonomy":"product_brand","embeddable":true,"href":"https:\/\/www.zafena.se\/sv\/wp-json\/wp\/v2\/product_brand?post=19319"},{"taxonomy":"product_cat","embeddable":true,"href":"https:\/\/www.zafena.se\/sv\/wp-json\/wp\/v2\/product_cat?post=19319"},{"taxonomy":"product_tag","embeddable":true,"href":"https:\/\/www.zafena.se\/sv\/wp-json\/wp\/v2\/product_tag?post=19319"}],"curies":[{"name":"wp","href":"https:\/\/api.w.org\/{rel}","templated":true}]}}