{"id":149328,"date":"2021-11-03T15:14:33","date_gmt":"2021-11-03T14:14:33","guid":{"rendered":"https:\/\/www.zafena.se\/?post_type=product&#038;p=149328"},"modified":"2025-12-16T13:43:36","modified_gmt":"2025-12-16T12:43:36","slug":"feses-fangareenfeses-catcher","status":"publish","type":"product","link":"https:\/\/www.zafena.se\/sv\/product\/feses-fangareenfeses-catcher\/","title":{"rendered":"Feces-F\u00e5ngare"},"content":{"rendered":"","protected":false},"excerpt":{"rendered":"<p>Produktnummer: ZAF-145-99<\/p>\n<p>Antal per f\u00f6rpackning: 50<\/p>\n<p>Best\u00e4llning g\u00f6rs via: order@zafena.se<\/p>\n<p>Produkten f\u00e4sts p\u00e5 toalettringen och hj\u00e4lper patienten vid provtagning av feces. Pappers-skyddet f\u00e5ngar upp avf\u00f6ringen, s\u00e5 att patienten, enkelt kan samla in provmaterial.<br \/>\nV\u00e5rden skickar, med f\u00f6rdel ut ett ark tillsammans med FOB, FOB-TRF f\u00f6r att underl\u00e4tta provtagningen.<\/p>\n<p>Feces-F\u00e5ngaren \u00e4r nedbrytbar och kan spolas ned i toaletten.<\/p>\n<p>Levereras i f\u00f6rpackningar om 50 ark.<\/p>\n<p><img loading=\"lazy\" decoding=\"async\" class=\"alignnone wp-image-149859\" src=\"https:\/\/www.zafena.se\/wp-content\/uploads\/feses-catcher.png\" alt=\"Feses-Catcher\" width=\"223\" height=\"184\" srcset=\"https:\/\/www.zafena.se\/wp-content\/uploads\/feses-catcher.png 1348w, https:\/\/www.zafena.se\/wp-content\/uploads\/feses-catcher-300x248.png 300w, https:\/\/www.zafena.se\/wp-content\/uploads\/feses-catcher-1024x848.png 1024w, https:\/\/www.zafena.se\/wp-content\/uploads\/feses-catcher-768x636.png 768w, https:\/\/www.zafena.se\/wp-content\/uploads\/feses-catcher-600x497.png 600w\" sizes=\"auto, (max-width: 223px) 100vw, 223px\" \/> \u00a0\u00a0\u00a0\u00a0\u00a0 <img loading=\"lazy\" decoding=\"async\" class=\"alignnone wp-image-149950\" src=\"https:\/\/www.zafena.se\/wp-content\/uploads\/Feses-catcher-2.png\" alt=\"Feses-Catcher w sample\" width=\"212\" height=\"180\" srcset=\"https:\/\/www.zafena.se\/wp-content\/uploads\/Feses-catcher-2.png 1288w, https:\/\/www.zafena.se\/wp-content\/uploads\/Feses-catcher-2-300x255.png 300w, https:\/\/www.zafena.se\/wp-content\/uploads\/Feses-catcher-2-1024x871.png 1024w, https:\/\/www.zafena.se\/wp-content\/uploads\/Feses-catcher-2-768x654.png 768w, https:\/\/www.zafena.se\/wp-content\/uploads\/Feses-catcher-2-600x511.png 600w\" sizes=\"auto, (max-width: 212px) 100vw, 212px\" \/><\/p>\n","protected":false},"featured_media":498825,"template":"","meta":[],"product_brand":[],"product_cat":[127,128,17,116,115],"product_tag":[],"class_list":{"0":"post-149328","1":"product","2":"type-product","3":"status-publish","4":"has-post-thumbnail","6":"product_cat-fob","7":"product_cat-fob-trf","8":"product_cat-produkter","9":"product_cat-selftest","10":"product_cat-sjalvtest","12":"first","13":"instock","14":"shipping-taxable","15":"product-type-simple"},"_links":{"self":[{"href":"https:\/\/www.zafena.se\/sv\/wp-json\/wp\/v2\/product\/149328","targetHints":{"allow":["GET"]}}],"collection":[{"href":"https:\/\/www.zafena.se\/sv\/wp-json\/wp\/v2\/product"}],"about":[{"href":"https:\/\/www.zafena.se\/sv\/wp-json\/wp\/v2\/types\/product"}],"wp:featuredmedia":[{"embeddable":true,"href":"https:\/\/www.zafena.se\/sv\/wp-json\/wp\/v2\/media\/498825"}],"wp:attachment":[{"href":"https:\/\/www.zafena.se\/sv\/wp-json\/wp\/v2\/media?parent=149328"}],"wp:term":[{"taxonomy":"product_brand","embeddable":true,"href":"https:\/\/www.zafena.se\/sv\/wp-json\/wp\/v2\/product_brand?post=149328"},{"taxonomy":"product_cat","embeddable":true,"href":"https:\/\/www.zafena.se\/sv\/wp-json\/wp\/v2\/product_cat?post=149328"},{"taxonomy":"product_tag","embeddable":true,"href":"https:\/\/www.zafena.se\/sv\/wp-json\/wp\/v2\/product_tag?post=149328"}],"curies":[{"name":"wp","href":"https:\/\/api.w.org\/{rel}","templated":true}]}}