{"id":147602,"date":"2021-11-03T14:42:12","date_gmt":"2021-11-03T13:42:12","guid":{"rendered":"https:\/\/www.zafena.se\/?post_type=product&#038;p=147602"},"modified":"2023-02-23T15:37:46","modified_gmt":"2023-02-23T14:37:46","slug":"i-chroma-m2","status":"publish","type":"product","link":"https:\/\/www.zafena.se\/sv\/product\/i-chroma-m2\/","title":{"rendered":"i-Chroma M2"},"content":{"rendered":"<p><img loading=\"lazy\" decoding=\"async\" class=\"alignnone size-full wp-image-148226\" src=\"https:\/\/www.zafena.se\/wp-content\/uploads\/Skarmbild-fran-2021-10-27-09-54-09.png\" alt=\"Kassetter till M2\" width=\"261\" height=\"162\" \/><\/p>\n","protected":false},"excerpt":{"rendered":"<p><span class=\"VIiyi\" lang=\"sv\"><span class=\"JLqJ4b ChMk0b\" data-language-for-alternatives=\"sv\" data-language-to-translate-into=\"en\" data-phrase-index=\"0\" data-number-of-phrases=\"3\">ichroma\u2122 M2 \u00e4r en kompakt, handh\u00e5llen plattform f\u00f6r immunanalys.<\/span> <span class=\"JLqJ4b ChMk0b\" data-language-for-alternatives=\"sv\" data-language-to-translate-into=\"en\" data-phrase-index=\"1\" data-number-of-phrases=\"3\">Den kan k\u00f6ras p\u00e5 externa batterier f\u00f6r mobilitet.<\/span> <span class=\"JLqJ4b ChMk0b\" data-language-for-alternatives=\"sv\" data-language-to-translate-into=\"en\" data-phrase-index=\"2\" data-number-of-phrases=\"3\">Systemet \u00e4r optimerat f\u00f6r att leverera diagnostik f\u00f6r luftv\u00e4gsinfektioner som COVID-19, influensa och RSV.<\/span><\/span><\/p>\n<p><span class=\"VIiyi\" lang=\"sv\"><span class=\"JLqJ4b ChMk0b\" data-language-for-alternatives=\"sv\" data-language-to-translate-into=\"en\" data-phrase-index=\"0\" data-number-of-phrases=\"1\">Metod: Fluorescensbaserad Lateral Flow Immunoassay<\/span><\/span><\/p>\n<ul>\n<li><span class=\"VIiyi\" lang=\"sv\"><span class=\"JLqJ4b ChMk0b\" data-language-for-alternatives=\"sv\" data-language-to-translate-into=\"en\" data-phrase-index=\"0\" data-number-of-phrases=\"1\">Testkassetter: <\/span><\/span><\/li>\n<li><span class=\"VIiyi\" lang=\"sv\"><span class=\"JLqJ4b ChMk0b\" data-language-for-alternatives=\"sv\" data-language-to-translate-into=\"en\" data-phrase-index=\"0\" data-number-of-phrases=\"1\">RSV<\/span><\/span><\/li>\n<li><span class=\"VIiyi\" lang=\"sv\"><span class=\"JLqJ4b ChMk0b\" data-language-for-alternatives=\"sv\" data-language-to-translate-into=\"en\" data-phrase-index=\"0\" data-number-of-phrases=\"1\">Strep-A<\/span><\/span><\/li>\n<li><span class=\"VIiyi\" lang=\"sv\"><span class=\"JLqJ4b ChMk0b\" data-language-for-alternatives=\"sv\" data-language-to-translate-into=\"en\" data-phrase-index=\"0\" data-number-of-phrases=\"1\">Influensa A+B<\/span><\/span><\/li>\n<li><span class=\"VIiyi\" lang=\"sv\"><span class=\"JLqJ4b ChMk0b\" data-language-for-alternatives=\"sv\" data-language-to-translate-into=\"en\" data-phrase-index=\"0\" data-number-of-phrases=\"1\">Influensa A+B\/RSV combo<\/span><\/span><\/li>\n<li><span class=\"VIiyi\" lang=\"sv\"><span class=\"JLqJ4b ChMk0b\" data-language-for-alternatives=\"sv\" data-language-to-translate-into=\"en\" data-phrase-index=\"0\" data-number-of-phrases=\"1\">Mycoplasma<\/span><\/span><\/li>\n<li><span class=\"VIiyi\" lang=\"sv\"><span class=\"JLqJ4b ChMk0b\" data-language-for-alternatives=\"sv\" data-language-to-translate-into=\"en\" data-phrase-index=\"0\" data-number-of-phrases=\"1\">Covid-19 Ag<\/span><\/span><\/li>\n<li><span class=\"VIiyi\" lang=\"sv\"><span class=\"JLqJ4b ChMk0b\" data-language-for-alternatives=\"sv\" data-language-to-translate-into=\"en\" data-phrase-index=\"0\" data-number-of-phrases=\"1\">Covid-19 Ab<\/span><\/span><\/li>\n<li><span class=\"VIiyi\" lang=\"sv\"><span class=\"JLqJ4b ChMk0b\" data-language-for-alternatives=\"sv\" data-language-to-translate-into=\"en\" data-phrase-index=\"0\" data-number-of-phrases=\"1\">Covid-19 nAb<\/span><\/span><\/li>\n<li><span class=\"VIiyi\" lang=\"sv\"><span class=\"JLqJ4b ChMk0b\" data-language-for-alternatives=\"sv\" data-language-to-translate-into=\"en\" data-phrase-index=\"0\" data-number-of-phrases=\"1\">Covid-19\/flu Ag combo<\/span><\/span><\/li>\n<\/ul>\n<p><a href=\"https:\/\/www.zafena.se\/wp-content\/uploads\/Respiratory-Solution-M2-en-2021.pdf\">Respiratory Solution M2 (en) 2021<\/a><\/p>\n<p>Kontakta oss f\u00f6r ytterligare information: order@zafena.se<\/p>\n","protected":false},"featured_media":148113,"template":"","meta":[],"product_brand":[],"product_cat":[96,94,125,126,17,123,124],"product_tag":[],"class_list":{"0":"post-147602","1":"product","2":"type-product","3":"status-publish","4":"has-post-thumbnail","6":"product_cat-corona","7":"product_cat-covid-19","8":"product_cat-influenza-ab","9":"product_cat-mycoplasma","10":"product_cat-produkter","11":"product_cat-rsv","12":"product_cat-strep-a","14":"first","15":"instock","16":"shipping-taxable","17":"product-type-simple"},"_links":{"self":[{"href":"https:\/\/www.zafena.se\/sv\/wp-json\/wp\/v2\/product\/147602","targetHints":{"allow":["GET"]}}],"collection":[{"href":"https:\/\/www.zafena.se\/sv\/wp-json\/wp\/v2\/product"}],"about":[{"href":"https:\/\/www.zafena.se\/sv\/wp-json\/wp\/v2\/types\/product"}],"wp:featuredmedia":[{"embeddable":true,"href":"https:\/\/www.zafena.se\/sv\/wp-json\/wp\/v2\/media\/148113"}],"wp:attachment":[{"href":"https:\/\/www.zafena.se\/sv\/wp-json\/wp\/v2\/media?parent=147602"}],"wp:term":[{"taxonomy":"product_brand","embeddable":true,"href":"https:\/\/www.zafena.se\/sv\/wp-json\/wp\/v2\/product_brand?post=147602"},{"taxonomy":"product_cat","embeddable":true,"href":"https:\/\/www.zafena.se\/sv\/wp-json\/wp\/v2\/product_cat?post=147602"},{"taxonomy":"product_tag","embeddable":true,"href":"https:\/\/www.zafena.se\/sv\/wp-json\/wp\/v2\/product_tag?post=147602"}],"curies":[{"name":"wp","href":"https:\/\/api.w.org\/{rel}","templated":true}]}}