{"id":136428,"date":"2021-11-02T13:23:28","date_gmt":"2021-11-02T12:23:28","guid":{"rendered":"https:\/\/www.zafena.se\/?post_type=product&#038;p=136428"},"modified":"2021-11-02T13:23:31","modified_gmt":"2021-11-02T12:23:31","slug":"kroppsvag-td-2555","status":"publish","type":"product","link":"https:\/\/www.zafena.se\/sv\/product\/kroppsvag-td-2555\/","title":{"rendered":"Kroppsv\u00e5g TD-2555"},"content":{"rendered":"","protected":false},"excerpt":{"rendered":"<p><span class=\"VIiyi\" lang=\"sv\"><span class=\"JLqJ4b ChMk0b\" data-language-for-alternatives=\"sv\" data-language-to-translate-into=\"en\" data-phrase-index=\"0\" data-number-of-phrases=\"3\">Denna kroppsv\u00e5g m\u00e4ter vikt.<\/span> <span class=\"JLqJ4b ChMk0b\" data-language-for-alternatives=\"sv\" data-language-to-translate-into=\"en\" data-phrase-index=\"1\" data-number-of-phrases=\"3\">I kombination med <a href=\"https:\/\/www.zafena.se\/product\/zafena-552-poc-workstation\/\">POC-Workstation<\/a> kan du l\u00e4gga till h\u00f6jd och f\u00e5 ber\u00e4knat BMI.<\/span> <span class=\"JLqJ4b ChMk0b\" data-language-for-alternatives=\"sv\" data-language-to-translate-into=\"en\" data-phrase-index=\"2\" data-number-of-phrases=\"3\">POC-arbetsstationen beh\u00f6vs ocks\u00e5 f\u00f6r att f\u00e5 anslutning mot EHR \/ LIS.<\/span><\/span><\/p>\n","protected":false},"featured_media":136961,"template":"","meta":[],"product_brand":[],"product_cat":[121,86,17,116,120],"product_tag":[],"class_list":{"0":"post-136428","1":"product","2":"type-product","3":"status-publish","4":"has-post-thumbnail","6":"product_cat-bmi","7":"product_cat-poc-workstation","8":"product_cat-produkter","9":"product_cat-selftest","10":"product_cat-vikt","12":"first","13":"instock","14":"shipping-taxable","15":"product-type-simple"},"_links":{"self":[{"href":"https:\/\/www.zafena.se\/sv\/wp-json\/wp\/v2\/product\/136428","targetHints":{"allow":["GET"]}}],"collection":[{"href":"https:\/\/www.zafena.se\/sv\/wp-json\/wp\/v2\/product"}],"about":[{"href":"https:\/\/www.zafena.se\/sv\/wp-json\/wp\/v2\/types\/product"}],"wp:featuredmedia":[{"embeddable":true,"href":"https:\/\/www.zafena.se\/sv\/wp-json\/wp\/v2\/media\/136961"}],"wp:attachment":[{"href":"https:\/\/www.zafena.se\/sv\/wp-json\/wp\/v2\/media?parent=136428"}],"wp:term":[{"taxonomy":"product_brand","embeddable":true,"href":"https:\/\/www.zafena.se\/sv\/wp-json\/wp\/v2\/product_brand?post=136428"},{"taxonomy":"product_cat","embeddable":true,"href":"https:\/\/www.zafena.se\/sv\/wp-json\/wp\/v2\/product_cat?post=136428"},{"taxonomy":"product_tag","embeddable":true,"href":"https:\/\/www.zafena.se\/sv\/wp-json\/wp\/v2\/product_tag?post=136428"}],"curies":[{"name":"wp","href":"https:\/\/api.w.org\/{rel}","templated":true}]}}