{"id":133695,"date":"2021-11-02T12:52:33","date_gmt":"2021-11-02T11:52:33","guid":{"rendered":"https:\/\/www.zafena.se\/?post_type=product&#038;p=133695"},"modified":"2021-11-02T13:07:46","modified_gmt":"2021-11-02T12:07:46","slug":"spirometer-pef-fev1","status":"publish","type":"product","link":"https:\/\/www.zafena.se\/sv\/product\/spirometer-pef-fev1\/","title":{"rendered":"Spirometer, PEF &#8211; FEV1"},"content":{"rendered":"","protected":false},"excerpt":{"rendered":"<p>Denna enkla Spirometer m\u00e4ter &#8221;Topp&#8221; och &#8221;Fl\u00f6de&#8221;, PEF och FEV1, med mycket h\u00f6g noggrannhet. M\u00e4tningen utf\u00f6rs genom att m\u00e4ta lufttryck, vilket betyder att den inte har n\u00e5gra r\u00f6rliga delar.<\/p>\n","protected":false},"featured_media":134777,"template":"","meta":[],"product_brand":[],"product_cat":[119,118,86,17,115,117],"product_tag":[],"class_list":{"0":"post-133695","1":"product","2":"type-product","3":"status-publish","4":"has-post-thumbnail","6":"product_cat-fev1","7":"product_cat-pef","8":"product_cat-poc-workstation","9":"product_cat-produkter","10":"product_cat-sjalvtest","11":"product_cat-spirometri","13":"first","14":"instock","15":"shipping-taxable","16":"product-type-simple"},"_links":{"self":[{"href":"https:\/\/www.zafena.se\/sv\/wp-json\/wp\/v2\/product\/133695","targetHints":{"allow":["GET"]}}],"collection":[{"href":"https:\/\/www.zafena.se\/sv\/wp-json\/wp\/v2\/product"}],"about":[{"href":"https:\/\/www.zafena.se\/sv\/wp-json\/wp\/v2\/types\/product"}],"wp:featuredmedia":[{"embeddable":true,"href":"https:\/\/www.zafena.se\/sv\/wp-json\/wp\/v2\/media\/134777"}],"wp:attachment":[{"href":"https:\/\/www.zafena.se\/sv\/wp-json\/wp\/v2\/media?parent=133695"}],"wp:term":[{"taxonomy":"product_brand","embeddable":true,"href":"https:\/\/www.zafena.se\/sv\/wp-json\/wp\/v2\/product_brand?post=133695"},{"taxonomy":"product_cat","embeddable":true,"href":"https:\/\/www.zafena.se\/sv\/wp-json\/wp\/v2\/product_cat?post=133695"},{"taxonomy":"product_tag","embeddable":true,"href":"https:\/\/www.zafena.se\/sv\/wp-json\/wp\/v2\/product_tag?post=133695"}],"curies":[{"name":"wp","href":"https:\/\/api.w.org\/{rel}","templated":true}]}}