{"id":121,"date":"2017-06-27T12:38:23","date_gmt":"2017-06-27T10:38:23","guid":{"rendered":"http:\/\/zafena.gudinna.com\/?post_type=product&#038;p=121"},"modified":"2022-07-29T09:08:12","modified_gmt":"2022-07-29T07:08:12","slug":"mixxocap","status":"publish","type":"product","link":"https:\/\/www.zafena.se\/sv\/product\/mixxocap\/","title":{"rendered":"MixxoCap\u00ae [ZAF-101-3]  patenterad provtagningskappil\u00e4r med blandningsfunktion 10uL"},"content":{"rendered":"<p> MixxoCap \u00e4r en eng\u00e5ngs-pipett f\u00f6r extrhering och dispensering av 10uL blod. Detta \u00e4r en del av test-kitet till Simple Simon PT. MixxoCap \u00e4r en patenterad produkt fr\u00e5n Zafena.<\/p>\r\n\r\n<p><a href=\"https:\/\/www.zafena.se\/wp-content\/uploads\/2017\/06\/MixxoCap-procedur-sv.pdf\" class=\"mtli_attachment mtli_pdf\">MixxoCap procedur sv<\/a><\/p>\r\n<p><\/p>","protected":false},"excerpt":{"rendered":"<p> MixxoCap [ZAF-101-3] \u00e4r en eng\u00e5ngs-pipett f\u00f6r extrahering och dispensering av 10uL prov. Levereras i p\u00e5sar om 100 st.<\/p><\/p>\n","protected":false},"featured_media":119,"template":"","meta":[],"product_brand":[],"product_cat":[17,16],"product_tag":[],"class_list":{"0":"post-121","1":"product","2":"type-product","3":"status-publish","4":"has-post-thumbnail","6":"product_cat-produkter","7":"product_cat-simple_simon","9":"first","10":"instock","11":"shipping-taxable","12":"product-type-simple"},"_links":{"self":[{"href":"https:\/\/www.zafena.se\/sv\/wp-json\/wp\/v2\/product\/121","targetHints":{"allow":["GET"]}}],"collection":[{"href":"https:\/\/www.zafena.se\/sv\/wp-json\/wp\/v2\/product"}],"about":[{"href":"https:\/\/www.zafena.se\/sv\/wp-json\/wp\/v2\/types\/product"}],"wp:featuredmedia":[{"embeddable":true,"href":"https:\/\/www.zafena.se\/sv\/wp-json\/wp\/v2\/media\/119"}],"wp:attachment":[{"href":"https:\/\/www.zafena.se\/sv\/wp-json\/wp\/v2\/media?parent=121"}],"wp:term":[{"taxonomy":"product_brand","embeddable":true,"href":"https:\/\/www.zafena.se\/sv\/wp-json\/wp\/v2\/product_brand?post=121"},{"taxonomy":"product_cat","embeddable":true,"href":"https:\/\/www.zafena.se\/sv\/wp-json\/wp\/v2\/product_cat?post=121"},{"taxonomy":"product_tag","embeddable":true,"href":"https:\/\/www.zafena.se\/sv\/wp-json\/wp\/v2\/product_tag?post=121"}],"curies":[{"name":"wp","href":"https:\/\/api.w.org\/{rel}","templated":true}]}}