{"id":115,"date":"2017-06-27T09:38:41","date_gmt":"2017-06-27T07:38:41","guid":{"rendered":"http:\/\/zafena.gudinna.com\/?post_type=product&#038;p=115"},"modified":"2022-03-03T15:18:37","modified_gmt":"2022-03-03T14:18:37","slug":"zafena-702-simple-simon-ua-plus","status":"publish","type":"product","link":"https:\/\/www.zafena.se\/sv\/product\/zafena-702-simple-simon-ua-plus\/","title":{"rendered":"Simple Simon\u00ae UA Plus [ZAF-702] &#8211; Patientn\u00e4ra urinsticksm\u00e4tare"},"content":{"rendered":"<p><img loading=\"lazy\" decoding=\"async\" class=\"alignnone  wp-image-232222\" src=\"https:\/\/www.zafena.se\/wp-content\/uploads\/Skarmbild-fran-2022-03-03-15-04-46.png\" alt=\"\" width=\"435\" height=\"237\" srcset=\"https:\/\/www.zafena.se\/wp-content\/uploads\/Skarmbild-fran-2022-03-03-15-04-46.png 831w, https:\/\/www.zafena.se\/wp-content\/uploads\/Skarmbild-fran-2022-03-03-15-04-46-300x164.png 300w, https:\/\/www.zafena.se\/wp-content\/uploads\/Skarmbild-fran-2022-03-03-15-04-46-768x419.png 768w, https:\/\/www.zafena.se\/wp-content\/uploads\/Skarmbild-fran-2022-03-03-15-04-46-460x250.png 460w, https:\/\/www.zafena.se\/wp-content\/uploads\/Skarmbild-fran-2022-03-03-15-04-46-600x327.png 600w\" sizes=\"auto, (max-width: 435px) 100vw, 435px\" \/><br \/>\n Upp till tre valfria m\u00e4tare kan anslutas till samma arbetsstation parallellt, vilket effektiviserar och f\u00f6renklar digitaliseringen inom v\u00e5rden. <\/p>\n<p><img loading=\"lazy\" decoding=\"async\" class=\"alignnone  wp-image-232383\" src=\"https:\/\/www.zafena.se\/wp-content\/uploads\/Skarmbild-fran-2022-03-03-15-06-41.png\" alt=\"\" width=\"345\" height=\"217\" srcset=\"https:\/\/www.zafena.se\/wp-content\/uploads\/Skarmbild-fran-2022-03-03-15-06-41.png 713w, https:\/\/www.zafena.se\/wp-content\/uploads\/Skarmbild-fran-2022-03-03-15-06-41-300x189.png 300w, https:\/\/www.zafena.se\/wp-content\/uploads\/Skarmbild-fran-2022-03-03-15-06-41-600x378.png 600w\" sizes=\"auto, (max-width: 345px) 100vw, 345px\" \/><br \/>\n F\u00e4rgerna fr\u00e5n en torr sticka presenteras parallellt med de uppm\u00e4tta f\u00e4rgerna, vilket ger operat\u00f6r en extra visuell verifiering. <\/p>","protected":false},"excerpt":{"rendered":"<ul>\n<li>60 test \/ tim<\/li>\n<li>Streckkodsl\u00e4sare<\/li>\n<li>Kvittoskrivare<\/li>\n<li>Ethernet och Wifi<\/li>\n<li>7\u201d pek-sk\u00e4rm<\/li>\n<li>H\u00f6gtalare<\/li>\n<li>USB och Bl\u00e5tand<\/li>\n<li>Poct1A Generell accesspunkt<\/li>\n<li>Continua FHIR Gateway<\/li>\n<li>CE<\/li>\n<\/ul>\n<p>Simple Simon UA Plus fr\u00e5n Zafena \u00e4r en flexibel, modul\u00e4r analysator som best\u00e5r av tre huvuddelar; Urinsticksl\u00e4saren (M\u00e4tare), POC-Workstation (IT-st\u00f6d) och en streckkodsl\u00e4sare (Skanner). POC-Workstation \u00e4r anslutningspunkt f\u00f6r upp till tre samtidiga kabelanslutna och flera BT-anslutna m\u00e4tare.<\/p>\n<p>Det \u00e4r mycket enkelt att ansluta nya m\u00e4tare genom den patenterade instrument-tag som ansluter och parar ihop enheterna utan speciell IT-kunskap eller problem. M\u00e4taren har en sl\u00e4de f\u00f6r placering av urinstickan, en P\u00c5\/AV-knapp och en START-knapp.<\/p>\n<p>M\u00e4taren ansluts till POC-Workstation via en USB-kabel och kan placeras p\u00e5 avst\u00e5nd fr\u00e5n POC-Workstation, som kan h\u00e4ngas p\u00e5 v\u00e4ggen. Interaktionen med analysatorn sker genom den 7\u201d stora peksk\u00e4rmen i f\u00e4rg eller den anslutna streckkodsl\u00e4saren. Den inbyggda kvittoskrivaren \u00e4r till f\u00f6r att skriva ut resultat, men framf\u00f6r allt f\u00f6r att skriva ut laboratorieordrar, inklusive laboratorie-ID och beg\u00e4rda analyter.<\/p>\n<p>Metod: <a href=\"https:\/\/www.zafena.se\/wp-content\/uploads\/ZAF-forklaring-reflektometrisk.pdf\">Reflektometrisk<\/a><\/p>\n<p>Smart och smidigt instrument f\u00f6r avl\u00e4sning av prim\u00e4rv\u00e5rd CYBOW\u2122 och f\u00f6r <a href=\"https:\/\/www.boulemedical.se\/produkter\/veterinar\/\">veterin\u00e4r HealthMate\u2122<\/a> urinstickor.<\/p>\n<ul>\n<li><a href=\"https:\/\/www.zafena.se\/product\/cybow-8a-2\/\">CYBOW 8A<\/a><\/li>\n<li><a href=\"https:\/\/www.boulemedical.se\/produkter\/veterinar\/\">HEALTH MATE\u2122 VET<\/a><\/li>\n<\/ul>\n<p>Produkten Simple Simon\u00ae UA Plus ZAF-702 best\u00e5r av ZAF-130-1 urinstickm\u00e4tare samt <a href=\"https:\/\/www.zafena.se\/product\/zafena-552-simple-simon-plus-skarm\/\">ZAF-552 POC-Workstation<\/a>.<\/p>\n<p><strong>Publikationer<\/strong><\/p>\n<p><img loading=\"lazy\" decoding=\"async\" class=\"alignnone wp-image-228195\" src=\"https:\/\/www.zafena.se\/wp-content\/uploads\/Svensk-flagga.png\" alt=\"\" width=\"25\" height=\"16\" srcset=\"https:\/\/www.zafena.se\/wp-content\/uploads\/Svensk-flagga.png 382w, https:\/\/www.zafena.se\/wp-content\/uploads\/Svensk-flagga-300x190.png 300w, https:\/\/www.zafena.se\/wp-content\/uploads\/Svensk-flagga-320x210.png 320w\" sizes=\"auto, (max-width: 25px) 100vw, 25px\" \/> <a href=\"https:\/\/www.zafena.se\/wp-content\/uploads\/SE-SSUA-Plus-Handout-20220302.pdf\">SE SSUA Plus Handout 20220302<\/a><\/p>\n<p><img loading=\"lazy\" decoding=\"async\" class=\"alignnone wp-image-228195\" src=\"https:\/\/www.zafena.se\/wp-content\/uploads\/Svensk-flagga.png\" alt=\"\" width=\"25\" height=\"16\" srcset=\"https:\/\/www.zafena.se\/wp-content\/uploads\/Svensk-flagga.png 382w, https:\/\/www.zafena.se\/wp-content\/uploads\/Svensk-flagga-300x190.png 300w, https:\/\/www.zafena.se\/wp-content\/uploads\/Svensk-flagga-320x210.png 320w\" sizes=\"auto, (max-width: 25px) 100vw, 25px\" \/> <a href=\"https:\/\/www.zafena.se\/wp-content\/uploads\/Manual-SSUA-Plus-SE-20180227.pdf\">Manual SSUA Plus SE &#8211; 20180227<\/a><\/p>\n<p><a href=\"https:\/\/www.zafena.se\/wp-content\/uploads\/QG-SSUA-Plus-SE-20170919.pdf\"><img loading=\"lazy\" decoding=\"async\" class=\"alignnone wp-image-228195\" src=\"https:\/\/www.zafena.se\/wp-content\/uploads\/Svensk-flagga.png\" alt=\"\" width=\"25\" height=\"16\" srcset=\"https:\/\/www.zafena.se\/wp-content\/uploads\/Svensk-flagga.png 382w, https:\/\/www.zafena.se\/wp-content\/uploads\/Svensk-flagga-300x190.png 300w, https:\/\/www.zafena.se\/wp-content\/uploads\/Svensk-flagga-320x210.png 320w\" sizes=\"auto, (max-width: 25px) 100vw, 25px\" \/> Snabbguide SSUA Plus SE 20170919<\/a><\/p>\n<p><a href=\"https:\/\/www.zafena.se\/wp-content\/uploads\/2017\/06\/QIG-Urinsticka-Plus-20170621-SE.pdf\" target=\"_blank\" rel=\"noopener noreferrer\"><img loading=\"lazy\" decoding=\"async\" class=\"alignnone wp-image-228195\" src=\"https:\/\/www.zafena.se\/wp-content\/uploads\/Svensk-flagga.png\" alt=\"\" width=\"25\" height=\"16\" srcset=\"https:\/\/www.zafena.se\/wp-content\/uploads\/Svensk-flagga.png 382w, https:\/\/www.zafena.se\/wp-content\/uploads\/Svensk-flagga-300x190.png 300w, https:\/\/www.zafena.se\/wp-content\/uploads\/Svensk-flagga-320x210.png 320w\" sizes=\"auto, (max-width: 25px) 100vw, 25px\" \/> Installationsguide 2017 06 21<\/a><\/p>\n<p><img loading=\"lazy\" decoding=\"async\" class=\"alignnone wp-image-228195\" src=\"https:\/\/www.zafena.se\/wp-content\/uploads\/Svensk-flagga.png\" alt=\"\" width=\"25\" height=\"16\" srcset=\"https:\/\/www.zafena.se\/wp-content\/uploads\/Svensk-flagga.png 382w, https:\/\/www.zafena.se\/wp-content\/uploads\/Svensk-flagga-300x190.png 300w, https:\/\/www.zafena.se\/wp-content\/uploads\/Svensk-flagga-320x210.png 320w\" sizes=\"auto, (max-width: 25px) 100vw, 25px\" \/> <a href=\"https:\/\/www.zafena.se\/wp-content\/uploads\/ZAF-forklaring-reflektometrisk.pdf\">ZAF f\u00f6rklaring &#8211; reflektometrisk<\/a><\/p>\n<p><img loading=\"lazy\" decoding=\"async\" class=\"alignnone size-full wp-image-126\" src=\"https:\/\/www.zafena.se\/wp-content\/uploads\/2017\/06\/pdf_bild.png\" alt=\"\" width=\"18\" height=\"25\" \/> <a href=\"https:\/\/www.zafena.se\/wp-content\/uploads\/CE-Simple-Simon-UA-Plus-20170922.pdf\">CE &#8211; Simple Simon UA Plus 20170922<\/a><\/p>\n<p><img loading=\"lazy\" decoding=\"async\" class=\"alignnone wp-image-228195\" src=\"https:\/\/www.zafena.se\/wp-content\/uploads\/Svensk-flagga.png\" alt=\"\" width=\"25\" height=\"16\" srcset=\"https:\/\/www.zafena.se\/wp-content\/uploads\/Svensk-flagga.png 382w, https:\/\/www.zafena.se\/wp-content\/uploads\/Svensk-flagga-300x190.png 300w, https:\/\/www.zafena.se\/wp-content\/uploads\/Svensk-flagga-320x210.png 320w\" sizes=\"auto, (max-width: 25px) 100vw, 25px\" \/> <a href=\"https:\/\/www.zafena.se\/wp-content\/uploads\/SSUA-Plus-Alb_Krea-20200206.pdf\">SSUA Plus Alb_Krea 20200206<\/a><\/p>\n<p><a href=\"https:\/\/www.zafena.se\/wp-content\/uploads\/2017\/07\/QIG-Urinsticka-Plus-20170621-ENG-1.pdf\" target=\"_blank\" rel=\"noopener noreferrer\"><img loading=\"lazy\" decoding=\"async\" class=\"alignnone wp-image-228122\" src=\"https:\/\/www.zafena.se\/wp-content\/uploads\/Brittisk-flagga.png\" alt=\"\" width=\"26\" height=\"16\" srcset=\"https:\/\/www.zafena.se\/wp-content\/uploads\/Brittisk-flagga.png 313w, https:\/\/www.zafena.se\/wp-content\/uploads\/Brittisk-flagga-300x191.png 300w\" sizes=\"auto, (max-width: 26px) 100vw, 26px\" \/><\/a> <a href=\"https:\/\/www.zafena.se\/wp-content\/uploads\/Test-Report-No_TCF06-8-06_Clinical.pdf\">Test Report No_TCF06-8-06_Clinical<\/a><\/p>\n","protected":false},"featured_media":3260,"template":"","meta":[],"product_brand":[],"product_cat":[87,86,80],"product_tag":[],"class_list":{"0":"post-115","1":"product","2":"type-product","3":"status-publish","4":"has-post-thumbnail","6":"product_cat-cybow","7":"product_cat-poc-workstation","8":"product_cat-simple-simon-ua-plus","10":"first","11":"instock","12":"featured","13":"shipping-taxable","14":"product-type-simple"},"_links":{"self":[{"href":"https:\/\/www.zafena.se\/sv\/wp-json\/wp\/v2\/product\/115","targetHints":{"allow":["GET"]}}],"collection":[{"href":"https:\/\/www.zafena.se\/sv\/wp-json\/wp\/v2\/product"}],"about":[{"href":"https:\/\/www.zafena.se\/sv\/wp-json\/wp\/v2\/types\/product"}],"wp:featuredmedia":[{"embeddable":true,"href":"https:\/\/www.zafena.se\/sv\/wp-json\/wp\/v2\/media\/3260"}],"wp:attachment":[{"href":"https:\/\/www.zafena.se\/sv\/wp-json\/wp\/v2\/media?parent=115"}],"wp:term":[{"taxonomy":"product_brand","embeddable":true,"href":"https:\/\/www.zafena.se\/sv\/wp-json\/wp\/v2\/product_brand?post=115"},{"taxonomy":"product_cat","embeddable":true,"href":"https:\/\/www.zafena.se\/sv\/wp-json\/wp\/v2\/product_cat?post=115"},{"taxonomy":"product_tag","embeddable":true,"href":"https:\/\/www.zafena.se\/sv\/wp-json\/wp\/v2\/product_tag?post=115"}],"curies":[{"name":"wp","href":"https:\/\/api.w.org\/{rel}","templated":true}]}}