{"id":87,"date":"2017-06-26T17:04:46","date_gmt":"2017-06-26T15:04:46","guid":{"rendered":"http:\/\/zafena.gudinna.com\/?page_id=87"},"modified":"2024-08-27T12:02:53","modified_gmt":"2024-08-27T10:02:53","slug":"kontakt","status":"publish","type":"page","link":"https:\/\/www.zafena.se\/sv\/kontakt\/","title":{"rendered":"Kontakt"},"content":{"rendered":"<p class=\"has-text-align-center\"><!-- Widget Shortcode --><style type=\"text\/css\">\n.qtranxs_widget ul { margin: 0; }\r\n.qtranxs_widget ul li\r\n{\r\ndisplay: inline; \/* horizontal list, use \"list-item\" or other appropriate value for vertical list *\/\r\nlist-style-type: none; \/* use \"initial\" or other to enable bullets *\/\r\nmargin: 0 5px 0 0; \/* adjust spacing between items *\/\r\nopacity: 0.5;\r\n-o-transition: 1s ease opacity;\r\n-moz-transition: 1s ease opacity;\r\n-webkit-transition: 1s ease opacity;\r\ntransition: 1s ease opacity;\r\n}\r\n\/* .qtranxs_widget ul li span { margin: 0 5px 0 0; } *\/ \/* other way to control spacing *\/\r\n.qtranxs_widget ul li.active { opacity: 0.8; }\r\n.qtranxs_widget ul li:hover { opacity: 1; }\r\n.qtranxs_widget img { box-shadow: none; vertical-align: middle; display: initial; }\r\n.qtranxs_flag { height:12px; width:18px; display:block; }\r\n.qtranxs_flag_and_text { padding-left:20px; }\r\n.qtranxs_flag span { display:none; }\r\n<\/style>\n<div id=\"qtranslate-5\" class=\"widget qtranxs_widget widget-shortcode area-arbitrary \">\n<ul class=\"language-chooser language-chooser-both qtranxs_language_chooser\" id=\"qtranslate--1-chooser\">\n<li class=\"active\"><a href=\"https:\/\/www.zafena.se\/sv\/wp-json\/wp\/v2\/pages\/87\" class=\"qtranxs_flag_sv qtranxs_flag_and_text\" title=\"Svenska (sv)\"><span>Svenska<\/span><\/a><\/li>\n<li><a href=\"https:\/\/www.zafena.se\/en\/wp-json\/wp\/v2\/pages\/87\" class=\"qtranxs_flag_en qtranxs_flag_and_text\" title=\"English (en)\"><span>English<\/span><\/a><\/li>\n<\/ul><div class=\"qtranxs_widget_end\"><\/div>\n<\/div><!-- \/Widget Shortcode -->Bes\u00f6ksadress:<strong> ZAFENA AB\u00a0\u00ae,<\/strong>\u00a0Norrbygatan 1, 591 76 Borensberg, SWEDEN<\/p>\r\n\r\n\r\n<p><span class=\"responsive\"><a href=\"https:\/\/www.google.com\/maps\/dir\/\/Zafena,+Norrbygatan+1,+590+31+Borensberg\/\"><img loading=\"lazy\" decoding=\"async\" class=\"size-full wp-image-88 aligncenter\" src=\"https:\/\/www.zafena.se\/wp-content\/uploads\/2017\/06\/zafena_kontakt.jpg\" alt=\"\" width=\"980\" height=\"350\" srcset=\"https:\/\/www.zafena.se\/wp-content\/uploads\/2017\/06\/zafena_kontakt.jpg 980w, https:\/\/www.zafena.se\/wp-content\/uploads\/2017\/06\/zafena_kontakt-600x214.jpg 600w, https:\/\/www.zafena.se\/wp-content\/uploads\/2017\/06\/zafena_kontakt-300x107.jpg 300w, https:\/\/www.zafena.se\/wp-content\/uploads\/2017\/06\/zafena_kontakt-768x274.jpg 768w\" sizes=\"auto, (max-width: 980px) 100vw, 980px\" \/><\/a><\/span><\/p>\n\r\n\r\n<p><span class=\"responsive\"><img loading=\"lazy\" decoding=\"async\" class=\"alignnone size-full wp-image-40\" src=\"https:\/\/www.zafena.se\/wp-content\/uploads\/2017\/06\/graphic-line.png\" alt=\"\" width=\"940\" height=\"19\" \/><\/span><\/p>\n\r\n\r\n\r\n<div class=\"wp-block-columns is-layout-flex wp-container-core-columns-is-layout-9d6595d7 wp-block-columns-is-layout-flex\">\r\n<div class=\"wp-block-column is-layout-flow wp-block-column-is-layout-flow\">\r\n<div class=\"wp-block-image\">\r\n<figure class=\"alignleft\"><img loading=\"lazy\" decoding=\"async\" width=\"500\" height=\"200\" class=\"wp-image-195\" src=\"https:\/\/www.zafena.se\/wp-content\/uploads\/2017\/06\/zafena_Mats_R\u00e5nby_2.jpg\" alt=\"\" srcset=\"https:\/\/www.zafena.se\/wp-content\/uploads\/2017\/06\/zafena_Mats_R\u00e5nby_2.jpg 500w, https:\/\/www.zafena.se\/wp-content\/uploads\/2017\/06\/zafena_Mats_R\u00e5nby_2-300x120.jpg 300w\" sizes=\"auto, (max-width: 500px) 100vw, 500px\" \/><\/figure>\r\n<\/div>\r\n<\/div>\r\n\r\n\r\n\r\n<div class=\"wp-block-column is-layout-flow wp-block-column-is-layout-flow\">\r\n<p><strong>Mats R\u00e5nby<\/strong>, <em>PhD<\/em>, <span id=\"hs_cos_wrapper_module_1586351168139126\" class=\"hs_cos_wrapper hs_cos_wrapper_widget_container hs_cos_wrapper_type_widget_container\" data-hs-cos-general-type=\"widget_container\" data-hs-cos-type=\"widget_container\">Chairman<\/span><br \/>E-mail: <a href=\"mailto:mats@zafena.se\">mats@zafena.se<\/a><\/p>\r\n<\/div>\r\n<\/div>\r\n\r\n\r\n\r\n\r\n\r\n<div class=\"wp-block-columns is-layout-flex wp-container-core-columns-is-layout-9d6595d7 wp-block-columns-is-layout-flex\">\r\n<div class=\"wp-block-column is-layout-flow wp-block-column-is-layout-flow\">\r\n<div class=\"wp-block-image\">\r\n<figure class=\"alignleft\"><img loading=\"lazy\" decoding=\"async\" width=\"500\" height=\"200\" class=\"wp-image-194\" src=\"https:\/\/www.zafena.se\/wp-content\/uploads\/2017\/06\/zafena_Xerxes_R\u00e5nby_1.jpg\" alt=\"\" srcset=\"https:\/\/www.zafena.se\/wp-content\/uploads\/2017\/06\/zafena_Xerxes_R\u00e5nby_1.jpg 500w, https:\/\/www.zafena.se\/wp-content\/uploads\/2017\/06\/zafena_Xerxes_R\u00e5nby_1-300x120.jpg 300w\" sizes=\"auto, (max-width: 500px) 100vw, 500px\" \/><\/figure>\r\n<\/div>\r\n<\/div>\r\n\r\n\r\n\r\n<div class=\"wp-block-column is-layout-flow wp-block-column-is-layout-flow\">\r\n<p><strong>Xerxes R\u00e5nby<\/strong>, CEO<br \/>Developer<br \/>Mobil: +46 701 84 99 96<br \/>E-mail: <a href=\"mailto:xerxes@zafena.se\">xerxes@zafena.se<\/a><\/p>\r\n<\/div>\r\n<\/div>\r\n\r\n\r\n\r\n<div class=\"wp-block-columns is-layout-flex wp-container-core-columns-is-layout-9d6595d7 wp-block-columns-is-layout-flex\">\r\n<div class=\"wp-block-column is-layout-flow wp-block-column-is-layout-flow\">\r\n<div class=\"wp-block-image\">\r\n<figure class=\"alignleft\"><img decoding=\"async\" class=\"wp-image-276\" src=\"https:\/\/www.zafena.se\/wp-content\/uploads\/2017\/06\/zafena_anders_danielsson_1.jpg\" alt=\"\" \/><\/figure>\r\n<\/div>\r\n<\/div>\r\n\r\n\r\n\r\n<div class=\"wp-block-column is-layout-flow wp-block-column-is-layout-flow\">\r\n<p><strong>Anders Danielsson<\/strong><br \/><em>CFO, Quality controller, Logistics<\/em><br \/>Mobil: +46\u00a0737 75 81 89<br \/>E-mail: <a href=\"mailto:anders@zafena.se\">anders@zafena.se<\/a><\/p>\r\n<\/div>\r\n<\/div>\r\n\r\n\r\n\r\n<div class=\"wp-block-columns is-layout-flex wp-container-core-columns-is-layout-9d6595d7 wp-block-columns-is-layout-flex\">\r\n<div class=\"wp-block-column is-layout-flow wp-block-column-is-layout-flow\">\r\n<div class=\"wp-block-image\">\r\n<figure class=\"alignleft\"><img decoding=\"async\" class=\"wp-image-197\" src=\"https:\/\/www.zafena.se\/wp-content\/uploads\/2017\/06\/zafena_Tomas_Agemalm_2.jpg\" alt=\"\" \/><\/figure>\r\n<\/div>\r\n<\/div>\r\n\r\n\r\n\r\n<div class=\"wp-block-column is-layout-flow wp-block-column-is-layout-flow\">\r\n<p><strong>Tomas \u00c5gemalm<\/strong><br \/><em>Engineer<\/em><br \/>Mobil: +46 707 35 86 30<br \/>E-mail: <a href=\"mailto:tomas@zafena.se\">tomas@zafena.se<\/a><\/p>\r\n<\/div>\r\n<\/div>\r\n\r\n\r\n\r\n\r\n<p><span class=\"responsive\"><img loading=\"lazy\" decoding=\"async\" class=\"size-full wp-image-40 alignnone\" src=\"https:\/\/www.zafena.se\/wp-content\/uploads\/2017\/06\/graphic-line.png\" alt=\"\" width=\"940\" height=\"19\" \/><\/span><\/p>\n\r\n\r\n\r\n\r\n\r\n<p><strong>F\u00f6r best\u00e4llning, offert eller fr\u00e5gor skicka e-post till <a href=\"mailto:order@zafena.se?subject=%C3%96nskar%20offert%2Fbest%C3%A4lla%20f%C3%B6ljande%20produkter%20fr%C3%A5n%20Zafena&amp;body=Hej%20Zafena!%0D%0A%0D%0AJag%20%C3%B6nskar%20best%C3%A4lla%20f%C3%B6ljande%3A%0D%0A%3Cfyll%20i%20produktnummer%20eller%20beskrivning%3E%0D%0A%0D%0ATill%3A%20%3Cfyll%20i%20vem%20som%20best%C3%A4ller%3E%0D%0A\">order@zafena.se<\/a><\/strong> \r\n\r\n<\/p>\n<p><span class=\"responsive\"><img loading=\"lazy\" decoding=\"async\" class=\"size-full wp-image-40 alignnone\" src=\"https:\/\/www.zafena.se\/wp-content\/uploads\/2017\/06\/graphic-line.png\" alt=\"\" width=\"940\" height=\"19\" \/><\/span><\/p>\n<p>\n\r\n\r\n<\/p>\r\n<div class=\"wp-block-columns\">\r\n<div class=\"wp-block-column\" style=\"flex-basis: 66.66%;\">\u00a0<\/div>\r\n<\/div>\r\n<p>\r\n\r\n<\/p>\n<p><span class=\"responsive\"><img loading=\"lazy\" decoding=\"async\" class=\"size-full wp-image-30 aligncenter\" src=\"https:\/\/www.zafena.se\/wp-content\/uploads\/2017\/06\/produkter_bild_2.jpg\" alt=\"\" width=\"980\" height=\"43\" srcset=\"https:\/\/www.zafena.se\/wp-content\/uploads\/2017\/06\/produkter_bild_2.jpg 980w, https:\/\/www.zafena.se\/wp-content\/uploads\/2017\/06\/produkter_bild_2-600x26.jpg 600w, https:\/\/www.zafena.se\/wp-content\/uploads\/2017\/06\/produkter_bild_2-300x13.jpg 300w, https:\/\/www.zafena.se\/wp-content\/uploads\/2017\/06\/produkter_bild_2-768x34.jpg 768w\" sizes=\"auto, (max-width: 980px) 100vw, 980px\" \/><\/span><\/p>\n<p>\n\r\n\r\n<\/p>\r\n<p class=\"has-text-align-center\"><strong>\u00a0<\/strong>Bes\u00f6ksadress:<strong> ZAFENA AB\u00a0\u00ae,<\/strong>\u00a0Norrbygatan 1, 591 76 Borensberg, SWEDEN<\/p>\r\n<p><\/p>","protected":false},"excerpt":{"rendered":"<p>Bes\u00f6ksadress: ZAFENA AB\u00a0\u00ae,\u00a0Norrbygatan 1, 591 76 Borensberg, SWEDEN Mats R\u00e5nby, PhD, ChairmanE-mail: mats@zafena.se Xerxes R\u00e5nby, CEODeveloperMobil: +46 701 84 99 96E-mail: xerxes@zafena.se Anders DanielssonCFO, Quality controller, LogisticsMobil: +46\u00a0737 75 81\u2026 <a href=\"https:\/\/www.zafena.se\/sv\/kontakt\/\" class=\"read-more-link\">read more &rarr;<\/a><\/p>\n","protected":false},"author":1,"featured_media":0,"parent":0,"menu_order":0,"comment_status":"closed","ping_status":"closed","template":"page-fullwidth.php","meta":{"footnotes":""},"class_list":["post-87","page","type-page","status-publish","hentry"],"_links":{"self":[{"href":"https:\/\/www.zafena.se\/sv\/wp-json\/wp\/v2\/pages\/87","targetHints":{"allow":["GET"]}}],"collection":[{"href":"https:\/\/www.zafena.se\/sv\/wp-json\/wp\/v2\/pages"}],"about":[{"href":"https:\/\/www.zafena.se\/sv\/wp-json\/wp\/v2\/types\/page"}],"author":[{"embeddable":true,"href":"https:\/\/www.zafena.se\/sv\/wp-json\/wp\/v2\/users\/1"}],"replies":[{"embeddable":true,"href":"https:\/\/www.zafena.se\/sv\/wp-json\/wp\/v2\/comments?post=87"}],"version-history":[{"count":62,"href":"https:\/\/www.zafena.se\/sv\/wp-json\/wp\/v2\/pages\/87\/revisions"}],"predecessor-version":[{"id":463400,"href":"https:\/\/www.zafena.se\/sv\/wp-json\/wp\/v2\/pages\/87\/revisions\/463400"}],"wp:attachment":[{"href":"https:\/\/www.zafena.se\/sv\/wp-json\/wp\/v2\/media?parent=87"}],"curies":[{"name":"wp","href":"https:\/\/api.w.org\/{rel}","templated":true}]}}