{"id":859,"date":"2020-07-20T14:50:42","date_gmt":"2020-07-20T12:50:42","guid":{"rendered":"https:\/\/www.zafena.se\/?page_id=859"},"modified":"2020-08-05T09:28:24","modified_gmt":"2020-08-05T07:28:24","slug":"onsite-covid-19-igg-igm-rapid-test","status":"publish","type":"page","link":"https:\/\/www.zafena.se\/sv\/onsite-covid-19-igg-igm-rapid-test\/","title":{"rendered":"OnSite Covid-19 IgG\/IgM Rapid test"},"content":{"rendered":"\r\n<p>OnSite Covid-19 \u00e4r ett antikropps snabbtest f\u00f6r detektion av antikroppar mot SARS-CoV-2 .<\/p>\r\n\r\n\r\n\r\n<figure class=\"wp-block-image size-large\"><img loading=\"lazy\" decoding=\"async\" width=\"734\" height=\"464\" class=\"wp-image-860\" src=\"https:\/\/www.zafena.se\/wp-content\/uploads\/2020\/07\/BildeOnSite.jpg\" alt=\"\" srcset=\"https:\/\/www.zafena.se\/wp-content\/uploads\/2020\/07\/BildeOnSite.jpg 734w, https:\/\/www.zafena.se\/wp-content\/uploads\/2020\/07\/BildeOnSite-300x190.jpg 300w, https:\/\/www.zafena.se\/wp-content\/uploads\/2020\/07\/BildeOnSite-600x379.jpg 600w\" sizes=\"auto, (max-width: 734px) 100vw, 734px\" \/><\/figure>\r\n\r\n\r\n\r\n<p>\u2022 H\u00f6g k\u00e4nslighet f\u00f6r antikroppar IgG och \/ eller IgM<br \/>\u2022 Testet rekommenderas f\u00f6r att se om patienten har genomg\u00e5tt COVID-19.<\/p>\r\n\r\n\r\n\r\n<p>Testet enbart kan inte anv\u00e4ndas f\u00f6r att utesluta infektion. Ett negativt test beh\u00f6ver inte betyda att du inte \u00e4r smittad. Detta beror p\u00e5 att inga antikroppar har bildats tidigt i processen.<\/p>\r\n\r\n\r\n\r\n<p>\u2022 Testet ska g\u00f6ras tidigast 14 dagar efter symtom.<br \/>\u2022 Anv\u00e4ndarv\u00e4nligt test endast f\u00f6r v\u00e5rdpersonal.<br \/>Provmaterial: fingerprick, venprov (EDTA och citrat) eller serum \/ plasma.<br \/>\u2022 Kitstorlek: 30 st test<\/p>\r\n\r\n\r\n\r\n<p>Testet har utv\u00e4rderats av Noklus i <a href=\"https:\/\/www.noklus.no\/media\/3fdg0qhh\/report_1-1_covid19_rapidtests_noklus_2020.pdf\" class=\"mtli_attachment mtli_pdf\">April 2020<\/a> och i <a href=\"https:\/\/www.noklus.no\/media\/4k3hjwdh\/report_2_covid19_rapidtests_noklus_2020.pdf\" class=\"mtli_attachment mtli_pdf\">Juni 2020<\/a> med goda resultat.<\/p>\r\n\r\n\r\n\r\n<div class=\"wp-block-columns is-layout-flex wp-container-core-columns-is-layout-9d6595d7 wp-block-columns-is-layout-flex\">\r\n<div class=\"wp-block-column is-layout-flow wp-block-column-is-layout-flow\">\r\n<figure class=\"wp-block-image size-large\"><img loading=\"lazy\" decoding=\"async\" width=\"1024\" height=\"411\" class=\"wp-image-875\" src=\"https:\/\/www.zafena.se\/wp-content\/uploads\/2020\/07\/noklus_slogan2017-1024x411.png\" alt=\"\" srcset=\"https:\/\/www.zafena.se\/wp-content\/uploads\/2020\/07\/noklus_slogan2017-1024x411.png 1024w, https:\/\/www.zafena.se\/wp-content\/uploads\/2020\/07\/noklus_slogan2017-300x120.png 300w, https:\/\/www.zafena.se\/wp-content\/uploads\/2020\/07\/noklus_slogan2017-768x308.png 768w, https:\/\/www.zafena.se\/wp-content\/uploads\/2020\/07\/noklus_slogan2017-1536x616.png 1536w, https:\/\/www.zafena.se\/wp-content\/uploads\/2020\/07\/noklus_slogan2017-600x241.png 600w, https:\/\/www.zafena.se\/wp-content\/uploads\/2020\/07\/noklus_slogan2017.png 1816w\" sizes=\"auto, (max-width: 1024px) 100vw, 1024px\" \/><\/figure>\r\n<\/div>\r\n\r\n\r\n\r\n<div class=\"wp-block-column is-layout-flow wp-block-column-is-layout-flow\">\r\n<p><a href=\"https:\/\/www.noklus.no\/media\/3fdg0qhh\/report_1-1_covid19_rapidtests_noklus_2020.pdf\" class=\"mtli_attachment mtli_pdf\" target=\"_blank\" rel=\"noreferrer noopener\">Noklus Covid 19 Report 1: Evaluation of eleven rapid tests for detection of antibodies against SARS-CoV-2<\/a> April 2020<\/p>\r\n<\/div>\r\n\r\n\r\n\r\n<div class=\"wp-block-column is-layout-flow wp-block-column-is-layout-flow\">\r\n<p><a href=\"https:\/\/www.noklus.no\/media\/4k3hjwdh\/report_2_covid19_rapidtests_noklus_2020.pdf\" class=\"mtli_attachment mtli_pdf\" target=\"_blank\" rel=\"noreferrer noopener\">Noklus Covid 19 Report 2: Evaluation of 17rapid tests for detection of antibodies against SARS-CoV-2<\/a> June 2020<\/p>\r\n<\/div>\r\n<\/div>\r\n\r\n\r\n\r\n<div class=\"wp-block-columns is-layout-flex wp-container-core-columns-is-layout-9d6595d7 wp-block-columns-is-layout-flex\">\r\n<div class=\"wp-block-column is-layout-flow wp-block-column-is-layout-flow\">\r\n<figure class=\"wp-block-image size-large\"><img loading=\"lazy\" decoding=\"async\" width=\"300\" height=\"100\" class=\"wp-image-1558\" src=\"https:\/\/www.zafena.se\/wp-content\/uploads\/2020\/07\/folkhalsomyndigheten-300x100.png\" alt=\"\" srcset=\"https:\/\/www.zafena.se\/wp-content\/uploads\/2020\/07\/folkhalsomyndigheten-300x100.png 300w, https:\/\/www.zafena.se\/wp-content\/uploads\/2020\/07\/folkhalsomyndigheten.png 600w\" sizes=\"auto, (max-width: 300px) 100vw, 300px\" \/><\/figure>\r\n<\/div>\r\n\r\n\r\n\r\n<div class=\"wp-block-column is-layout-flow wp-block-column-is-layout-flow\"> Folkh\u00e4lsomyndigheten: <a href=\"https:\/\/www.folkhalsomyndigheten.se\/utokad-testning-for-covid-19\/test-for-covid-19\/pavisning-av-antikroppar\/sammanstallning-av-produkter-som-ar-avsedda-for-att-pavisa-antikroppar-vid-covid-19\/#:~:text=OnSite COVID-19 IgG\/IgM Rapid Test\">Sammanst\u00e4llning av produkter som \u00e4r avsedda f\u00f6r att p\u00e5visa antikroppar vid covid-19<\/a> <\/div>\r\n<\/div>\r\n\r\n\r\n\r\n<p>F\u00f6r best\u00e4llning av OnSite Covid-19 IgG\/IgM Rapid test kontakta <a href=\"http:\/\/zafena.no\/kontakt-oss_117.html\">Zafena AS i Norge<\/a> eller <a href=\"https:\/\/www.zafena.se\/kontakt\/\">Zafena AB i Sverige<\/a>.<\/p>\r\n","protected":false},"excerpt":{"rendered":"<p>OnSite Covid-19 \u00e4r ett antikropps snabbtest f\u00f6r detektion av antikroppar mot SARS-CoV-2 . \u2022 H\u00f6g k\u00e4nslighet f\u00f6r antikroppar IgG och \/ eller IgM\u2022 Testet rekommenderas f\u00f6r att se om patienten\u2026 <a href=\"https:\/\/www.zafena.se\/sv\/onsite-covid-19-igg-igm-rapid-test\/\" class=\"read-more-link\">read more &rarr;<\/a><\/p>\n","protected":false},"author":1,"featured_media":0,"parent":0,"menu_order":0,"comment_status":"closed","ping_status":"closed","template":"","meta":{"footnotes":""},"class_list":["post-859","page","type-page","status-publish","hentry"],"_links":{"self":[{"href":"https:\/\/www.zafena.se\/sv\/wp-json\/wp\/v2\/pages\/859","targetHints":{"allow":["GET"]}}],"collection":[{"href":"https:\/\/www.zafena.se\/sv\/wp-json\/wp\/v2\/pages"}],"about":[{"href":"https:\/\/www.zafena.se\/sv\/wp-json\/wp\/v2\/types\/page"}],"author":[{"embeddable":true,"href":"https:\/\/www.zafena.se\/sv\/wp-json\/wp\/v2\/users\/1"}],"replies":[{"embeddable":true,"href":"https:\/\/www.zafena.se\/sv\/wp-json\/wp\/v2\/comments?post=859"}],"version-history":[{"count":10,"href":"https:\/\/www.zafena.se\/sv\/wp-json\/wp\/v2\/pages\/859\/revisions"}],"predecessor-version":[{"id":3107,"href":"https:\/\/www.zafena.se\/sv\/wp-json\/wp\/v2\/pages\/859\/revisions\/3107"}],"wp:attachment":[{"href":"https:\/\/www.zafena.se\/sv\/wp-json\/wp\/v2\/media?parent=859"}],"curies":[{"name":"wp","href":"https:\/\/api.w.org\/{rel}","templated":true}]}}