{"id":52,"date":"2017-06-26T14:59:20","date_gmt":"2017-06-26T12:59:20","guid":{"rendered":"http:\/\/zafena.gudinna.com\/?page_id=52"},"modified":"2021-11-03T14:52:18","modified_gmt":"2021-11-03T13:52:18","slug":"partners","status":"publish","type":"page","link":"https:\/\/www.zafena.se\/sv\/partners\/","title":{"rendered":"Partners"},"content":{"rendered":"<p><!-- Widget Shortcode --><style type=\"text\/css\">\n.qtranxs_widget ul { margin: 0; }\r\n.qtranxs_widget ul li\r\n{\r\ndisplay: inline; \/* horizontal list, use \"list-item\" or other appropriate value for vertical list *\/\r\nlist-style-type: none; \/* use \"initial\" or other to enable bullets *\/\r\nmargin: 0 5px 0 0; \/* adjust spacing between items *\/\r\nopacity: 0.5;\r\n-o-transition: 1s ease opacity;\r\n-moz-transition: 1s ease opacity;\r\n-webkit-transition: 1s ease opacity;\r\ntransition: 1s ease opacity;\r\n}\r\n\/* .qtranxs_widget ul li span { margin: 0 5px 0 0; } *\/ \/* other way to control spacing *\/\r\n.qtranxs_widget ul li.active { opacity: 0.8; }\r\n.qtranxs_widget ul li:hover { opacity: 1; }\r\n.qtranxs_widget img { box-shadow: none; vertical-align: middle; display: initial; }\r\n.qtranxs_flag { height:12px; width:18px; display:block; }\r\n.qtranxs_flag_and_text { padding-left:20px; }\r\n.qtranxs_flag span { display:none; }\r\n<\/style>\n<div id=\"qtranslate-5\" class=\"widget qtranxs_widget widget-shortcode area-arbitrary \">\n<ul class=\"language-chooser language-chooser-both qtranxs_language_chooser\" id=\"qtranslate--1-chooser\">\n<li class=\"active\"><a href=\"https:\/\/www.zafena.se\/sv\/wp-json\/wp\/v2\/pages\/52\" class=\"qtranxs_flag_sv qtranxs_flag_and_text\" title=\"Svenska (sv)\"><span>Svenska<\/span><\/a><\/li>\n<li><a href=\"https:\/\/www.zafena.se\/en\/wp-json\/wp\/v2\/pages\/52\" class=\"qtranxs_flag_en qtranxs_flag_and_text\" title=\"English (en)\"><span>English<\/span><\/a><\/li>\n<\/ul><div class=\"qtranxs_widget_end\"><\/div>\n<\/div><!-- \/Widget Shortcode --><\/p>\r\n<p>Zafena har integrerat multipla medicinska instrument fr\u00e5n alla st\u00f6rre tillverkare.<\/p>\r\n<p><\/p>\r\n\r\n\r\n\r\n<p><\/p>\r\n<ul class=\"wp-block-list\">\r\n<li>+300 installationer i drift<\/li>\r\n<li><a href=\"https:\/\/www.zafena.se\/sv\/product\/zafena-552-poc-workstation\/#tab-additional_information\">+80 integrerade instrument, m\u00e4tare och sensorer, fr\u00e5n n\u00e4rmare 40 tillverkare.<\/a><\/li>\r\n<li>Zafena integrerar ny MedTech l\u00f6pande, <a href=\"https:\/\/www.zafena.se\/kontakt\/\">kontakta oss!<\/a><\/li>\r\n<\/ul>\r\n<p><\/p>\r\n<h2>Partners<\/h2>\r\n<p>Detta \u00e4r v\u00e5ra samarbetspartners.<\/p>\r\n<p><a href=\"http:\/\/dficare.com\/en\/index.php\/\"><img loading=\"lazy\" decoding=\"async\" class=\"alignnone wp-image-47791\" src=\"https:\/\/www.zafena.se\/wp-content\/uploads\/DFI-logo-300x155.png\" alt=\"\" width=\"199\" height=\"103\" srcset=\"https:\/\/www.zafena.se\/wp-content\/uploads\/DFI-logo-300x155.png 300w, https:\/\/www.zafena.se\/wp-content\/uploads\/DFI-logo.png 595w\" sizes=\"auto, (max-width: 199px) 100vw, 199px\" \/><\/a>\u00a0 <a href=\"https:\/\/taidoc.com\/\"><img loading=\"lazy\" decoding=\"async\" class=\"alignnone wp-image-48013\" src=\"https:\/\/www.zafena.se\/wp-content\/uploads\/taidoc_logo-300x168.png\" alt=\"\" width=\"166\" height=\"93\" srcset=\"https:\/\/www.zafena.se\/wp-content\/uploads\/taidoc_logo-300x168.png 300w, https:\/\/www.zafena.se\/wp-content\/uploads\/taidoc_logo.png 540w\" sizes=\"auto, (max-width: 166px) 100vw, 166px\" \/><\/a> \u00a0\u00a0\u00a0\u00a0\u00a0 <a href=\"http:\/\/www.boditech.co.kr\/eng\/\"><img loading=\"lazy\" decoding=\"async\" class=\"alignnone wp-image-48235\" src=\"https:\/\/www.zafena.se\/wp-content\/uploads\/Boditech_logo-300x102.png\" alt=\"\" width=\"248\" height=\"84\" srcset=\"https:\/\/www.zafena.se\/wp-content\/uploads\/Boditech_logo-300x102.png 300w, https:\/\/www.zafena.se\/wp-content\/uploads\/Boditech_logo.png 576w\" sizes=\"auto, (max-width: 248px) 100vw, 248px\" \/><\/a> \u00a0 \u00a0 <a href=\"https:\/\/www.dialab.at\/en\/home\/\"><img loading=\"lazy\" decoding=\"async\" class=\"alignnone wp-image-49126 size-full\" src=\"https:\/\/www.zafena.se\/wp-content\/uploads\/Dialab_logo.png\" alt=\"\" width=\"197\" height=\"76\" \/><\/a> <a href=\"https:\/\/www.ekfdiagnostics.com\/quo-lab.html\"><img loading=\"lazy\" decoding=\"async\" class=\"alignnone wp-image-51399\" src=\"https:\/\/www.zafena.se\/wp-content\/uploads\/ekf_logo-300x138.png\" alt=\"\" width=\"193\" height=\"89\" srcset=\"https:\/\/www.zafena.se\/wp-content\/uploads\/ekf_logo-300x138.png 300w, https:\/\/www.zafena.se\/wp-content\/uploads\/ekf_logo.png 494w\" sizes=\"auto, (max-width: 193px) 100vw, 193px\" \/><\/a><\/p>\r\n\r\n\r\n\r\n\r\n\n<figure class=\"wp-block-image is-resized\"><img loading=\"lazy\" decoding=\"async\" src=\"http:\/\/www.zafena.se\/wp-content\/uploads\/2017\/06\/graphic-line.png\" alt=\"\" class=\"wp-image-40\" width=\"580\" height=\"11\"\/><\/figure>\n\r\n\r\n\r\n<h2 class=\"wp-block-heading\">\u00c5terf\u00f6rs\u00e4ljare<\/h2>\r\n\r\n\r\n\r\n<p class=\"has-text-align-left\">Det g\u00e5r bra att <a href=\"https:\/\/www.zafena.se\/kontakt\/\">kontakta oss direkt<\/a> f\u00f6r att best\u00e4lla v\u00e5ra produkter eller g\u00e5 via n\u00e5gon av v\u00e5ra \u00e5terf\u00f6rs\u00e4ljare och representanter.<\/p>\r\n\r\n\r\n<p><div class=\"one_third last\"><a href=\"https:\/\/www.norengros.no\/\" target=\"_blank\" rel=\"noopener noreferrer\"><img loading=\"lazy\" decoding=\"async\" class=\"alignnone size-full wp-image-308\" src=\"https:\/\/www.zafena.se\/wp-content\/uploads\/2017\/06\/norengros_zafena.png\" alt=\"\" width=\"250\" height=\"120\" \/><\/a><\/div>\n<div class=\"clear\"><\/div>\n<div class=\"one_third\"><a href=\"https:\/\/www.abbott.com\/\"><img loading=\"lazy\" decoding=\"async\" class=\"alignnone  wp-image-25090\" src=\"https:\/\/www.zafena.se\/wp-content\/uploads\/Abbott-logo-300x300.jpeg\" alt=\"\" width=\"147\" height=\"147\" srcset=\"https:\/\/www.zafena.se\/wp-content\/uploads\/Abbott-logo-300x300.jpeg 300w, https:\/\/www.zafena.se\/wp-content\/uploads\/Abbott-logo-150x150.jpeg 150w, https:\/\/www.zafena.se\/wp-content\/uploads\/Abbott-logo-60x60.jpeg 60w, https:\/\/www.zafena.se\/wp-content\/uploads\/Abbott-logo-100x100.jpeg 100w, https:\/\/www.zafena.se\/wp-content\/uploads\/Abbott-logo.jpeg 400w\" sizes=\"auto, (max-width: 147px) 100vw, 147px\" \/><\/a><\/div>\n<div class=\"one_third\"><a href=\"https:\/\/www.mediqsverige.se\/\" target=\"_blank\" rel=\"noopener noreferrer\"><img loading=\"lazy\" decoding=\"async\" class=\"alignnone size-full wp-image-313\" src=\"https:\/\/www.zafena.se\/wp-content\/uploads\/2017\/06\/mediq.png\" alt=\"\" width=\"250\" height=\"120\" \/><\/a><\/div>\n<div class=\"one_third\"><a href=\"https:\/\/www.onemed.se\/\"><img loading=\"lazy\" decoding=\"async\" class=\"alignnone  wp-image-25292\" src=\"https:\/\/www.zafena.se\/wp-content\/uploads\/OneMed-logo-300x188.png\" alt=\"\" width=\"243\" height=\"152\" srcset=\"https:\/\/www.zafena.se\/wp-content\/uploads\/OneMed-logo-300x188.png 300w, https:\/\/www.zafena.se\/wp-content\/uploads\/OneMed-logo.png 360w\" sizes=\"auto, (max-width: 243px) 100vw, 243px\" \/><\/a><\/div><\/p>\n\r\n\r\n\r\n\r\n\r\n\r\n\r\n\r\n\r\n\r\n\r\n\r\n<p><span class=\"responsive\"><img loading=\"lazy\" decoding=\"async\" class=\"alignnone size-full wp-image-30\" src=\"https:\/\/www.zafena.se\/wp-content\/uploads\/2017\/06\/produkter_bild_2.jpg\" alt=\"\" width=\"980\" height=\"43\" srcset=\"https:\/\/www.zafena.se\/wp-content\/uploads\/2017\/06\/produkter_bild_2.jpg 980w, https:\/\/www.zafena.se\/wp-content\/uploads\/2017\/06\/produkter_bild_2-600x26.jpg 600w, https:\/\/www.zafena.se\/wp-content\/uploads\/2017\/06\/produkter_bild_2-300x13.jpg 300w, https:\/\/www.zafena.se\/wp-content\/uploads\/2017\/06\/produkter_bild_2-768x34.jpg 768w\" sizes=\"auto, (max-width: 980px) 100vw, 980px\" \/><\/span><\/p>\n\r\n\r\n\r\n<p class=\"has-text-align-center\">Bes\u00f6ksadress: <strong>ZAFENA AB<\/strong><em><strong> \u00ae<\/strong><\/em>, Norrbygatan 1, 591 76 Borensberg, SWEDEN | <strong>Phone: +46 141 405 20 Fax: +46 141 405 08<\/strong><\/p>","protected":false},"excerpt":{"rendered":"<p>Zafena har integrerat multipla medicinska instrument fr\u00e5n alla st\u00f6rre tillverkare. +300 installationer i drift +80 integrerade instrument, m\u00e4tare och sensorer, fr\u00e5n n\u00e4rmare 40 tillverkare. Zafena integrerar ny MedTech l\u00f6pande, kontakta\u2026 <a href=\"https:\/\/www.zafena.se\/sv\/partners\/\" class=\"read-more-link\">read more &rarr;<\/a><\/p>\n","protected":false},"author":6,"featured_media":0,"parent":0,"menu_order":0,"comment_status":"closed","ping_status":"closed","template":"","meta":{"footnotes":""},"class_list":["post-52","page","type-page","status-publish","hentry"],"_links":{"self":[{"href":"https:\/\/www.zafena.se\/sv\/wp-json\/wp\/v2\/pages\/52","targetHints":{"allow":["GET"]}}],"collection":[{"href":"https:\/\/www.zafena.se\/sv\/wp-json\/wp\/v2\/pages"}],"about":[{"href":"https:\/\/www.zafena.se\/sv\/wp-json\/wp\/v2\/types\/page"}],"author":[{"embeddable":true,"href":"https:\/\/www.zafena.se\/sv\/wp-json\/wp\/v2\/users\/6"}],"replies":[{"embeddable":true,"href":"https:\/\/www.zafena.se\/sv\/wp-json\/wp\/v2\/comments?post=52"}],"version-history":[{"count":37,"href":"https:\/\/www.zafena.se\/sv\/wp-json\/wp\/v2\/pages\/52\/revisions"}],"predecessor-version":[{"id":149037,"href":"https:\/\/www.zafena.se\/sv\/wp-json\/wp\/v2\/pages\/52\/revisions\/149037"}],"wp:attachment":[{"href":"https:\/\/www.zafena.se\/sv\/wp-json\/wp\/v2\/media?parent=52"}],"curies":[{"name":"wp","href":"https:\/\/api.w.org\/{rel}","templated":true}]}}