{"id":34,"date":"2020-08-05T11:00:20","date_gmt":"2020-08-05T09:00:20","guid":{"rendered":"http:\/\/zafena.gudinna.com\/?page_id=34"},"modified":"2025-08-04T13:52:50","modified_gmt":"2025-08-04T11:52:50","slug":"hem-2","status":"publish","type":"page","link":"https:\/\/www.zafena.se\/sv\/","title":{"rendered":"Zafena AB"},"content":{"rendered":"<p style=\"text-align: center;\"><span class=\"responsive\"><a href=\"https:\/\/www.zafena.se\/poc-laboratoriet\/\"><img loading=\"lazy\" decoding=\"async\" class=\"alignnone wp-image-153669\" src=\"https:\/\/www.zafena.se\/wp-content\/uploads\/Skarmbild-fran-2021-11-05-15-27-48.png\" alt=\"PNA-laboratoriet\" width=\"191\" height=\"195\" srcset=\"https:\/\/www.zafena.se\/wp-content\/uploads\/Skarmbild-fran-2021-11-05-15-27-48.png 321w, https:\/\/www.zafena.se\/wp-content\/uploads\/Skarmbild-fran-2021-11-05-15-27-48-294x300.png 294w, https:\/\/www.zafena.se\/wp-content\/uploads\/Skarmbild-fran-2021-11-05-15-27-48-60x60.png 60w\" sizes=\"auto, (max-width: 191px) 100vw, 191px\" \/><\/a><\/span><span class=\"responsive\"><a href=\"https:\/\/www.zafena.se\/lakarrummet\/\"><img loading=\"lazy\" decoding=\"async\" class=\"alignnone wp-image-141407\" src=\"https:\/\/www.zafena.se\/wp-content\/uploads\/Skarmbild-fran-2021-11-03-09-16-11.png\" alt=\"Doctors room\" width=\"166\" height=\"197\" \/><\/a><\/span><span class=\"responsive\"><a href=\"https:\/\/www.zafena.se\/egenmonitorering\/\"><img loading=\"lazy\" decoding=\"async\" class=\"alignnone wp-image-141599\" src=\"https:\/\/www.zafena.se\/wp-content\/uploads\/Skarmbild-fran-2021-11-03-09-14-23.png\" alt=\"Elderly care\" width=\"199\" height=\"198\" srcset=\"https:\/\/www.zafena.se\/wp-content\/uploads\/Skarmbild-fran-2021-11-03-09-14-23.png 299w, https:\/\/www.zafena.se\/wp-content\/uploads\/Skarmbild-fran-2021-11-03-09-14-23-150x150.png 150w, https:\/\/www.zafena.se\/wp-content\/uploads\/Skarmbild-fran-2021-11-03-09-14-23-60x60.png 60w, https:\/\/www.zafena.se\/wp-content\/uploads\/Skarmbild-fran-2021-11-03-09-14-23-100x100.png 100w\" sizes=\"auto, (max-width: 199px) 100vw, 199px\" \/><\/a><\/span><span class=\"responsive\"><a href=\"https:\/\/www.zafena.se\/product\/zafena-552-poc-workstation\/\"><img loading=\"lazy\" decoding=\"async\" class=\"alignnone  wp-image-254542\" src=\"https:\/\/www.zafena.se\/wp-content\/uploads\/Skarmbild-fran-2022-08-15-11-20-17.png\" alt=\"Generell anslutningspunkt\" width=\"178\" height=\"197\" \/><\/a><\/span><\/p>\r\n<p style=\"text-align: center;\"><span class=\"VIiyi\" lang=\"sv\"><span class=\"JLqJ4b ChMk0b\" data-language-for-alternatives=\"sv\" data-language-to-translate-into=\"en\" data-phrase-index=\"0\" data-number-of-phrases=\"1\">Zafena har skapat en generell anslutningspunkt f\u00f6r medicinska instrument i <a href=\"https:\/\/www.zafena.se\/poc-laboratoriet\/\">PNA-laboratorier<\/a> s\u00e5v\u00e4l som p\u00e5 <a href=\"https:\/\/www.zafena.se\/lakarrummet\/\">l\u00e4karmottagning<\/a> och vid <a href=\"https:\/\/www.zafena.se\/egenmonitorering\/\">egenmonitorering i patientens hem<\/a>.<\/span><\/span> <\/p>\r\n\r\n<p><strong><!-- Widget Shortcode --><style type=\"text\/css\">\n.qtranxs_widget ul { margin: 0; }\r\n.qtranxs_widget ul li\r\n{\r\ndisplay: inline; \/* horizontal list, use \"list-item\" or other appropriate value for vertical list *\/\r\nlist-style-type: none; \/* use \"initial\" or other to enable bullets *\/\r\nmargin: 0 5px 0 0; \/* adjust spacing between items *\/\r\nopacity: 0.5;\r\n-o-transition: 1s ease opacity;\r\n-moz-transition: 1s ease opacity;\r\n-webkit-transition: 1s ease opacity;\r\ntransition: 1s ease opacity;\r\n}\r\n\/* .qtranxs_widget ul li span { margin: 0 5px 0 0; } *\/ \/* other way to control spacing *\/\r\n.qtranxs_widget ul li.active { opacity: 0.8; }\r\n.qtranxs_widget ul li:hover { opacity: 1; }\r\n.qtranxs_widget img { box-shadow: none; vertical-align: middle; display: initial; }\r\n.qtranxs_flag { height:12px; width:18px; display:block; }\r\n.qtranxs_flag_and_text { padding-left:20px; }\r\n.qtranxs_flag span { display:none; }\r\n<\/style>\n<div id=\"qtranslate-5\" class=\"widget qtranxs_widget widget-shortcode area-arbitrary \">\n<ul class=\"language-chooser language-chooser-both qtranxs_language_chooser\" id=\"qtranslate--1-chooser\">\n<li class=\"active\"><a href=\"https:\/\/www.zafena.se\/sv\/wp-json\/wp\/v2\/pages\/34\" class=\"qtranxs_flag_sv qtranxs_flag_and_text\" title=\"Svenska (sv)\"><span>Svenska<\/span><\/a><\/li>\n<li><a href=\"https:\/\/www.zafena.se\/en\/wp-json\/wp\/v2\/pages\/34\" class=\"qtranxs_flag_en qtranxs_flag_and_text\" title=\"English (en)\"><span>English<\/span><\/a><\/li>\n<\/ul><div class=\"qtranxs_widget_end\"><\/div>\n<\/div><!-- \/Widget Shortcode --> <a href=\"https:\/\/www.zafena.se\/kontakt\/\">ZAFENA AB<\/a>\u00a0<\/strong><code><\/code>\u00e4r ett f\u00f6retag verksamt inom medicinsk laboratoriediagnostik och IT-st\u00f6d. Zafena utvecklar, tillverkar och importerar utrustning f\u00f6r patientn\u00e4ra analyser. Tyngdpunkten f\u00f6r verksamheten ligger inom in vitro diagnostik (IVD) och digital automatisering av arbetsfl\u00f6den. Vi ser till att det \u00e4r enkelt, snabbt och s\u00e4kert att g\u00f6ra en analys\/m\u00e4tning och d\u00e4refter skicka provsvaret till journalen.<code><\/code><\/p>\r\n\r\n\r\n\r\n<p><code><\/code>Vi tror p\u00e5 en l\u00e5ngsiktigt h\u00e5llbar aff\u00e4rsutveckling och har d\u00e4rf\u00f6r h\u00f6ga krav p\u00e5 noggrannhet, precision, leveranss\u00e4kerhet, etik och trov\u00e4rdighet.<code><\/code><\/p>\r\n\r\n\r\n\r\n<p><code><\/code>V\u00e5ra kunder \u00e4r bland annat privata v\u00e5rdf\u00f6retag, \u00e5terf\u00f6rs\u00e4ljarorganisationer, v\u00e5rdcentraler, kommuner och regioner.<code><\/code><\/p>\r\n\r\n\r\n\r\n<figure class=\"wp-block-image\"><img decoding=\"async\" class=\"wp-image-40\" src=\"http:\/\/www.zafena.se\/wp-content\/uploads\/2017\/06\/graphic-line.png\" alt=\"\" \/><\/figure>\r\n<p><h3 class=\"title\"><span>&#8221;[:en<\/span><\/h3><div class=\"latest-blog negative-wrap\"><div class=\"blog-item four columns\"><div class=\"blog-item-description\">\n\t\t\t\t\t\t<h4><a href=\"https:\/\/www.zafena.se\/sv\/272276-2\/\" title=\"Real Time Stability Study of Zafena SSPT Reagent\">Real Time Stability Study of Zafena SSPT Reagent<\/a><\/h4>\n\t\t\t\t\t\t<span>2022-08-31 \/ 0 Comments<\/span>\n\t\t\t\t\t<\/div><div class=\"blog-border\"><\/div><\/div><\/div><div class=\"clear\"><\/div>NewsNyheter&#8221; show_title=&#8221;yes&#8221; categories=&#8221;all&#8221;]<\/p>\r\n\r\n\r\n\r\n<h2 class=\"wp-block-heading\"><a href=\"https:\/\/www.zafena.se\/product\/zafena-552-simple-simon-plus-skarm\/\">Zafena POC-Workstation<\/a><\/h2>\r\n<p><a href=\"https:\/\/www.zafena.se\/en\/product\/zafena-552-poc-workstation\/\"><img loading=\"lazy\" decoding=\"async\" class=\"size-large wp-image-3200 alignleft\" src=\"https:\/\/www.zafena.se\/wp-content\/uploads\/Zafena-POC-Workstation-workflowautomation-wireless-Personal-Health-Gateway-1024x615.png\" alt=\"\" width=\"960\" height=\"577\" srcset=\"https:\/\/www.zafena.se\/wp-content\/uploads\/Zafena-POC-Workstation-workflowautomation-wireless-Personal-Health-Gateway-1024x615.png 1024w, https:\/\/www.zafena.se\/wp-content\/uploads\/Zafena-POC-Workstation-workflowautomation-wireless-Personal-Health-Gateway-300x180.png 300w, https:\/\/www.zafena.se\/wp-content\/uploads\/Zafena-POC-Workstation-workflowautomation-wireless-Personal-Health-Gateway-768x461.png 768w, https:\/\/www.zafena.se\/wp-content\/uploads\/Zafena-POC-Workstation-workflowautomation-wireless-Personal-Health-Gateway-1536x923.png 1536w, https:\/\/www.zafena.se\/wp-content\/uploads\/Zafena-POC-Workstation-workflowautomation-wireless-Personal-Health-Gateway-2048x1230.png 2048w, https:\/\/www.zafena.se\/wp-content\/uploads\/Zafena-POC-Workstation-workflowautomation-wireless-Personal-Health-Gateway-600x360.png 600w\" sizes=\"auto, (max-width: 960px) 100vw, 960px\" \/><\/a><\/p>\r\n\r\n\r\n\r\n<p><code><\/code><a href=\"https:\/\/www.zafena.se\/product\/zafena-552-simple-simon-plus-skarm\/\">Zafena POC-Workstation<\/a> bildar tillsammans med <a href=\"https:\/\/www.zafena.se\/product\/simple-simon-bp\/\">Simple Simon BP<\/a>, <a href=\"https:\/\/www.zafena.se\/product\/simple-simon-bt\/\">Simple Simon BT<\/a>, <a href=\"https:\/\/www.zafena.se\/product\/td-4216-simple-simon-glu-2\/\">Simple Simon GLU<\/a> en arbetsstation som kan utf\u00f6ra m\u00e4tningar av blodtryck, temperatur, glukos, ketoner, laktat, urinsyra, och kolesterol. Resultatet presenteras och kan skrivas ut och skickas till externt system.<code><\/code><\/p>\r\n\r\n\r\n\r\n<p><code><a href=\"https:\/\/www.zafena.se\/product\/zafena-552-simple-simon-plus-skarm\/\"><img loading=\"lazy\" decoding=\"async\" class=\"wp-image-762 size-medium alignleft\" src=\"https:\/\/www.zafena.se\/wp-content\/uploads\/2020\/02\/Markering_612-300x266.png\" alt=\"\" width=\"300\" height=\"266\" srcset=\"https:\/\/www.zafena.se\/wp-content\/uploads\/2020\/02\/Markering_612-300x266.png 300w, https:\/\/www.zafena.se\/wp-content\/uploads\/2020\/02\/Markering_612.png 548w\" sizes=\"auto, (max-width: 300px) 100vw, 300px\" \/><\/a><\/code><a href=\"https:\/\/www.zafena.se\/product\/zafena-552-simple-simon-plus-skarm\/\">Zafena POC-Workstation<\/a> \u00e4r en flexibel arbetsstation som ansluter <a href=\"https:\/\/www.zafena.se\/partners\/\">alla \u00f6nskade medicinska m\u00e4tare<\/a>, om m\u00e4taren kan kommunicera via kabel eller bl\u00e5tand, till ett gemensamt anv\u00e4ndargr\u00e4nssnitt. Arbetsstationen lagrar svarshistorik och kan skriva ut resultatet p\u00e5 ett kvitto. Arbetsstationen kan ocks\u00e5 kommunicera dubbelriktat med journal- och labdatasystem, vilket inneb\u00e4r att en arbetsstation exempelvis kan ta emot en labremiss och skicka resultatet till patientjournalen.<code><\/code><code><\/code><\/p>\r\n\r\n\r\n\r\n\r\n\r\n\r\n\r\n\r\n\r\n\r\n\r\n\r\n\r\n<figure class=\"wp-block-image\"><img decoding=\"async\" class=\"wp-image-40\" src=\"http:\/\/www.zafena.se\/wp-content\/uploads\/2017\/06\/graphic-line.png\" alt=\"\" \/><\/figure>\r\n\r\n\r\n\r\n<p class=\"has-text-align-center\">Bes\u00f6ksadress: <strong>ZAFENA AB\u00a0\u00ae,<\/strong> Norrbygatan 1, 591 76 Borensberg, SWEDEN <strong><br \/><\/strong><\/p>\r\n\r\n\r\n\r\n<div class=\"wp-block-image\">\r\n<figure class=\"aligncenter size-large\"><a href=\"https:\/\/www.svenskcertifiering.se\/giltiga-certifikat.html#:~:text=ZAFENA%20AB\"><img loading=\"lazy\" decoding=\"async\" width=\"365\" height=\"152\" class=\"wp-image-55 alignnone\" src=\"https:\/\/www.zafena.se\/wp-content\/uploads\/2017\/06\/zafena_iso_banner.jpg\" alt=\"\" srcset=\"https:\/\/www.zafena.se\/wp-content\/uploads\/2017\/06\/zafena_iso_banner.jpg 365w, https:\/\/www.zafena.se\/wp-content\/uploads\/2017\/06\/zafena_iso_banner-300x125.jpg 300w\" sizes=\"auto, (max-width: 365px) 100vw, 365px\" \/><\/a><\/figure>\r\n<figure class=\"aligncenter size-large\"><a href=\"https:\/\/www.zafena.se\/wp-content\/uploads\/ZAFENA-AB-ISO-9001-2025.pdf\" class=\"mtli_attachment mtli_pdf\">ZAFENA AB, ISO 9001 2025<\/a><\/figure>\r\n<p><a href=\"https:\/\/www.zafena.se\/wp-content\/uploads\/ZAFENA-AB-ISO-13485-2025.pdf\" class=\"mtli_attachment mtli_pdf\">ZAFENA AB, ISO 13485 2025<\/a><\/p>\r\n<\/div>\r\n<p><a href=\"https:\/\/www.zafena.se\/wp-content\/uploads\/Zafena-AB_Naringslivets-Producentansvar-i-Sverige-AB_Anslutningsbevis_2025.pdf\" class=\"mtli_attachment mtli_pdf\">ZAFENA AB &#8211; N\u00e4ringslivets Producentansvar i Sverige AB &#8211; Anslutningsbevis 2025<\/a><\/p>\r\n<div class=\"wp-block-image\">\r\n<p>&nbsp;<\/p>\r\n<\/div>","protected":false},"excerpt":{"rendered":"<p>Zafena har skapat en generell anslutningspunkt f\u00f6r medicinska instrument i PNA-laboratorier s\u00e5v\u00e4l som p\u00e5 l\u00e4karmottagning och vid egenmonitorering i patientens hem. ZAFENA AB\u00a0\u00e4r ett f\u00f6retag verksamt inom medicinsk laboratoriediagnostik och\u2026 <a href=\"https:\/\/www.zafena.se\/sv\/272276-2\/\" class=\"read-more-link\">read more &rarr;<\/a><\/p>\n","protected":false},"author":1,"featured_media":0,"parent":0,"menu_order":0,"comment_status":"closed","ping_status":"closed","template":"page-fullwidth.php","meta":{"footnotes":""},"class_list":["post-34","page","type-page","status-publish","hentry"],"_links":{"self":[{"href":"https:\/\/www.zafena.se\/sv\/wp-json\/wp\/v2\/pages\/34","targetHints":{"allow":["GET"]}}],"collection":[{"href":"https:\/\/www.zafena.se\/sv\/wp-json\/wp\/v2\/pages"}],"about":[{"href":"https:\/\/www.zafena.se\/sv\/wp-json\/wp\/v2\/types\/page"}],"author":[{"embeddable":true,"href":"https:\/\/www.zafena.se\/sv\/wp-json\/wp\/v2\/users\/1"}],"replies":[{"embeddable":true,"href":"https:\/\/www.zafena.se\/sv\/wp-json\/wp\/v2\/comments?post=34"}],"version-history":[{"count":162,"href":"https:\/\/www.zafena.se\/sv\/wp-json\/wp\/v2\/pages\/34\/revisions"}],"predecessor-version":[{"id":491013,"href":"https:\/\/www.zafena.se\/sv\/wp-json\/wp\/v2\/pages\/34\/revisions\/491013"}],"wp:attachment":[{"href":"https:\/\/www.zafena.se\/sv\/wp-json\/wp\/v2\/media?parent=34"}],"curies":[{"name":"wp","href":"https:\/\/api.w.org\/{rel}","templated":true}]}}