{"id":260855,"date":"2022-08-16T13:03:33","date_gmt":"2022-08-16T11:03:33","guid":{"rendered":"https:\/\/www.zafena.se\/?page_id=260855"},"modified":"2022-08-17T16:03:00","modified_gmt":"2022-08-17T14:03:00","slug":"tietoevry-lifecare-anslutning-och-exempel","status":"publish","type":"page","link":"https:\/\/www.zafena.se\/sv\/tietoevry-lifecare-anslutning-och-exempel\/","title":{"rendered":"Tietoevry LifeCare &#8211; Anslutning och exempel"},"content":{"rendered":"<p><a href=\"https:\/\/www.tietoevry.com\/en\/care\/\"><img loading=\"lazy\" decoding=\"async\" class=\"alignnone wp-image-261036\" src=\"https:\/\/www.zafena.se\/wp-content\/uploads\/tietoevry-logo-digital-scaled.webp\" alt=\"Tietoevry logo\" width=\"325\" height=\"55\" srcset=\"https:\/\/www.zafena.se\/wp-content\/uploads\/tietoevry-logo-digital-scaled.webp 2560w, https:\/\/www.zafena.se\/wp-content\/uploads\/tietoevry-logo-digital-300x51.webp 300w, https:\/\/www.zafena.se\/wp-content\/uploads\/tietoevry-logo-digital-1024x173.webp 1024w, https:\/\/www.zafena.se\/wp-content\/uploads\/tietoevry-logo-digital-768x130.webp 768w, https:\/\/www.zafena.se\/wp-content\/uploads\/tietoevry-logo-digital-1536x260.webp 1536w, https:\/\/www.zafena.se\/wp-content\/uploads\/tietoevry-logo-digital-2048x346.webp 2048w, https:\/\/www.zafena.se\/wp-content\/uploads\/tietoevry-logo-digital-600x101.webp 600w\" sizes=\"auto, (max-width: 325px) 100vw, 325px\" \/><\/a><\/p>\n<p> Tietoevry utvecklar ett laboratoriedatasystem (LIS) f\u00f6r prim\u00e4rv\u00e5rden och specialistv\u00e5rden d\u00e4r alla analysresultat fr\u00e5n laboratorier passerar f\u00f6r kontroll och godk\u00e4nnande. Via n\u00e4tverket l\u00e4nkas POC-Workstation till LIS och kommunicerar via protokollet ASTM-LIS2A. Resultat fr\u00e5n anslutna m\u00e4tare identifieras via LID-nummer, vilka i sin tur kopplas till patientens journal. Till en POC-Workstation kan anslutas flertalet m\u00e4tare\/instrument, allt fr\u00e5n multi-parameter instrument till enklare m\u00e4tare, som termometer, blodtryck, vikt och puls.<\/p>\n<p>POC-Workstation kan kommunicera med flera mottagare samtidigt. Detta ger organisationen den flexibilitet som beh\u00f6vs f\u00f6r att effektivisera datafl\u00f6den mellan olika tj\u00e4nster i v\u00e5rdens n\u00e4tverk.<br \/>\nResultat ska g\u00e5 till LIS, men vissa analyter ska \u00e4ven g\u00e5 vidare till olika tj\u00e4nster f\u00f6r doseringsst\u00f6d. Genom att skicka resultat till b\u00e5de LIS och doseringsst\u00f6d, kortas ledtiderna per analys med flera minuter i vissa fall.<br \/>\nV\u00e5rden kan d\u00e5 informera om nya dosering redan innan patienten har l\u00e4mnat provtagningsrummet.<\/p>\n<p>Anslutning:<\/p>\n<p><span class=\"VIiyi\" lang=\"en\"><span class=\"JLqJ4b\" data-language-for-alternatives=\"en\" data-language-to-translate-into=\"sv\" data-phrase-index=\"0\" data-number-of-phrases=\"1\"><span class=\"Q4iAWc\"><\/span><\/span><\/span><\/p>\n<p><img loading=\"lazy\" decoding=\"async\" class=\"alignnone wp-image-262588\" src=\"https:\/\/www.zafena.se\/wp-content\/uploads\/Skarmbild-fran-2022-08-16-12-17-45.png\" alt=\"Dataflow tietoevry\" width=\"1007\" height=\"202\" srcset=\"https:\/\/www.zafena.se\/wp-content\/uploads\/Skarmbild-fran-2022-08-16-12-17-45.png 1311w, https:\/\/www.zafena.se\/wp-content\/uploads\/Skarmbild-fran-2022-08-16-12-17-45-300x60.png 300w, https:\/\/www.zafena.se\/wp-content\/uploads\/Skarmbild-fran-2022-08-16-12-17-45-1024x205.png 1024w, https:\/\/www.zafena.se\/wp-content\/uploads\/Skarmbild-fran-2022-08-16-12-17-45-768x154.png 768w, https:\/\/www.zafena.se\/wp-content\/uploads\/Skarmbild-fran-2022-08-16-12-17-45-600x120.png 600w\" sizes=\"auto, (max-width: 1007px) 100vw, 1007px\" \/><\/p>\n<p> En unik identifierare, instrument-tag, placeras p\u00e5 varje instrument (Medtech device), som identifierar typ av instrument, instrument-individ och inst\u00e4llningar f\u00f6r kommunikation.<br \/>\nVarje instrument ansluts till POC-Workstation i enlighet med instrumentets m\u00f6jlighet till kommunikation. POC-Workstation ansluts till det lokala n\u00e4tverket genom n\u00e4tverkskabel eller wifi. MAC-adressen f\u00f6r varje POC-Workstation som installeras kan beh\u00f6va godk\u00e4nnas f\u00f6r kommunikation p\u00e5 det interna n\u00e4tverket i v\u00e5rden.<\/p>\n<p><\/span><\/span><\/span><\/p>\n<p><img loading=\"lazy\" decoding=\"async\" class=\"alignnone size-full wp-image-262849\" src=\"https:\/\/www.zafena.se\/wp-content\/uploads\/Skarmbild-fran-2022-08-16-12-20-28.png\" alt=\"tietoevry anslutning\" width=\"981\" height=\"255\" srcset=\"https:\/\/www.zafena.se\/wp-content\/uploads\/Skarmbild-fran-2022-08-16-12-20-28.png 981w, https:\/\/www.zafena.se\/wp-content\/uploads\/Skarmbild-fran-2022-08-16-12-20-28-300x78.png 300w, https:\/\/www.zafena.se\/wp-content\/uploads\/Skarmbild-fran-2022-08-16-12-20-28-768x200.png 768w, https:\/\/www.zafena.se\/wp-content\/uploads\/Skarmbild-fran-2022-08-16-12-20-28-600x156.png 600w\" sizes=\"auto, (max-width: 981px) 100vw, 981px\" \/><\/p>\n<p> Instruktioner och information:<\/p>\n<p><a href=\"https:\/\/www.zafena.se\/wp-content\/uploads\/Streckkoder-for-SSPT-Plus-20181227-1.pdf\" class=\"mtli_attachment mtli_pdf\">Streckkoder f\u00f6r SSPT Plus 20181227<\/a><\/p>\n<p><a href=\"https:\/\/www.zafena.se\/wp-content\/uploads\/QG-Fjarrkalibrering-20170719_ver2.pdf\" class=\"mtli_attachment mtli_pdf\">QG Fj\u00e4rrkalibrering 20170719_ver2<\/a><\/p>\n<p><a href=\"https:\/\/www.zafena.se\/wp-content\/uploads\/SSPT-Systemskiss-20220519-1.pdf\" class=\"mtli_attachment mtli_pdf\">SSPT Systemskiss 20220519-1<\/a><\/p>\n<p><a href=\"https:\/\/www.zafena.se\/wp-content\/uploads\/QG-SSPT-Plus-SE-20180207-1.pdf\" class=\"mtli_attachment mtli_pdf\">QG SSPT Plus SE 20180207<\/a><\/p>\n<p> Exempel fr\u00e5n verkligheten: <\/p>\n<p><img loading=\"lazy\" decoding=\"async\" class=\" wp-image-263644 alignleft\" src=\"https:\/\/www.zafena.se\/wp-content\/uploads\/Skarmbild-fran-2022-08-16-12-36-01.png\" alt=\"SSPT Plus Norrk\u00f6ping\" width=\"481\" height=\"291\" srcset=\"https:\/\/www.zafena.se\/wp-content\/uploads\/Skarmbild-fran-2022-08-16-12-36-01.png 668w, https:\/\/www.zafena.se\/wp-content\/uploads\/Skarmbild-fran-2022-08-16-12-36-01-300x181.png 300w, https:\/\/www.zafena.se\/wp-content\/uploads\/Skarmbild-fran-2022-08-16-12-36-01-600x363.png 600w\" sizes=\"auto, (max-width: 481px) 100vw, 481px\" \/><\/p>\n<p> Anslutna instrument: <br \/>\n&#8211; Simple Simon PT (USB)<\/p>\n<p>&nbsp;<\/p>\n<p>&nbsp;<\/p>\n<p>&nbsp;<\/p>\n<p>&nbsp;<\/p>\n<p>&nbsp;<\/p>\n<p>&nbsp;<\/p>\n<p><img loading=\"lazy\" decoding=\"async\" class=\"wp-image-263835 alignleft\" src=\"https:\/\/www.zafena.se\/wp-content\/uploads\/Skarmbild-fran-2022-08-16-12-45-36.png\" alt=\"Credo VitaPCR connection\" width=\"482\" height=\"222\" srcset=\"https:\/\/www.zafena.se\/wp-content\/uploads\/Skarmbild-fran-2022-08-16-12-45-36.png 1102w, https:\/\/www.zafena.se\/wp-content\/uploads\/Skarmbild-fran-2022-08-16-12-45-36-300x138.png 300w, https:\/\/www.zafena.se\/wp-content\/uploads\/Skarmbild-fran-2022-08-16-12-45-36-1024x472.png 1024w, https:\/\/www.zafena.se\/wp-content\/uploads\/Skarmbild-fran-2022-08-16-12-45-36-768x354.png 768w, https:\/\/www.zafena.se\/wp-content\/uploads\/Skarmbild-fran-2022-08-16-12-45-36-600x277.png 600w\" sizes=\"auto, (max-width: 482px) 100vw, 482px\" \/><\/p>\n<p> Anslutna instrument: <br \/>\n&#8211; Credo Vita PCR (Zafena special USB-cable, <a href=\"https:\/\/www.zafena.se\/product\/transmission-of-cycletime-ct-values-for-credo-vitapcr-quick-pcr-instrument\/\">ZAF-525<\/a>)<br \/>\n&#8211; Credo Vita PCR (Zafena special USB-cable, <a href=\"https:\/\/www.zafena.se\/product\/transmission-of-cycletime-ct-values-for-credo-vitapcr-quick-pcr-instrument\/\">ZAF-525<\/a>)<\/p>\n<p>&nbsp;<\/p>\n<p>&nbsp;<\/p>\n<p>&nbsp;<\/p>\n<p>&nbsp;<\/p>\n<p><img loading=\"lazy\" decoding=\"async\" class=\"wp-image-267301 alignleft\" src=\"https:\/\/www.zafena.se\/wp-content\/uploads\/Skarmbild-fran-2022-08-17-10-59-29.png\" alt=\"6 Vita PCR connected\" width=\"482\" height=\"198\" srcset=\"https:\/\/www.zafena.se\/wp-content\/uploads\/Skarmbild-fran-2022-08-17-10-59-29.png 1341w, https:\/\/www.zafena.se\/wp-content\/uploads\/Skarmbild-fran-2022-08-17-10-59-29-300x123.png 300w, https:\/\/www.zafena.se\/wp-content\/uploads\/Skarmbild-fran-2022-08-17-10-59-29-1024x421.png 1024w, https:\/\/www.zafena.se\/wp-content\/uploads\/Skarmbild-fran-2022-08-17-10-59-29-768x316.png 768w, https:\/\/www.zafena.se\/wp-content\/uploads\/Skarmbild-fran-2022-08-17-10-59-29-600x247.png 600w\" sizes=\"auto, (max-width: 482px) 100vw, 482px\" \/><\/p>\n<p> Anslutna instrument: <br \/>\nPOC-Workstation 1<br \/>\n&#8211; Credo Vita PCR (Zafena special USB-cable, <a href=\"https:\/\/www.zafena.se\/product\/transmission-of-cycletime-ct-values-for-credo-vitapcr-quick-pcr-instrument\/\">ZAF-525<\/a>)<br \/>\n&#8211; Credo Vita PCR (Zafena special USB-cable, <a href=\"https:\/\/www.zafena.se\/product\/transmission-of-cycletime-ct-values-for-credo-vitapcr-quick-pcr-instrument\/\">ZAF-525<\/a>)<br \/>\n&#8211; Credo Vita PCR (Zafena special USB-cable, <a href=\"https:\/\/www.zafena.se\/product\/transmission-of-cycletime-ct-values-for-credo-vitapcr-quick-pcr-instrument\/\">ZAF-525<\/a>)<\/p>\n<p>POC-Workstation 2<br \/>\n&#8211; Credo Vita PCR (Zafena special USB-cable, <a href=\"https:\/\/www.zafena.se\/product\/transmission-of-cycletime-ct-values-for-credo-vitapcr-quick-pcr-instrument\/\">ZAF-525<\/a>)<br \/>\n&#8211; Credo Vita PCR (Zafena special USB-cable, <a href=\"https:\/\/www.zafena.se\/product\/transmission-of-cycletime-ct-values-for-credo-vitapcr-quick-pcr-instrument\/\">ZAF-525<\/a>)<br \/>\n&#8211; Credo Vita PCR (Zafena special USB-cable, <a href=\"https:\/\/www.zafena.se\/product\/transmission-of-cycletime-ct-values-for-credo-vitapcr-quick-pcr-instrument\/\">ZAF-525<\/a>)<\/p>\n<p><img loading=\"lazy\" decoding=\"async\" class=\"wp-image-3260 alignleft\" src=\"https:\/\/www.zafena.se\/wp-content\/uploads\/SSUA-Plus-setup-clean.png\" alt=\"SSUA Plus setup\" width=\"482\" height=\"362\" srcset=\"https:\/\/www.zafena.se\/wp-content\/uploads\/SSUA-Plus-setup-clean.png 5312w, https:\/\/www.zafena.se\/wp-content\/uploads\/SSUA-Plus-setup-clean-300x225.png 300w, https:\/\/www.zafena.se\/wp-content\/uploads\/SSUA-Plus-setup-clean-1024x768.png 1024w, https:\/\/www.zafena.se\/wp-content\/uploads\/SSUA-Plus-setup-clean-768x576.png 768w, https:\/\/www.zafena.se\/wp-content\/uploads\/SSUA-Plus-setup-clean-1536x1152.png 1536w, https:\/\/www.zafena.se\/wp-content\/uploads\/SSUA-Plus-setup-clean-2048x1536.png 2048w, https:\/\/www.zafena.se\/wp-content\/uploads\/SSUA-Plus-setup-clean-600x450.png 600w\" sizes=\"auto, (max-width: 482px) 100vw, 482px\" \/><\/p>\n<p>&nbsp;<\/p>\n<p> Anslutna instrument: <br \/>\n&#8211; Simple Simon UA<\/p>\n<p>&nbsp;<\/p>\n<p>&nbsp;<\/p>\n<p>&nbsp;<\/p>\n<p>&nbsp;<\/p>\n<p>&nbsp;<\/p>\n<p>&nbsp;<\/p>\n<p>&nbsp;<\/p>\n<p><img loading=\"lazy\" decoding=\"async\" class=\"wp-image-269594 alignleft\" src=\"https:\/\/www.zafena.se\/wp-content\/uploads\/Skarmbild-fran-2022-08-17-15-59-57.png\" alt=\"ESR connectivity\" width=\"479\" height=\"328\" srcset=\"https:\/\/www.zafena.se\/wp-content\/uploads\/Skarmbild-fran-2022-08-17-15-59-57.png 1108w, https:\/\/www.zafena.se\/wp-content\/uploads\/Skarmbild-fran-2022-08-17-15-59-57-300x206.png 300w, https:\/\/www.zafena.se\/wp-content\/uploads\/Skarmbild-fran-2022-08-17-15-59-57-1024x701.png 1024w, https:\/\/www.zafena.se\/wp-content\/uploads\/Skarmbild-fran-2022-08-17-15-59-57-768x526.png 768w, https:\/\/www.zafena.se\/wp-content\/uploads\/Skarmbild-fran-2022-08-17-15-59-57-600x411.png 600w\" sizes=\"auto, (max-width: 479px) 100vw, 479px\" \/><\/p>\n<p> Anslutna instrument: <br \/>\n&#8211; Simple Simon PT<br \/>\n&#8211; Elitech MicroSed R ESR<\/p>\n<p>&nbsp;<\/p>\n<p>&nbsp;<\/p>\n<p>&nbsp;<\/p>","protected":false},"excerpt":{"rendered":"<p>Tietoevry utvecklar ett laboratoriedatasystem (LIS) f\u00f6r prim\u00e4rv\u00e5rden och specialistv\u00e5rden d\u00e4r alla analysresultat fr\u00e5n laboratorier passerar f\u00f6r kontroll och godk\u00e4nnande. Via n\u00e4tverket l\u00e4nkas POC-Workstation till LIS och kommunicerar via protokollet ASTM-LIS2A.\u2026 <a href=\"https:\/\/www.zafena.se\/sv\/tietoevry-lifecare-anslutning-och-exempel\/\" class=\"read-more-link\">read more &rarr;<\/a><\/p>\n","protected":false},"author":4,"featured_media":0,"parent":0,"menu_order":0,"comment_status":"closed","ping_status":"closed","template":"","meta":{"footnotes":""},"class_list":["post-260855","page","type-page","status-publish","hentry"],"_links":{"self":[{"href":"https:\/\/www.zafena.se\/sv\/wp-json\/wp\/v2\/pages\/260855","targetHints":{"allow":["GET"]}}],"collection":[{"href":"https:\/\/www.zafena.se\/sv\/wp-json\/wp\/v2\/pages"}],"about":[{"href":"https:\/\/www.zafena.se\/sv\/wp-json\/wp\/v2\/types\/page"}],"author":[{"embeddable":true,"href":"https:\/\/www.zafena.se\/sv\/wp-json\/wp\/v2\/users\/4"}],"replies":[{"embeddable":true,"href":"https:\/\/www.zafena.se\/sv\/wp-json\/wp\/v2\/comments?post=260855"}],"version-history":[{"count":5,"href":"https:\/\/www.zafena.se\/sv\/wp-json\/wp\/v2\/pages\/260855\/revisions"}],"predecessor-version":[{"id":269745,"href":"https:\/\/www.zafena.se\/sv\/wp-json\/wp\/v2\/pages\/260855\/revisions\/269745"}],"wp:attachment":[{"href":"https:\/\/www.zafena.se\/sv\/wp-json\/wp\/v2\/media?parent=260855"}],"curies":[{"name":"wp","href":"https:\/\/api.w.org\/{rel}","templated":true}]}}