{"id":258367,"date":"2022-08-16T11:26:05","date_gmt":"2022-08-16T09:26:05","guid":{"rendered":"https:\/\/www.zafena.se\/?page_id=258367"},"modified":"2022-08-16T13:10:58","modified_gmt":"2022-08-16T11:10:58","slug":"pridok-anslutning-och-exempel","status":"publish","type":"page","link":"https:\/\/www.zafena.se\/sv\/pridok-anslutning-och-exempel\/","title":{"rendered":"Pridok &#8211; Anslutning och exempel"},"content":{"rendered":"<p><a href=\"https:\/\/www.pridok.no\/\"><img loading=\"lazy\" decoding=\"async\" class=\"alignnone size-full wp-image-258598\" src=\"https:\/\/www.zafena.se\/wp-content\/uploads\/pridok-logo.png\" alt=\"Pridok logo\" width=\"250\" height=\"81\" \/><\/a><\/p>\n<p> Pridok journalsystem f\u00f6r humanv\u00e5rd anv\u00e4nds av v\u00e5rdcentraler, l\u00e4karkontor och privata mottagningar i hela Norge. Tidigare gjordes dokumentation av laboratorieanalyser manuellt, vilket \u00e4r mycket tidskr\u00e4vande och skapar risk f\u00f6r felskrivningar. Installationen av POC-Workstation fr\u00e5n Zafena ansluter alla instrument i klinikens laboratorium, l\u00e4karkontor och v\u00e5rdrum. POC-workstation digitaliserar resultaten och skickar dem in i Pridok automatiskt. Detta spar dyrbar personaltid och minimerar risken f\u00f6r felskrivningar.<\/p>\n<p>Zafena ansluter all sorts Medtech, men fram f\u00f6r allt g\u00e4ller det resultat fr\u00e5n multi-parameter analysinstrument, som tar extra l\u00e5ng tid att registrera manuellt.<\/p>\n<p>Anslutning:<\/p>\n<p><\/span><\/span><\/span><\/p>\n<p><img loading=\"lazy\" decoding=\"async\" class=\"alignnone size-full wp-image-257956\" src=\"https:\/\/www.zafena.se\/wp-content\/uploads\/Skarmbild-fran-2022-08-15-15-36-28.png\" alt=\"Pridok - anslutningsfl\u00f6de\" width=\"1169\" height=\"260\" srcset=\"https:\/\/www.zafena.se\/wp-content\/uploads\/Skarmbild-fran-2022-08-15-15-36-28.png 1169w, https:\/\/www.zafena.se\/wp-content\/uploads\/Skarmbild-fran-2022-08-15-15-36-28-300x67.png 300w, https:\/\/www.zafena.se\/wp-content\/uploads\/Skarmbild-fran-2022-08-15-15-36-28-1024x228.png 1024w, https:\/\/www.zafena.se\/wp-content\/uploads\/Skarmbild-fran-2022-08-15-15-36-28-768x171.png 768w, https:\/\/www.zafena.se\/wp-content\/uploads\/Skarmbild-fran-2022-08-15-15-36-28-600x133.png 600w\" sizes=\"auto, (max-width: 1169px) 100vw, 1169px\" \/><\/p>\n<p> En unik identifierare, instrument-tag, placeras p\u00e5 varje instrument (Medtech device), som identifierar typ av instrument, instrument-individ och inst\u00e4llningar f\u00f6r kommunikation.<br \/>\nVarje instrument ansluts till POC-Workstation i enlighet med instrumentets m\u00f6jlighet till kommunikation. POC-Workstation ansluts till det lokala n\u00e4tverket genom n\u00e4tverkskabel eller wifi.<\/p>\n<p>Arbetsstationen registreras i Pridok genom att f\u00f6rfr\u00e5gan skickas till Pridok via mail eller via dedikerad support kanal. Pridok \u00e5terkommer med en unik identitet f\u00f6r varje POC-Workstation som ska installeras.<\/p>\n<p><\/p>\n<p><img loading=\"lazy\" decoding=\"async\" class=\"alignnone size-full wp-image-252623\" src=\"https:\/\/www.zafena.se\/wp-content\/uploads\/Skarmbild-fran-2022-08-11-16-02-33.png\" alt=\"\" width=\"1153\" height=\"245\" srcset=\"https:\/\/www.zafena.se\/wp-content\/uploads\/Skarmbild-fran-2022-08-11-16-02-33.png 1153w, https:\/\/www.zafena.se\/wp-content\/uploads\/Skarmbild-fran-2022-08-11-16-02-33-300x64.png 300w, https:\/\/www.zafena.se\/wp-content\/uploads\/Skarmbild-fran-2022-08-11-16-02-33-1024x218.png 1024w, https:\/\/www.zafena.se\/wp-content\/uploads\/Skarmbild-fran-2022-08-11-16-02-33-768x163.png 768w, https:\/\/www.zafena.se\/wp-content\/uploads\/Skarmbild-fran-2022-08-11-16-02-33-600x127.png 600w\" sizes=\"auto, (max-width: 1153px) 100vw, 1153px\" \/><\/p>\n<p> Steg f\u00f6r steg instruktioner:<\/p>\n<p><a href=\"https:\/\/www.zafena.se\/wp-content\/uploads\/Pridok-QG-NO-ZAF-552-20220408.pdf\" class=\"mtli_attachment mtli_pdf\">Pridok QG NO ZAF-552 20220408<\/a><\/p>\n<p> Exempel fr\u00e5n verkligheten: <\/p>\n<p><img loading=\"lazy\" decoding=\"async\" class=\"size-full wp-image-259469 alignleft\" src=\"https:\/\/www.zafena.se\/wp-content\/uploads\/Skarmbild-fran-2022-08-16-10-55-28.png\" alt=\"anslutning Borge\" width=\"458\" height=\"309\" srcset=\"https:\/\/www.zafena.se\/wp-content\/uploads\/Skarmbild-fran-2022-08-16-10-55-28.png 458w, https:\/\/www.zafena.se\/wp-content\/uploads\/Skarmbild-fran-2022-08-16-10-55-28-300x202.png 300w\" sizes=\"auto, (max-width: 458px) 100vw, 458px\" \/><\/p>\n<p> Anslutna instrument: <br \/>\n&#8211; Affinion2 (Ethernet)<br \/>\n&#8211; Affinion2 (Ethernet)<br \/>\n&#8211; Affinion2 (Ethernet)<br \/>\n&#8211; Affinion2 (Ethernet)<br \/>\n&#8211; Affinion2 (Ethernet)<br \/>\n&#8211; Affinion2 (Ethernet)<\/p>\n<p>&nbsp;<\/p>\n<p>&nbsp;<\/p>\n<p>&nbsp;<\/p>\n<p>&nbsp;<\/p>\n<p>&nbsp;<\/p>\n<p><img loading=\"lazy\" decoding=\"async\" class=\"size-full wp-image-259660 alignleft\" src=\"https:\/\/www.zafena.se\/wp-content\/uploads\/Skarmbild-fran-2022-08-16-10-56-38.png\" alt=\"Borge 2\" width=\"458\" height=\"210\" srcset=\"https:\/\/www.zafena.se\/wp-content\/uploads\/Skarmbild-fran-2022-08-16-10-56-38.png 458w, https:\/\/www.zafena.se\/wp-content\/uploads\/Skarmbild-fran-2022-08-16-10-56-38-300x138.png 300w\" sizes=\"auto, (max-width: 458px) 100vw, 458px\" \/><\/p>\n<p> Anslutna instrument: <br \/>\n&#8211; Hemocue WBC Diff (Serial)<br \/>\n&#8211; Hemocue 801 Hb (Bluetooth)<br \/>\n&#8211; Hemocue 801 Hb (Bluetooth)<br \/>\n&#8211; Hemocue 201+ Glucose (USB)<br \/>\n&#8211; Hemocue 201+ Glucose (USB)<br \/>\n&#8211; ESR (Serial)<br \/>\n&#8211; Reactif touch (Serial)<\/p>\n<p>&nbsp;<\/p>\n<p><img loading=\"lazy\" decoding=\"async\" class=\" wp-image-259991 alignleft\" src=\"https:\/\/www.zafena.se\/wp-content\/uploads\/Skarmbild-fran-2022-08-16-11-07-50.png\" alt=\"\u00d6rje 1\" width=\"458\" height=\"144\" srcset=\"https:\/\/www.zafena.se\/wp-content\/uploads\/Skarmbild-fran-2022-08-16-11-07-50.png 849w, https:\/\/www.zafena.se\/wp-content\/uploads\/Skarmbild-fran-2022-08-16-11-07-50-300x94.png 300w, https:\/\/www.zafena.se\/wp-content\/uploads\/Skarmbild-fran-2022-08-16-11-07-50-768x242.png 768w, https:\/\/www.zafena.se\/wp-content\/uploads\/Skarmbild-fran-2022-08-16-11-07-50-600x189.png 600w\" sizes=\"auto, (max-width: 458px) 100vw, 458px\" \/><\/p>\n<p> Anslutna instrument: <br \/>\n&#8211; Horiba Microsemi CRP (Ethernet)<br \/>\n&#8211; Siemens DCA Vantage (Serial)<br \/>\n&#8211; Aidian QuikreadGo (Ethernet)<br \/>\n&#8211; Hemocue 201+ Hb (USB)<br \/>\n&#8211; Hemocue 201+ Glucose (USB)<br \/>\n&#8211; Hemocue WBC Diff (Serial)<br \/>\n&#8211; iLine MicroINR (USB)<br \/>\n&#8211; Cobas h232<br \/>\n&#8211; Reactif touch (Serial)<\/p>\n<p>&nbsp;<\/p>\n<p><img loading=\"lazy\" decoding=\"async\" class=\" wp-image-260282 alignleft\" src=\"https:\/\/www.zafena.se\/wp-content\/uploads\/IMG_0778-rotated.jpg\" alt=\"Lindar\" width=\"464\" height=\"619\" srcset=\"https:\/\/www.zafena.se\/wp-content\/uploads\/IMG_0778-rotated.jpg 480w, https:\/\/www.zafena.se\/wp-content\/uploads\/IMG_0778-225x300.jpg 225w\" sizes=\"auto, (max-width: 464px) 100vw, 464px\" \/><\/p>\n<p> Anslutna instrument: <br \/>\n&#8211; Hemocue WBC Diff (Serial)<br \/>\n&#8211; Hemocue 201+ Glucose (USB)<br \/>\n&#8211; Hemocue 801 Hb (Bluetooth)<\/p>\n<p>&nbsp;<\/p>\n<p>&nbsp;<\/p>","protected":false},"excerpt":{"rendered":"<p>Pridok journalsystem f\u00f6r humanv\u00e5rd anv\u00e4nds av v\u00e5rdcentraler, l\u00e4karkontor och privata mottagningar i hela Norge. Tidigare gjordes dokumentation av laboratorieanalyser manuellt, vilket \u00e4r mycket tidskr\u00e4vande och skapar risk f\u00f6r felskrivningar. Installationen\u2026 <a href=\"https:\/\/www.zafena.se\/sv\/pridok-anslutning-och-exempel\/\" class=\"read-more-link\">read more &rarr;<\/a><\/p>\n","protected":false},"author":4,"featured_media":0,"parent":0,"menu_order":0,"comment_status":"closed","ping_status":"closed","template":"","meta":{"footnotes":""},"class_list":["post-258367","page","type-page","status-publish","hentry"],"_links":{"self":[{"href":"https:\/\/www.zafena.se\/sv\/wp-json\/wp\/v2\/pages\/258367","targetHints":{"allow":["GET"]}}],"collection":[{"href":"https:\/\/www.zafena.se\/sv\/wp-json\/wp\/v2\/pages"}],"about":[{"href":"https:\/\/www.zafena.se\/sv\/wp-json\/wp\/v2\/types\/page"}],"author":[{"embeddable":true,"href":"https:\/\/www.zafena.se\/sv\/wp-json\/wp\/v2\/users\/4"}],"replies":[{"embeddable":true,"href":"https:\/\/www.zafena.se\/sv\/wp-json\/wp\/v2\/comments?post=258367"}],"version-history":[{"count":3,"href":"https:\/\/www.zafena.se\/sv\/wp-json\/wp\/v2\/pages\/258367\/revisions"}],"predecessor-version":[{"id":264719,"href":"https:\/\/www.zafena.se\/sv\/wp-json\/wp\/v2\/pages\/258367\/revisions\/264719"}],"wp:attachment":[{"href":"https:\/\/www.zafena.se\/sv\/wp-json\/wp\/v2\/media?parent=258367"}],"curies":[{"name":"wp","href":"https:\/\/api.w.org\/{rel}","templated":true}]}}