{"id":251180,"date":"2022-08-11T16:34:52","date_gmt":"2022-08-11T14:34:52","guid":{"rendered":"https:\/\/www.zafena.se\/?page_id=251180"},"modified":"2025-03-11T12:28:12","modified_gmt":"2025-03-11T11:28:12","slug":"apoex-link-anslutning-och-exempel","status":"publish","type":"page","link":"https:\/\/www.zafena.se\/sv\/apoex-link-anslutning-och-exempel\/","title":{"rendered":"Apoex LINK &#8211; Anslutning och exempel"},"content":{"rendered":"<p><a href=\"http:\/\/linkjournal.se\/\"><img loading=\"lazy\" decoding=\"async\" class=\"alignnone wp-image-254996\" src=\"https:\/\/www.zafena.se\/wp-content\/uploads\/Skarmbild-fran-2022-08-15-11-46-10.png\" alt=\"LINK\" width=\"213\" height=\"57\" srcset=\"https:\/\/www.zafena.se\/wp-content\/uploads\/Skarmbild-fran-2022-08-15-11-46-10.png 767w, https:\/\/www.zafena.se\/wp-content\/uploads\/Skarmbild-fran-2022-08-15-11-46-10-300x80.png 300w, https:\/\/www.zafena.se\/wp-content\/uploads\/Skarmbild-fran-2022-08-15-11-46-10-600x160.png 600w\" sizes=\"auto, (max-width: 213px) 100vw, 213px\" \/><\/a><\/p>\n<p> Apoex LINK journalsystem f\u00f6r veterin\u00e4rer anv\u00e4nds bland annat av det statligt \u00e4gda Distriktsveterin\u00e4rerna och finns i hela Sverige. Tidigare gjordes dokumentation av laboratorieanalyser manuellt, vilket \u00e4r mycket tidskr\u00e4vande och skapar risk f\u00f6r felskrivningar. Installationen av POC-Workstation fr\u00e5n Zafena ansluter alla instrument i klinikens laboratorium, digitaliserar resultaten och skickar dem in i LINK automatiskt. Detta spar flera timmar personaltid i veckan, enligt \u00e5terkoppling fr\u00e5n flera kliniker.<br \/>\n&#8221;Alla borde ha en s\u00e5dan h\u00e4r magisk manick&#8221;, utbrister klinikchefen i \u00d6rnsk\u00f6ldsvik.<\/p>\n<p>Zafena ansluter all sorts Medtech, men fram f\u00f6r allt g\u00e4ller det resultat fr\u00e5n multi-parameter analysinstrument, som tar l\u00e5ng tid att registrera manuellt.<\/p>\n<p>Anslutning:<\/p>\n<p><\/p>\n<p><img loading=\"lazy\" decoding=\"async\" class=\"alignnone size-full wp-image-251961\" src=\"https:\/\/www.zafena.se\/wp-content\/uploads\/Skarmbild-fran-2022-08-11-15-37-59.png\" alt=\"Connectivity chart\" width=\"1176\" height=\"269\" srcset=\"https:\/\/www.zafena.se\/wp-content\/uploads\/Skarmbild-fran-2022-08-11-15-37-59.png 1176w, https:\/\/www.zafena.se\/wp-content\/uploads\/Skarmbild-fran-2022-08-11-15-37-59-300x69.png 300w, https:\/\/www.zafena.se\/wp-content\/uploads\/Skarmbild-fran-2022-08-11-15-37-59-1024x234.png 1024w, https:\/\/www.zafena.se\/wp-content\/uploads\/Skarmbild-fran-2022-08-11-15-37-59-768x176.png 768w, https:\/\/www.zafena.se\/wp-content\/uploads\/Skarmbild-fran-2022-08-11-15-37-59-600x137.png 600w\" sizes=\"auto, (max-width: 1176px) 100vw, 1176px\" \/><\/p>\n<p> En unik identifierare, instrument-tag, placeras p\u00e5 varje instrument (Medtech device), som identifierar typ av instrument, instrument-individ och inst\u00e4llningar f\u00f6r kommunikation.<br \/>\nVarje instrument ansluts till POC-Workstation i enlighet med instrumentets m\u00f6jlighet till kommunikation. POC-Workstation ansluts till det lokala n\u00e4tverket genom n\u00e4tverkskabel eller wifi. Arbetsstationen registreras i LINK med tv\u00e5 streckkoder som skannas av streckkodsl\u00e4saren som \u00e4r ansluten till POC-Workstation.<\/p>\n<p><\/p>\n<p><img loading=\"lazy\" decoding=\"async\" class=\"alignnone size-full wp-image-252623\" src=\"https:\/\/www.zafena.se\/wp-content\/uploads\/Skarmbild-fran-2022-08-11-16-02-33.png\" alt=\"\" width=\"1153\" height=\"245\" srcset=\"https:\/\/www.zafena.se\/wp-content\/uploads\/Skarmbild-fran-2022-08-11-16-02-33.png 1153w, https:\/\/www.zafena.se\/wp-content\/uploads\/Skarmbild-fran-2022-08-11-16-02-33-300x64.png 300w, https:\/\/www.zafena.se\/wp-content\/uploads\/Skarmbild-fran-2022-08-11-16-02-33-1024x218.png 1024w, https:\/\/www.zafena.se\/wp-content\/uploads\/Skarmbild-fran-2022-08-11-16-02-33-768x163.png 768w, https:\/\/www.zafena.se\/wp-content\/uploads\/Skarmbild-fran-2022-08-11-16-02-33-600x127.png 600w\" sizes=\"auto, (max-width: 1153px) 100vw, 1153px\" \/><\/p>\n<p> Steg f\u00f6r steg instruktioner:<\/p>\n<p>\u00a0Snabbguide f\u00f6r anv\u00e4ndning av POC-Workstation med journalsystemet Link: <a href=\"https:\/\/www.zafena.se\/wp-content\/uploads\/QG-SSPlus-VET-generell-mot-LINK-SE-20241209-zafena.pdf\" class=\"mtli_attachment mtli_pdf\">QG LINK SE 20241209<\/a><\/p>\n<p>Exempel p\u00e5 instruktioner f\u00f6r anslutning av instrument:<\/p>\n<p><a href=\"https:\/\/www.zafena.se\/instruktioner\/\">Instrument-instruktioner<\/a><\/p>\n<p>Fels\u00f6kning p\u00e5 distans:<\/p>\n<p><a href=\"https:\/\/www.zafena.se\/wp-content\/uploads\/SE-Zafena-POC-Workstation-troubleshooting.pdf\" class=\"mtli_attachment mtli_pdf\">SE Zafena POC-Workstation troubleshooting<\/a><\/p>\n<p><\/p>\n<p> Exempel fr\u00e5n verkligheten: <\/p>\n<p><img loading=\"lazy\" decoding=\"async\" class=\"wp-image-252824 alignleft\" src=\"https:\/\/www.zafena.se\/wp-content\/uploads\/site-1.jpg\" alt=\"\" width=\"469\" height=\"352\" srcset=\"https:\/\/www.zafena.se\/wp-content\/uploads\/site-1.jpg 1824w, https:\/\/www.zafena.se\/wp-content\/uploads\/site-1-300x225.jpg 300w, https:\/\/www.zafena.se\/wp-content\/uploads\/site-1-1024x768.jpg 1024w, https:\/\/www.zafena.se\/wp-content\/uploads\/site-1-768x576.jpg 768w, https:\/\/www.zafena.se\/wp-content\/uploads\/site-1-1536x1152.jpg 1536w, https:\/\/www.zafena.se\/wp-content\/uploads\/site-1-600x450.jpg 600w\" sizes=\"auto, (max-width: 469px) 100vw, 469px\" \/><\/p>\n<p> Anslutna instrument: <br \/>\n&#8211; IDEXX LaserCyte Dx<br \/>\n&#8211; IDEXX Catalyst One<br \/>\n&#8211; Eurolyser SOLO<\/p>\n<p>&nbsp;<\/p>\n<p>&nbsp;<\/p>\n<p>&nbsp;<\/p>\n<p>&nbsp;<\/p>\n<p>&nbsp;<\/p>\n<p>&nbsp;<\/p>\n<p>&nbsp;<\/p>\n<p><img loading=\"lazy\" decoding=\"async\" class=\"wp-image-253065 alignleft\" src=\"https:\/\/www.zafena.se\/wp-content\/uploads\/site-2.jpg\" alt=\"\" width=\"473\" height=\"355\" srcset=\"https:\/\/www.zafena.se\/wp-content\/uploads\/site-2.jpg 912w, https:\/\/www.zafena.se\/wp-content\/uploads\/site-2-300x225.jpg 300w, https:\/\/www.zafena.se\/wp-content\/uploads\/site-2-768x576.jpg 768w, https:\/\/www.zafena.se\/wp-content\/uploads\/site-2-600x450.jpg 600w\" sizes=\"auto, (max-width: 473px) 100vw, 473px\" \/><\/p>\n<p> Anslutna instrument: <br \/>\n&#8211; Eurolyser SOLO<br \/>\n&#8211; Abaxis VetScan VS2<br \/>\n&#8211; FujiFilm AU10<br \/>\n&#8211; HORIBA Scil ABC Vet Plus<\/p>\n<p>&nbsp;<\/p>\n<p>&nbsp;<\/p>\n<p>&nbsp;<\/p>\n<p>&nbsp;<\/p>\n<p>&nbsp;<\/p>\n<p>&nbsp;<\/p>\n<p><img loading=\"lazy\" decoding=\"async\" class=\" wp-image-253236 alignleft\" src=\"https:\/\/www.zafena.se\/wp-content\/uploads\/site-3.jpg\" alt=\"\" width=\"472\" height=\"354\" srcset=\"https:\/\/www.zafena.se\/wp-content\/uploads\/site-3.jpg 912w, https:\/\/www.zafena.se\/wp-content\/uploads\/site-3-300x225.jpg 300w, https:\/\/www.zafena.se\/wp-content\/uploads\/site-3-768x576.jpg 768w, https:\/\/www.zafena.se\/wp-content\/uploads\/site-3-600x450.jpg 600w\" sizes=\"auto, (max-width: 472px) 100vw, 472px\" \/><\/p>\n<p> Anslutna instrument: <br \/>\n&#8211; Boule Exigo Vet<br \/>\n&#8211; Arkray Spotchem 4430<br \/>\n&#8211; Eurolyser CUBE Vet<\/p>\n<p>&nbsp;<\/p>\n<p>&nbsp;<\/p>\n<p>&nbsp;<\/p>\n<p>&nbsp;<\/p>\n<p>&nbsp;<\/p>\n<p>&nbsp;<\/p>\n<p>&nbsp;<\/p>\n<p><img loading=\"lazy\" decoding=\"async\" class=\" wp-image-253387 alignleft\" src=\"https:\/\/www.zafena.se\/wp-content\/uploads\/site-6.jpg\" alt=\"\" width=\"470\" height=\"235\" srcset=\"https:\/\/www.zafena.se\/wp-content\/uploads\/site-6.jpg 912w, https:\/\/www.zafena.se\/wp-content\/uploads\/site-6-300x150.jpg 300w, https:\/\/www.zafena.se\/wp-content\/uploads\/site-6-768x384.jpg 768w, https:\/\/www.zafena.se\/wp-content\/uploads\/site-6-600x300.jpg 600w\" sizes=\"auto, (max-width: 470px) 100vw, 470px\" \/><\/p>\n<p> Anslutna instrument: <br \/>\n&#8211; LifeAssays VetReader<br \/>\n&#8211; Arkray Spotchem 1520<br \/>\n&#8211; Arkray Spotchem 4430<br \/>\n&#8211; Boule Exigo Vet<\/p>\n<p>&nbsp;<\/p>\n<p>&nbsp;<\/p>\n<p>&nbsp;<\/p>\n<p><img loading=\"lazy\" decoding=\"async\" class=\" wp-image-253568 alignleft\" src=\"https:\/\/www.zafena.se\/wp-content\/uploads\/site-7.jpg\" alt=\"\" width=\"472\" height=\"236\" srcset=\"https:\/\/www.zafena.se\/wp-content\/uploads\/site-7.jpg 912w, https:\/\/www.zafena.se\/wp-content\/uploads\/site-7-300x150.jpg 300w, https:\/\/www.zafena.se\/wp-content\/uploads\/site-7-768x384.jpg 768w, https:\/\/www.zafena.se\/wp-content\/uploads\/site-7-600x300.jpg 600w\" sizes=\"auto, (max-width: 472px) 100vw, 472px\" \/><\/p>\n<p> Anslutna instrument: <br \/>\n&#8211; FujiFilm DriChem NX500<br \/>\n&#8211; Eurolyser SOLO<br \/>\n&#8211; HORIBA Scil ABC Vet Plus<\/p>\n<p>&nbsp;<\/p>\n<p>&nbsp;<\/p>\n<p>&nbsp;<\/p>\n<p>&nbsp;<\/p>\n<p><img loading=\"lazy\" decoding=\"async\" class=\" wp-image-253649 alignleft\" src=\"https:\/\/www.zafena.se\/wp-content\/uploads\/site-8.jpg\" alt=\"\" width=\"477\" height=\"358\" srcset=\"https:\/\/www.zafena.se\/wp-content\/uploads\/site-8.jpg 912w, https:\/\/www.zafena.se\/wp-content\/uploads\/site-8-300x225.jpg 300w, https:\/\/www.zafena.se\/wp-content\/uploads\/site-8-768x576.jpg 768w, https:\/\/www.zafena.se\/wp-content\/uploads\/site-8-600x450.jpg 600w\" sizes=\"auto, (max-width: 477px) 100vw, 477px\" \/><\/p>\n<p> Anslutna instrument: <br \/>\n&#8211; Abaxis VetScan VS2<br \/>\n&#8211; Eurolyser CUBE Vet<br \/>\n&#8211; Abaxis H5<\/p>\n<p>&nbsp;<\/p>\n<p>&nbsp;<\/p>\n<p>&nbsp;<\/p>\n<p>&nbsp;<\/p>\n<p>&nbsp;<\/p>\n<p>&nbsp;<\/p>\n<p>&nbsp;<\/p>\n<p>&nbsp;<\/p>\n<p>&nbsp;<\/p>\n<p>&nbsp;<\/p>\n<p>&nbsp;<\/p>\n<p>&nbsp;<\/p>\n<p>&nbsp;<\/p>\n<p>&nbsp;<\/p>\n<p>&nbsp;<\/p>","protected":false},"excerpt":{"rendered":"<p>Apoex LINK journalsystem f\u00f6r veterin\u00e4rer anv\u00e4nds bland annat av det statligt \u00e4gda Distriktsveterin\u00e4rerna och finns i hela Sverige. Tidigare gjordes dokumentation av laboratorieanalyser manuellt, vilket \u00e4r mycket tidskr\u00e4vande och skapar\u2026 <a href=\"https:\/\/www.zafena.se\/sv\/apoex-link-anslutning-och-exempel\/\" class=\"read-more-link\">read more &rarr;<\/a><\/p>\n","protected":false},"author":4,"featured_media":0,"parent":0,"menu_order":0,"comment_status":"closed","ping_status":"closed","template":"","meta":{"footnotes":""},"class_list":["post-251180","page","type-page","status-publish","hentry"],"_links":{"self":[{"href":"https:\/\/www.zafena.se\/sv\/wp-json\/wp\/v2\/pages\/251180","targetHints":{"allow":["GET"]}}],"collection":[{"href":"https:\/\/www.zafena.se\/sv\/wp-json\/wp\/v2\/pages"}],"about":[{"href":"https:\/\/www.zafena.se\/sv\/wp-json\/wp\/v2\/types\/page"}],"author":[{"embeddable":true,"href":"https:\/\/www.zafena.se\/sv\/wp-json\/wp\/v2\/users\/4"}],"replies":[{"embeddable":true,"href":"https:\/\/www.zafena.se\/sv\/wp-json\/wp\/v2\/comments?post=251180"}],"version-history":[{"count":3,"href":"https:\/\/www.zafena.se\/sv\/wp-json\/wp\/v2\/pages\/251180\/revisions"}],"predecessor-version":[{"id":487393,"href":"https:\/\/www.zafena.se\/sv\/wp-json\/wp\/v2\/pages\/251180\/revisions\/487393"}],"wp:attachment":[{"href":"https:\/\/www.zafena.se\/sv\/wp-json\/wp\/v2\/media?parent=251180"}],"curies":[{"name":"wp","href":"https:\/\/api.w.org\/{rel}","templated":true}]}}