{"id":193395,"date":"2021-12-02T14:27:00","date_gmt":"2021-12-02T13:27:00","guid":{"rendered":"https:\/\/www.zafena.se\/?page_id=193395"},"modified":"2026-04-13T11:32:28","modified_gmt":"2026-04-13T09:32:28","slug":"driftinfo","status":"publish","type":"page","link":"https:\/\/www.zafena.se\/sv\/driftinfo\/","title":{"rendered":"Driftinfo"},"content":{"rendered":"<div class=\"row\">\n<div class=\"col-md-12\">\n<p><\/p>\n<h1 class=\"hestia-title title-in-content \">Aktuell driftinfo<\/h1>\n<p>Vid driftproblem kontakta Zafena direkt:<\/p>\n<p>tel: 0701-849996<\/p>\n<p>Fels\u00f6kningsguide:<\/p>\n<p>Svensk: <a href=\"https:\/\/www.zafena.se\/wp-content\/uploads\/SE-Zafena-POC-Workstation-troubleshooting.pdf\" class=\"mtli_attachment mtli_pdf\">SE Zafena POC-Workstation troubleshooting<\/a><br \/>\nNorsk: <a href=\"https:\/\/www.zafena.se\/wp-content\/uploads\/NO-Zafena-POC-Workstation-troubleshooting-1.pdf\" class=\"mtli_attachment mtli_pdf\">NO Zafena POC-Workstation troubleshooting-1<\/a><\/p>\n<p>Snabbguide f\u00f6r anv\u00e4ndning av POC-Workstation med journalsystemet Link: <a href=\"https:\/\/www.zafena.se\/wp-content\/uploads\/QG-SSPlus-VET-generell-mot-LINK-SE-20241209-zafena.pdf\" class=\"mtli_attachment mtli_pdf\">QG LINK SE 20241209<\/a><\/p>\n<div class=\"col-md-12\">\n<p><a href=\"https:\/\/www.zafena.se\/instruktioner\/\">Instrument-instruktioner<\/a><br \/>\n<\/p>\n<\/div>\n<\/div>\n<h3 class=\"widget-title\">P\u00e5g\u00e5ende driftst\u00f6rning:<\/h3>\n<p>&nbsp;<\/p>\n<p>&nbsp;<\/p>\n<p>&nbsp;<\/p>\n<div class=\"row\">\n<div class=\"col-md-12\">\n<div class=\"row\">\n<div class=\"col-md-12\">\n<hr \/>\n<\/div>\n<h3 class=\"widget-title\">Driftinfo historik<\/h3>\n<div class=\"siteorigin-widget-tinymce textwidget\">\n<p>Nedan presenteras v\u00e5ra senaste driftst\u00f6rningar. Dessa \u00e4r nu \u00e5tg\u00e4rdade, men kan kr\u00e4va en uppdatering.<\/p>\n<h3><strong>2026-04-13 &#8211; 09:30-10:30 Problem att skriva ut strekkoder<\/strong><\/h3>\n<p>En str\u00f6mtransformator har g\u00e5tt s\u00f6nder i den server som hanterar barkodutskrifter. Felet \u00e4r \u00e5tg\u00e4rdat.<\/p>\n<h3><strong>2025-11-05 &#8211; 2025-11-06 Problem att skriva ut strekkodersamt skicka in provsvar p\u00e5 DV kliniker<\/strong><\/h3>\n<p>DV&#8217;s datorn\u00e4tverk sl\u00e4pper inte igenom trafik, utredning p\u00e5g\u00e5r med DVs tekniker.<\/p>\n<p>systemet visar varningstriangel.<\/p>\n<p>DVs tekniker har \u00e5tg\u00e4rdat felet i deras brandv\u00e4ggar 2025-11-06.<\/p>\n<\/div>\n<p>2025-08-12 &#8211; 10:00 &#8211; 16:00 Problem to use the Print button in Provet Cloud<\/p>\n<p>A Swedish Internet Service provider ISP is not forwarding internet traffic causing disruption of the print button functionality using Provet Cloud.<\/p>\n<p>This also cause disruption of program updates and log reporting.<\/p>\n<p>Workaround: Use the on-screen touch-keyboard to enter the laboratory referral ID while the disruption is ongoing.<\/p>\n<div class=\"siteorigin-widget-tinymce textwidget\">\n<h3><strong>2025-04-07 &#8211; 00:00 &#8211; 10:00 Problem att skriva ut strekkodersamt uppdatera<\/strong><\/h3>\n<p>Zafenas internetleverent\u00f6r r\u00e5kade ut f\u00f6r en st\u00f6rre driftst\u00f6rning vilket p\u00e5verkade flera tj\u00e4nster.<\/p>\n<p>Visas en varning i \u00f6vre kanten rekommenderas att g\u00f6ra en uppdatering av workstation<\/p>\n<p>scanna ZAF-UPDATE fr\u00e5n fels\u00f6kningsguiden <a href=\"https:\/\/www.zafena.se\/wp-content\/uploads\/SE-Zafena-POC-Workstation-troubleshooting.pdf\" class=\"mtli_attachment mtli_pdf\">SE Zafena POC-Workstation troubleshooting<\/a><\/p>\n<h3 class=\"widget-title\">&#8212;-<\/h3>\n<p>2025-01-29 &#8211; Problem att \u00f6verf\u00f6ra provsvar till journalsystemet Patientsky<\/p>\n<p>N\u00e4r svar skickas in misslyckas \u00f6verf\u00f6ring d\u00e5 ingen bekr\u00e4ftelse kommer tillbaka fr\u00e5n Patientsky efter \u00f6verf\u00f6ring.<\/p>\n<p>Fels\u00f6kning med journalsystemsleverent\u00f6rens tekniker p\u00e5g\u00e5r. Svar m\u00e5ste rapporteras in manuellt medans felet p\u00e5g\u00e5r.<\/p>\n<p>2025-01-29 &#8211; 13:39 felet rapporteras vara l\u00f6st<\/p>\n<p>&#8212;-<\/p>\n<\/div>\n<p>2024-01-31 -Uppdatering kr\u00e4vs f\u00f6r utskrift av 7 tecken l\u00e5nga barkoder.<\/p>\n<p>Det har identifierats att POC-Workstation tillverkade runt 2020 har problem att skriva ut barkoder som \u00e4r 7 tecken l\u00e5nga. Felet \u00e4r \u00e5tg\u00e4rdat men kr\u00e4ver en uppdatering genom att scanna ZAF-UPDATE barkoden fr\u00e5n fels\u00f6kningsguiden: <a href=\"https:\/\/www.zafena.se\/wp-content\/uploads\/SE-Zafena-POC-Workstation-troubleshooting.pdf\" class=\"mtli_attachment mtli_pdf\">SE Zafena POC-Workstation troubleshooting<\/a><\/p>\n<p>&#8212;-<\/p>\n<\/div>\n<p>2023-12-05 &#8211; Uppdatering kr\u00e4vs f\u00f6r Veterin\u00e4rkunder som anv\u00e4nder Journalsystemet LINK<\/p>\n<p>Ett internet certifikat har bytts ut f\u00f6r den krypterade kommunikationen till journalsystemet.<\/p>\n<p>Kunder som anv\u00e4nder Journalsystemet Link beh\u00f6ver g\u00f6ra en uppdatering genom att scanna ZAF-UPDATE barkoden fr\u00e5n fels\u00f6kningsguiden: <a href=\"https:\/\/www.zafena.se\/wp-content\/uploads\/SE-Zafena-POC-Workstation-troubleshooting.pdf\" class=\"mtli_attachment mtli_pdf\">SE Zafena POC-Workstation troubleshooting<\/a><\/p>\n<\/div>\n<p>Efter uppdateringen: Kunder med Idexx instrument beh\u00f6ver scanna LMC tagg som sitter p\u00e5 valfritt Idexx instrument f\u00f6r att kommunikation mellan Zafena och Idexx VetLab station ska \u00e5teruppr\u00e4ttas.<\/p>\n<div class=\"col-md-12\">\n<p>&#8212;-<\/p>\n<\/div>\n<p>2023-12-01 &#8211; Telia har avvecklat kopparn\u00e4tet f\u00f6r telefoni i Borensberg<\/p>\n<p>Detta g\u00f6r att Zafenas fasta telefonnummer 0141-40508 samt 0141-40520 tillf\u00e4lligt inte g\u00e5r att n\u00e5.<\/p>\n<p>Felet \u00e4r \u00e5tg\u00e4rdat och telefonnummret ska fungera igen, telefontid kl 10 &#8211; 16.<br \/>\nVid akuta \u00e4renden ring 0701849996<\/p>\n<\/div>\n<div id=\"pl-735\" class=\"panel-layout\">\n<div id=\"pg-735-1\" class=\"panel-grid panel-has-style\">\n<div class=\"panel-row-style panel-row-style-for-735-1\">\n<div id=\"pgc-735-1-0\" class=\"panel-grid-cell\">\n<div id=\"panel-735-1-0-0\" class=\"so-panel widget widget_sow-editor panel-first-child\" data-index=\"1\">\n<div class=\"so-widget-sow-editor so-widget-sow-editor-base\">\n<div class=\"siteorigin-widget-tinymce textwidget\">\n<p>2023-11-07 17:00 &#8211; 18:11<\/p>\n<p>Just nu h\u00e5ller en mottagande server f\u00f6r Veterin\u00e4rsystem p\u00e5 att startas om efter ett certifikatbyte. Driftbortfall f\u00f6r utskrift och inrapportering av provsvar. Felet \u00e5tg\u00e4rdat kl 18:11<\/p>\n<p>2022-10-27 14:30 &#8211; 15.15 utskrift av barkod fr\u00e5n Veterin\u00e4rsystem fungerar inte. Det \u00e4r fortfarande m\u00f6jligt att visa barkod p\u00e5 sk\u00e4rm i journalen samt m\u00f6jligt att mata in provid manuellt. Orsak: en molnserver d\u00e4r utskrifter passerade igenom fick slut p\u00e5 utrymme vilket orsakade funktionsbortfall. Felet \u00e4r \u00e5tg\u00e4rdat och funktion \u00e5terst\u00e4lld.<\/p>\n<p>2022-08-30<\/p>\n<p>Om systemet uppmanar: &#8221;<strong>Validera ressultat med barkod<\/strong>&#8221; tryck d\u00e5 p\u00e5 det inbyggda tangentbordet, uppe till h\u00f6ger, och v\u00e4lj ACCEPT; eller scanna barkoden ZAF-ACCEPT. POC-Workstation visar denna uppmaning som en s\u00e4kerhets\u00e5tg\u00e4rd om det har g\u00e5tt mer \u00e4n 15min mellan att en k\u00f6rning startats och analyssvaret kommer in.<\/p>\n<p><img loading=\"lazy\" decoding=\"async\" class=\"alignnone size-full wp-image-271130\" src=\"https:\/\/www.zafena.se\/wp-content\/uploads\/barcode70.gif\" alt=\"\" width=\"290\" height=\"100\" \/><\/p>\n<\/div>\n<p>Eftersom instruktionen &#8221;<strong>Validera ressultat med barkod<\/strong>&#8221; tolkas som att beh\u00f6va scanna den utskrivna barkodlappen s\u00e5 har st\u00f6d lagts till i mjukvaran att till\u00e5ta en Accept genom att scanna barkodlappen en g\u00e5ng till n\u00e4r analysen \u00e4r klar:<\/p>\n<p>G\u00f6r en uppdatering genom att scanna ZAF-UPDATE fr\u00e5n fels\u00f6kningsguiden: <a href=\"https:\/\/www.zafena.se\/wp-content\/uploads\/SE-Zafena-POC-Workstation-troubleshooting.pdf\" class=\"mtli_attachment mtli_pdf\">https:\/\/www.zafena.se\/wp-content\/uploads\/SE-Zafena-POC-Workstation-troubleshooting.pdf<\/a> s\u00e5 aktiveras funktionen.<\/p>\n<div class=\"siteorigin-widget-tinymce textwidget\">\n<p>2022-03-28 fram till 2022-03-30 14:00 Driftst\u00f6rning: utskrift av barkod fr\u00e5n Veterin\u00e4rsystem fungerar inte. Det \u00e4r fortfarande m\u00f6jligt att visa barkod p\u00e5 sk\u00e4rm i journalen samt m\u00f6jligt att mata in provid manuellt. Orsak: en molnserver d\u00e4r utskrifter passerade igenom fick slut p\u00e5 utrymme vilket orsakade funktionsbortfall. Felet \u00e4r \u00e5tg\u00e4rdat och funktion \u00e5terst\u00e4lld.<\/p>\n<\/div>\n<div class=\"row\">\n<div class=\"col-md-12\">\n<p>2022-03-07 16:43 fram till 2022-03-09 12:40 Driftst\u00f6rning: provsvar \u00f6verf\u00f6rs och blir &#8221;gr\u00f6na&#8221; men syns inte i journal. orsak: namnuppslag, &#8221;DNS&#8221;, systemet mellan tv\u00e5 moln servrar gick ned vilket gjorde att kommunikation mellan server som tog emot svaret och journalen slutat fungera. Funktionen \u00e4r \u00e5terst\u00e4lld.<\/p>\n<\/div>\n<\/div>\n<p>2021-12-02 10:42 fram till 2021-12-02 15:19: Driftst\u00f6rning: Barkodutskrift samt provsvars\u00f6verf\u00f6ring till Veterin\u00e4rsystem, Apoex Link, fungerar inte. Moln servern som Zafena POC-Workstation arbetsstationen ansluter till svarar inte vilket orsakar funktionsbortfall. Fels\u00f6kning p\u00e5g\u00e5r tillsammans med Apoex Link. Provsvar som \u00e4r &#8221;gr\u00e5&#8221; eller &#8221;orange markerade&#8221; har inte \u00f6verf\u00f6rts och m\u00e5ste skrivas in manuellt fram tills att moln servern \u00e5ter \u00e4r online, n\u00e4r molnservern \u00e4r uppe kan &#8221;orange markerade&#8221; svar \u00f6verf\u00f6ras p\u00e5 nytt med barkoden ZAF-ACCEPT, eller genom att v\u00e4lja &#8221;accept&#8221; via det inbyggda tangentbordet. Felet \u00e4r \u00e5tg\u00e4rdat.<\/p>\n<div class=\"siteorigin-widget-tinymce textwidget\">\n<p>2021-06-04 &#8211; 2021-06-07: Driftst\u00f6rning: Barkodutskrift samt provsvars\u00f6verf\u00f6ring till Apoex Link fungerar bara till och fr\u00e5n. Moln server p\u00e5 Link som Zafena POC-Workstation arbetsstationen ansluter till svarar inte sporadiskt vilket orsakar att funktionerna inte fungerar. Problemet \u00e4r avhj\u00e4lpt. En hj\u00e4lpserver gick ner ett par g\u00e5nger under ett par dagar, Apoex har uppdaterat inst\u00e4llningarna s\u00e5 att det ska funka b\u00e4ttre.<\/p>\n<p>&nbsp;<\/p>\n<\/div>\n<\/div>\n<\/div>\n<div id=\"panel-735-1-0-1\" class=\"so-panel widget widget_siteorigin-panels-postloop panel-last-child\" data-index=\"2\">\n<article id=\"post-2138\" class=\"card card-blog card-plain post-2138 post type-post status-publish format-standard has-post-thumbnail hentry category-driftinfo-historik\">\n<div class=\"row \">\n<div class=\"col-ms-5 col-sm-5\">\n<div class=\"card-image\"><\/div>\n<\/div>\n<\/div>\n<\/article>\n<\/div>\n<\/div>\n<\/div>\n<\/div>\n<\/div>","protected":false},"excerpt":{"rendered":"<p>Aktuell driftinfo Vid driftproblem kontakta Zafena direkt: tel: 0701-849996 Fels\u00f6kningsguide: Svensk: SE Zafena POC-Workstation troubleshooting Norsk: NO Zafena POC-Workstation troubleshooting-1 Snabbguide f\u00f6r anv\u00e4ndning av POC-Workstation med journalsystemet Link: QG LINK\u2026 <a href=\"https:\/\/www.zafena.se\/sv\/driftinfo\/\" class=\"read-more-link\">read more &rarr;<\/a><\/p>\n","protected":false},"author":6,"featured_media":0,"parent":0,"menu_order":0,"comment_status":"closed","ping_status":"closed","template":"","meta":{"footnotes":""},"class_list":["post-193395","page","type-page","status-publish","hentry"],"_links":{"self":[{"href":"https:\/\/www.zafena.se\/sv\/wp-json\/wp\/v2\/pages\/193395","targetHints":{"allow":["GET"]}}],"collection":[{"href":"https:\/\/www.zafena.se\/sv\/wp-json\/wp\/v2\/pages"}],"about":[{"href":"https:\/\/www.zafena.se\/sv\/wp-json\/wp\/v2\/types\/page"}],"author":[{"embeddable":true,"href":"https:\/\/www.zafena.se\/sv\/wp-json\/wp\/v2\/users\/6"}],"replies":[{"embeddable":true,"href":"https:\/\/www.zafena.se\/sv\/wp-json\/wp\/v2\/comments?post=193395"}],"version-history":[{"count":58,"href":"https:\/\/www.zafena.se\/sv\/wp-json\/wp\/v2\/pages\/193395\/revisions"}],"predecessor-version":[{"id":505801,"href":"https:\/\/www.zafena.se\/sv\/wp-json\/wp\/v2\/pages\/193395\/revisions\/505801"}],"wp:attachment":[{"href":"https:\/\/www.zafena.se\/sv\/wp-json\/wp\/v2\/media?parent=193395"}],"curies":[{"name":"wp","href":"https:\/\/api.w.org\/{rel}","templated":true}]}}