{"id":162386,"date":"2021-11-16T11:09:46","date_gmt":"2021-11-16T10:09:46","guid":{"rendered":"https:\/\/www.zafena.se\/?page_id=162386"},"modified":"2023-02-22T12:24:03","modified_gmt":"2023-02-22T11:24:03","slug":"egenmonitorering","status":"publish","type":"page","link":"https:\/\/www.zafena.se\/sv\/egenmonitorering\/","title":{"rendered":"Egenmonitorering"},"content":{"rendered":"<p>&nbsp;<\/p>\n<p><img loading=\"lazy\" decoding=\"async\" class=\"size-full wp-image-163539 aligncenter\" src=\"https:\/\/www.zafena.se\/wp-content\/uploads\/Egenmonitorering-Zafena.png\" alt=\"Egenmonitorering\" width=\"914\" height=\"609\" srcset=\"https:\/\/www.zafena.se\/wp-content\/uploads\/Egenmonitorering-Zafena.png 914w, https:\/\/www.zafena.se\/wp-content\/uploads\/Egenmonitorering-Zafena-300x200.png 300w, https:\/\/www.zafena.se\/wp-content\/uploads\/Egenmonitorering-Zafena-768x512.png 768w, https:\/\/www.zafena.se\/wp-content\/uploads\/Egenmonitorering-Zafena-600x400.png 600w\" sizes=\"auto, (max-width: 914px) 100vw, 914px\" \/><\/p>\n<p> Framtidens v\u00e5rdrum \u00e4r t\u00e4nkt att ligga i hemmets lugna vr\u00e5 f\u00f6r b\u00e4sta m\u00f6jliga \u00e5terh\u00e4mtning och v\u00e5rd.<\/p>\n<p>F\u00f6r att g\u00f6ra detta m\u00f6jligt beh\u00f6ver v\u00e5rden en generell anslutningspunkt f\u00f6r all t\u00e4nkbar medicinteknisk utrustning p\u00e5 och kring patienten, som samtidigt ska kommunicera kontinuerlig data till patientens elektroniska journal. Med POC-Workstation fr\u00e5n Zafena \u00e4r du fri att ansluta valfri analytisk och medicinteknisk utrustning, oavsett tillverkare, f\u00f6r att passa just dina specifika behov kring varje patient.<\/p>\n<p>Zafena POC-Workstation st\u00f6djer <a href=\"http:\/\/norden.diva-portal.org\/smash\/get\/diva2:1340369\/FULLTEXT01.pdf\" class=\"mtli_attachment mtli_pdf\">Nordiska ministerr\u00e5dets v\u00e4gledning g\u00e4llande e-h\u00e4lsa<\/a> och <a href=\"https:\/\/rivta.se\/documents\/ARK_0056\/Referensarkitektur_for_Telemedicin.pdf\" class=\"mtli_attachment mtli_pdf\">Ineras (Sveriges Kommuner och Regioners digitaliseringspartner) referensarkitektur f\u00f6r telemedicin<\/a>, som i sin tur baseras p\u00e5 Continua-standarden fr\u00e5n <a href=\"https:\/\/www.pchalliance.org\/\">Personal Connected Health Alliance<\/a>. I Standarden beskrivs en generell anslutningspunkt f\u00f6r all medicinteknisk utrustning, som kallas &#8221;<a href=\"https:\/\/www.pchalliance.org\/personal-health-gateway-questionnaire-questionnaire-response\">PHG &#8211; Personal Health Gateway<\/a>&#8221;.<br \/>\nJust denna generella anslutningspunkt har Zafena byggt genom <a href=\"https:\/\/www.zafena.se\/product\/zafena-552-poc-workstation\/\">ZAF-552, POC-Workstation.<\/a><\/p>\n<p><\/p>\n<p><img loading=\"lazy\" decoding=\"async\" class=\"alignnone size-full wp-image-217676\" src=\"https:\/\/www.zafena.se\/wp-content\/uploads\/Skarmbild-fran-2021-12-30-11-44-17.png\" alt=\"\" width=\"994\" height=\"393\" srcset=\"https:\/\/www.zafena.se\/wp-content\/uploads\/Skarmbild-fran-2021-12-30-11-44-17.png 994w, https:\/\/www.zafena.se\/wp-content\/uploads\/Skarmbild-fran-2021-12-30-11-44-17-300x119.png 300w, https:\/\/www.zafena.se\/wp-content\/uploads\/Skarmbild-fran-2021-12-30-11-44-17-768x304.png 768w, https:\/\/www.zafena.se\/wp-content\/uploads\/Skarmbild-fran-2021-12-30-11-44-17-600x237.png 600w\" sizes=\"auto, (max-width: 994px) 100vw, 994px\" \/> Zafena erbjuder generell anslutningspunkt f\u00f6r all* MedTech (Instrument, m\u00e4tare och sensorer): <a href=\"https:\/\/www.zafena.se\/product\/zafena-552-poc-workstation\/\">Zafena POC-Workstation<\/a><\/p>\n<p>Zafena erbjuder \u00e4ven m\u00e4tare med nedan analyser, som alla har fullst\u00e4ndigt IT-st\u00f6d genom <a href=\"https:\/\/www.zafena.se\/product\/zafena-552-poc-workstation\/\">Zafena POC-Workstation<\/a>:<\/p>\n<p><strong><a href=\"https:\/\/www.zafena.se\/product\/simple-simon-bp\/\">Blodtryck (SYS, DIA, IHR)<\/a>, <a href=\"https:\/\/www.zafena.se\/product\/simple-simon-bt\/\">Temperatur (\u00d6ra)<\/a>, <a href=\"https:\/\/www.zafena.se\/product\/td-1242\/\">Temperatur (Panna)<\/a>, <a href=\"https:\/\/www.zafena.se\/product\/kroppsvag-td-2555\/\">Kroppsvikt<\/a>, <a href=\"https:\/\/www.zafena.se\/product\/simple-simon-pox\/\">Puls<\/a>, <a href=\"https:\/\/www.zafena.se\/product\/simple-simon-pox\/\">Syres\u00e4ttning<\/a>,<a href=\"https:\/\/www.zafena.se\/product\/spirometer-pef-fev1\/\"> Spirometri (PEF, FEV1)<\/a>, <a href=\"https:\/\/www.zafena.se\/product\/zafena-701-simple-simon-pt-plus\/\">PT\/INR<\/a>, <a href=\"https:\/\/www.zafena.se\/product\/simple-simon-glu\/\">Glukos<\/a>, <a href=\"https:\/\/www.zafena.se\/product\/simple-simon-glu\/\">Keton<\/a>, <a href=\"https:\/\/www.zafena.se\/product\/simple-simon-glu\/\">Laktat<\/a>, <a href=\"https:\/\/www.zafena.se\/product\/simple-simon-glu\/\">Urinsyra<\/a>, <a href=\"https:\/\/www.zafena.se\/product\/simple-simon-glu\/\">Kolesterol<\/a>, <a href=\"https:\/\/www.zafena.se\/product\/simple-simon-glu\/\">Triglyserider<\/a>,<\/strong><\/p>\n<p>Hittar du inte det du letar efter? Det g\u00e5r att v\u00e4lja vilket instrument, m\u00e4tare eller sensor som helst*, fr\u00e5n vilken tillverkare som helst, att ansluta via v\u00e5r generella anslutningspunkt, <a href=\"https:\/\/www.zafena.se\/product\/zafena-552-poc-workstation\/\">POC-Workstation<\/a>.<br \/>\n(*Enheten m\u00e5ste ge ifr\u00e5n sig resultatet digitalt i n\u00e5gon form)<\/p>\n<p>2021: \u00d6ver 80 instrument, m\u00e4tare och sensorer, fr\u00e5n n\u00e4rmare 40 tillverkare \u00e4r integrerade i Zafena generell anslutningspunkt, POC-Workstation.<\/p>\n<p><strong>Integrerade, plug-n-play, medtech fr\u00e5n nedan tillverkare:<\/strong><\/p>\n<p><\/p>\n<p><img loading=\"lazy\" decoding=\"async\" class=\"alignnone  wp-image-348704\" src=\"https:\/\/www.zafena.se\/wp-content\/uploads\/Skarmbild-fran-2023-02-22-12-22-00.png\" alt=\"\" width=\"571\" height=\"533\" srcset=\"https:\/\/www.zafena.se\/wp-content\/uploads\/Skarmbild-fran-2023-02-22-12-22-00.png 855w, https:\/\/www.zafena.se\/wp-content\/uploads\/Skarmbild-fran-2023-02-22-12-22-00-300x280.png 300w, https:\/\/www.zafena.se\/wp-content\/uploads\/Skarmbild-fran-2023-02-22-12-22-00-768x717.png 768w, https:\/\/www.zafena.se\/wp-content\/uploads\/Skarmbild-fran-2023-02-22-12-22-00-600x560.png 600w\" sizes=\"auto, (max-width: 571px) 100vw, 571px\" \/><\/p>","protected":false},"excerpt":{"rendered":"<p>&nbsp; Framtidens v\u00e5rdrum \u00e4r t\u00e4nkt att ligga i hemmets lugna vr\u00e5 f\u00f6r b\u00e4sta m\u00f6jliga \u00e5terh\u00e4mtning och v\u00e5rd. F\u00f6r att g\u00f6ra detta m\u00f6jligt beh\u00f6ver v\u00e5rden en generell anslutningspunkt f\u00f6r all t\u00e4nkbar\u2026 <a href=\"https:\/\/www.zafena.se\/sv\/egenmonitorering\/\" class=\"read-more-link\">read more &rarr;<\/a><\/p>\n","protected":false},"author":4,"featured_media":0,"parent":0,"menu_order":0,"comment_status":"closed","ping_status":"closed","template":"","meta":{"footnotes":""},"class_list":["post-162386","page","type-page","status-publish","hentry"],"_links":{"self":[{"href":"https:\/\/www.zafena.se\/sv\/wp-json\/wp\/v2\/pages\/162386","targetHints":{"allow":["GET"]}}],"collection":[{"href":"https:\/\/www.zafena.se\/sv\/wp-json\/wp\/v2\/pages"}],"about":[{"href":"https:\/\/www.zafena.se\/sv\/wp-json\/wp\/v2\/types\/page"}],"author":[{"embeddable":true,"href":"https:\/\/www.zafena.se\/sv\/wp-json\/wp\/v2\/users\/4"}],"replies":[{"embeddable":true,"href":"https:\/\/www.zafena.se\/sv\/wp-json\/wp\/v2\/comments?post=162386"}],"version-history":[{"count":6,"href":"https:\/\/www.zafena.se\/sv\/wp-json\/wp\/v2\/pages\/162386\/revisions"}],"predecessor-version":[{"id":348987,"href":"https:\/\/www.zafena.se\/sv\/wp-json\/wp\/v2\/pages\/162386\/revisions\/348987"}],"wp:attachment":[{"href":"https:\/\/www.zafena.se\/sv\/wp-json\/wp\/v2\/media?parent=162386"}],"curies":[{"name":"wp","href":"https:\/\/api.w.org\/{rel}","templated":true}]}}