{"id":153921,"date":"2021-11-05T16:08:35","date_gmt":"2021-11-05T15:08:35","guid":{"rendered":"https:\/\/www.zafena.se\/?page_id=153921"},"modified":"2023-02-22T12:23:32","modified_gmt":"2023-02-22T11:23:32","slug":"lakarrummet","status":"publish","type":"page","link":"https:\/\/www.zafena.se\/sv\/lakarrummet\/","title":{"rendered":"L\u00e4karrummet"},"content":{"rendered":"<p><img loading=\"lazy\" decoding=\"async\" class=\" wp-image-133217 aligncenter\" src=\"https:\/\/www.zafena.se\/wp-content\/uploads\/The-doctors-office-POCW-clean.png\" alt=\"The doctors office\" width=\"811\" height=\"537\" srcset=\"https:\/\/www.zafena.se\/wp-content\/uploads\/The-doctors-office-POCW-clean.png 876w, https:\/\/www.zafena.se\/wp-content\/uploads\/The-doctors-office-POCW-clean-300x199.png 300w, https:\/\/www.zafena.se\/wp-content\/uploads\/The-doctors-office-POCW-clean-768x508.png 768w, https:\/\/www.zafena.se\/wp-content\/uploads\/The-doctors-office-POCW-clean-600x397.png 600w\" sizes=\"auto, (max-width: 811px) 100vw, 811px\" \/><\/p>\n<p><span class=\"VIiyi\" lang=\"sv\"><span class=\"JLqJ4b ChMk0b\" data-language-for-alternatives=\"sv\" data-language-to-translate-into=\"en\" data-phrase-index=\"0\" data-number-of-phrases=\"1\">En arbetsstation, speciellt designad f\u00f6r l\u00e4karmottagningen, inklusive allt du beh\u00f6ver f\u00f6r dina unders\u00f6kningar.<br \/>\nUpplev enkelheten i <\/span><\/span>digitalisering av m\u00e4tresultat, fr\u00e5n all* v\u00e4rldens Medtech, via Zafenas generella anslutningspunkt f\u00f6r instrument, m\u00e4tare och sensorer.<br \/>\nMorgondagens Medtech blir bara mindre, mer intuitiva, med h\u00f6gre noggrannhet, men framf\u00f6r allt, tr\u00e5dl\u00f6sa. <a href=\"https:\/\/www.zafena.se\/product\/zafena-552-poc-workstation\/\">POC-Workstation<\/a> fr\u00e5n Zafena binder samman all utrustning f\u00f6r analys vid arbetsplatsen genom en metod f\u00f6r digitalisering av analyssvar. Mer tid kan \u00e4gnas \u00e5t patienten, under dess korta bes\u00f6k, eftersom <a href=\"https:\/\/www.zafena.se\/product\/zafena-552-poc-workstation\/\">POC-Workstation<\/a> samlar upp alla m\u00e4tresultat, utan att l\u00e4karen beh\u00f6ver flytta fokus fr\u00e5n patienten.<br \/>\nM\u00e4tresultat kan antingen g\u00f6ras en och en, eller flera valfria i panel.<\/p>\n<p>Zafena erbjuder generell anslutningspunkt f\u00f6r all* MedTech (Instrument, m\u00e4tare och sensorer): <a href=\"https:\/\/www.zafena.se\/product\/zafena-552-poc-workstation\/\">Zafena POC-Workstation<\/a><\/p>\n<p>Zafena erbjuder \u00e4ven m\u00e4tare med nedan analyser, som alla har fullst\u00e4ndigt IT-st\u00f6d genom <a href=\"https:\/\/www.zafena.se\/product\/zafena-552-poc-workstation\/\">Zafena POC-Workstation<\/a>:<\/p>\n<p><a href=\"https:\/\/www.zafena.se\/product\/simple-simon-bp\/\">Blodtryck (SYS, DIA, IHR)<\/a>, <a href=\"https:\/\/www.zafena.se\/product\/simple-simon-bt\/\">Temperatur (\u00d6ra)<\/a>, <a href=\"https:\/\/www.zafena.se\/product\/td-1242\/\">Temperatur (Panna)<\/a>, <a href=\"https:\/\/www.zafena.se\/product\/kroppsvag-td-2555\/\">Kroppsvikt<\/a>, <a href=\"https:\/\/www.zafena.se\/product\/simple-simon-pox\/\">Puls<\/a>, <a href=\"https:\/\/www.zafena.se\/product\/simple-simon-pox\/\">Syres\u00e4ttning<\/a>,<a href=\"https:\/\/www.zafena.se\/product\/spirometer-pef-fev1\/\"> Spirometri (PEF, FEV1)<\/a><\/p>\n<p>Hittar du inte det du letar efter? Det g\u00e5r att v\u00e4lja vilket instrument, m\u00e4tare eller sensor som helst* att ansluta via v\u00e5r generella anslutningspunkt, <a href=\"https:\/\/www.zafena.se\/product\/zafena-552-poc-workstation\/\">POC-Workstation<\/a>.<br \/>\n(*Enheten m\u00e5ste ge ifr\u00e5n sig resultatet digitalt i n\u00e5gon form)<\/p>\n<p>2021: \u00d6ver 80 instrument, m\u00e4tare och sensorer, fr\u00e5n n\u00e4rmare 40 tillverkare \u00e4r integrerade i Zafena generell anslutningspunkt, POC-Workstation.<\/p>\n<p><strong>Integrerade, plug-n-play, medtech fr\u00e5n nedan tillverkare:<\/strong><\/p>\n<p><\/p>\n<p><img loading=\"lazy\" decoding=\"async\" class=\"alignnone  wp-image-348704\" src=\"https:\/\/www.zafena.se\/wp-content\/uploads\/Skarmbild-fran-2023-02-22-12-22-00.png\" alt=\"\" width=\"604\" height=\"564\" srcset=\"https:\/\/www.zafena.se\/wp-content\/uploads\/Skarmbild-fran-2023-02-22-12-22-00.png 855w, https:\/\/www.zafena.se\/wp-content\/uploads\/Skarmbild-fran-2023-02-22-12-22-00-300x280.png 300w, https:\/\/www.zafena.se\/wp-content\/uploads\/Skarmbild-fran-2023-02-22-12-22-00-768x717.png 768w, https:\/\/www.zafena.se\/wp-content\/uploads\/Skarmbild-fran-2023-02-22-12-22-00-600x560.png 600w\" sizes=\"auto, (max-width: 604px) 100vw, 604px\" \/><\/p>","protected":false},"excerpt":{"rendered":"<p>En arbetsstation, speciellt designad f\u00f6r l\u00e4karmottagningen, inklusive allt du beh\u00f6ver f\u00f6r dina unders\u00f6kningar. Upplev enkelheten i digitalisering av m\u00e4tresultat, fr\u00e5n all* v\u00e4rldens Medtech, via Zafenas generella anslutningspunkt f\u00f6r instrument, m\u00e4tare\u2026 <a href=\"https:\/\/www.zafena.se\/sv\/lakarrummet\/\" class=\"read-more-link\">read more &rarr;<\/a><\/p>\n","protected":false},"author":4,"featured_media":0,"parent":0,"menu_order":0,"comment_status":"closed","ping_status":"closed","template":"","meta":{"footnotes":""},"class_list":["post-153921","page","type-page","status-publish","hentry"],"_links":{"self":[{"href":"https:\/\/www.zafena.se\/sv\/wp-json\/wp\/v2\/pages\/153921","targetHints":{"allow":["GET"]}}],"collection":[{"href":"https:\/\/www.zafena.se\/sv\/wp-json\/wp\/v2\/pages"}],"about":[{"href":"https:\/\/www.zafena.se\/sv\/wp-json\/wp\/v2\/types\/page"}],"author":[{"embeddable":true,"href":"https:\/\/www.zafena.se\/sv\/wp-json\/wp\/v2\/users\/4"}],"replies":[{"embeddable":true,"href":"https:\/\/www.zafena.se\/sv\/wp-json\/wp\/v2\/comments?post=153921"}],"version-history":[{"count":3,"href":"https:\/\/www.zafena.se\/sv\/wp-json\/wp\/v2\/pages\/153921\/revisions"}],"predecessor-version":[{"id":348886,"href":"https:\/\/www.zafena.se\/sv\/wp-json\/wp\/v2\/pages\/153921\/revisions\/348886"}],"wp:attachment":[{"href":"https:\/\/www.zafena.se\/sv\/wp-json\/wp\/v2\/media?parent=153921"}],"curies":[{"name":"wp","href":"https:\/\/api.w.org\/{rel}","templated":true}]}}