{"id":144202,"date":"2021-11-03T12:28:21","date_gmt":"2021-11-03T11:28:21","guid":{"rendered":"https:\/\/www.zafena.se\/?page_id=144202"},"modified":"2023-02-22T12:29:44","modified_gmt":"2023-02-22T11:29:44","slug":"poc-laboratoriet","status":"publish","type":"page","link":"https:\/\/www.zafena.se\/sv\/poc-laboratoriet\/","title":{"rendered":"PNA-laboratoriet"},"content":{"rendered":"<p style=\"text-align: center\"><span class=\"responsive\"><img loading=\"lazy\" decoding=\"async\" class=\"alignnone size-full wp-image-181300\" src=\"https:\/\/www.zafena.se\/wp-content\/uploads\/Skarmbild-fran-2021-11-19-12-03-50.png\" alt=\"PNA-laboratory\" width=\"782\" height=\"464\" srcset=\"https:\/\/www.zafena.se\/wp-content\/uploads\/Skarmbild-fran-2021-11-19-12-03-50.png 782w, https:\/\/www.zafena.se\/wp-content\/uploads\/Skarmbild-fran-2021-11-19-12-03-50-300x178.png 300w, https:\/\/www.zafena.se\/wp-content\/uploads\/Skarmbild-fran-2021-11-19-12-03-50-768x456.png 768w, https:\/\/www.zafena.se\/wp-content\/uploads\/Skarmbild-fran-2021-11-19-12-03-50-600x356.png 600w\" sizes=\"auto, (max-width: 782px) 100vw, 782px\" \/><\/span><\/p>\n<p> Zafena har sedan grundandet varit verksam inom &#8221;Point-of-care&#8221; analys. PNA-laboratoriet utf\u00f6r analyser n\u00e4ra patienten, utan att transportera provet till ett centralt labb. Att utf\u00f6ra analyser n\u00e4ra patienten sparar inte bara pengar och tid, utan \u00e4ven milj\u00f6n med f\u00e4rre transporter. Zafena POC-Workstation \u00e4r arbetsstationen som binder samman alla instrument och m\u00e4tare, under en metod f\u00f6r digitalisering och leverans av provsvar till LIS \/ EPJ.<\/p>\n<p>Genom att anv\u00e4nda en generell anslutningspunkt, beh\u00f6vs bara en enda anslutning till mottagande system, vilket spar anslutningskostnader och administration. Att anv\u00e4nda en och samma metod f\u00f6r digitalisering av analyssvar, oavsett plats, instrument, m\u00e4tare eller sensor, ger kortare utbildningstider och l\u00e4gre supportbelastning. En generell anslutningspunkt \u00f6ppnar f\u00f6r att ansluta, enklare, billigare, men fullgoda m\u00e4tare med h\u00f6g precision, som i sig inte n\u00e5r upp till dagens krav p\u00e5 inbyggt IT-st\u00f6d.<\/p>\n<p>Zafena erbjuder generell anslutningspunkt f\u00f6r all MedTech (Instrument, m\u00e4tare och sensorer): <strong><a href=\"https:\/\/www.zafena.se\/product\/zafena-552-poc-workstation\/\">Zafena POC-Workstation<\/a><\/strong><\/p>\n<p>Zafena erbjuder \u00e4ven m\u00e4tare med nedan analyser, som alla har fullst\u00e4ndigt IT-st\u00f6d genom <strong><a href=\"https:\/\/www.zafena.se\/product\/zafena-552-poc-workstation\/\">Zafena POC-Workstation<\/a><\/strong>:<\/p>\n<p><strong><a href=\"https:\/\/www.zafena.se\/product\/zafena-701-simple-simon-pt-plus\/\">PT\/DOAC<\/a>, <a href=\"https:\/\/www.zafena.se\/product\/zafena-701-simple-simon-pt-plus\/\">PT\/INR<\/a>, <a href=\"https:\/\/www.zafena.se\/product\/diaspect-tm\/\">Hb<\/a>, <a href=\"https:\/\/www.zafena.se\/product\/quo-test-hba1c\/\">HbA1C<\/a>, <a href=\"https:\/\/www.zafena.se\/product\/afias-1\/\">hsCRP<\/a>, <a href=\"https:\/\/www.zafena.se\/product\/afias-1\/\">D-dimer<\/a>, <a href=\"https:\/\/www.zafena.se\/product\/simple-simon-glu\/\">Glukos<\/a>, <a href=\"https:\/\/www.zafena.se\/product\/simple-simon-glu\/\">Keton<\/a>, <a href=\"https:\/\/www.zafena.se\/product\/afias-1\/\">Mycoplasma<\/a>, <a href=\"https:\/\/www.zafena.se\/product\/afias-1\/\">Tn-I<\/a>, <a href=\"https:\/\/www.zafena.se\/product\/afias-1\/\">CK-MB<\/a>, <a href=\"https:\/\/www.zafena.se\/product\/afias-1\/\">NT-proBNP<\/a>, <a href=\"https:\/\/www.zafena.se\/product\/afias-1\/\">Myoglobin<\/a>, <a href=\"https:\/\/www.zafena.se\/product\/afias-1\/\">PSA<\/a>, <a href=\"https:\/\/www.zafena.se\/product\/afias-1\/\">AFP<\/a>, <a href=\"https:\/\/www.zafena.se\/product\/afias-1\/\">CEA<\/a>, <a href=\"https:\/\/www.zafena.se\/product\/afias-1\/\">iFOB<\/a>, <a href=\"https:\/\/www.zafena.se\/product\/i-chroma-m2\/\">RSV<\/a>, <a href=\"https:\/\/www.zafena.se\/product\/afias-1\/\">Microalbumin<\/a>, <a href=\"https:\/\/www.zafena.se\/product\/afias-1\/\">Cystatin C<\/a>, <a href=\"https:\/\/www.zafena.se\/product\/afias-1\/\">TSH<\/a>, <a href=\"https:\/\/www.zafena.se\/product\/afias-1\/\">T3<\/a>, <a href=\"https:\/\/www.zafena.se\/product\/afias-1\/\">T4<\/a>, <a href=\"https:\/\/www.zafena.se\/product\/afias-1\/\">FSH<\/a>, <a href=\"https:\/\/www.zafena.se\/product\/afias-1\/\">Progesteron<\/a>, <a href=\"https:\/\/www.zafena.se\/product\/afias-1\/\">hCG<\/a>, <a href=\"https:\/\/www.zafena.se\/product\/afias-1\/\">\u00dfhCG<\/a>, <a href=\"https:\/\/www.zafena.se\/product\/afias-1\/\">LH<\/a>, <a href=\"https:\/\/www.zafena.se\/product\/afias-1\/\">PRL<\/a>, <a href=\"https:\/\/www.zafena.se\/product\/afias-1\/\">Testosteron<\/a>, <a href=\"https:\/\/www.zafena.se\/product\/afias-1\/\">Cortisol<\/a>, <a href=\"https:\/\/www.zafena.se\/product\/afias-1\/\">CRP<\/a>, <a href=\"https:\/\/www.zafena.se\/product\/afias-1\/\">PCT<\/a>, <a href=\"https:\/\/www.zafena.se\/product\/afias-1\/\">ASO<\/a>, <a href=\"https:\/\/www.zafena.se\/product\/afias-1\/\">HBsAg<\/a>, <a href=\"https:\/\/www.zafena.se\/product\/afias-1\/\">Anti-HBs<\/a>, <a href=\"https:\/\/www.zafena.se\/product\/afias-1\/\">HCV<\/a>, <a href=\"https:\/\/www.zafena.se\/product\/afias-1\/\">Ferritin<\/a>, <a href=\"https:\/\/www.zafena.se\/product\/afias-1\/\">Vitamin C<\/a>, <a href=\"https:\/\/www.zafena.se\/product\/simple-simon-glu\/\">Laktat<\/a>, <a href=\"https:\/\/www.zafena.se\/product\/simple-simon-glu\/\">Urinsyra<\/a>, <a href=\"https:\/\/www.zafena.se\/product\/simple-simon-glu\/\">Kolesterol<\/a>, <a href=\"https:\/\/www.zafena.se\/product\/simple-simon-glu\/\">Triglyserider<\/a>, <a href=\"https:\/\/www.zafena.se\/product\/i-chroma-m2\/\">Covid-19 Ag<\/a>, <a href=\"https:\/\/www.zafena.se\/product\/i-chroma-m2\/\">Covid-19 Ab<\/a>, <a href=\"https:\/\/www.zafena.se\/product\/i-chroma-m2\/\">Covid-19 nAb<\/a>, <a href=\"https:\/\/www.zafena.se\/product\/i-chroma-m2\/\">Strep A<\/a>, <a href=\"https:\/\/www.zafena.se\/product\/i-chroma-m2\/\">Influensa A+B<\/a><\/strong><\/p>\n<p>Hittar du inte det du letar efter? Det g\u00e5r att v\u00e4lja vilket instrument, m\u00e4tare eller sensor som helst* att ansluta via v\u00e5r generella anslutningspunkt, <a href=\"https:\/\/www.zafena.se\/product\/zafena-552-poc-workstation\/\">POC-Workstation<\/a>.<br \/>\n(*Enheten m\u00e5ste ge ifr\u00e5n sig resultatet digitalt i n\u00e5gon form)<\/p>\n<p><\/p>\n<p>&nbsp;<\/p>","protected":false},"excerpt":{"rendered":"<p>Zafena har sedan grundandet varit verksam inom &#8221;Point-of-care&#8221; analys. PNA-laboratoriet utf\u00f6r analyser n\u00e4ra patienten, utan att transportera provet till ett centralt labb. Att utf\u00f6ra analyser n\u00e4ra patienten sparar inte bara\u2026 <a href=\"https:\/\/www.zafena.se\/sv\/poc-laboratoriet\/\" class=\"read-more-link\">read more &rarr;<\/a><\/p>\n","protected":false},"author":4,"featured_media":0,"parent":0,"menu_order":0,"comment_status":"closed","ping_status":"closed","template":"","meta":{"footnotes":""},"class_list":["post-144202","page","type-page","status-publish","hentry"],"_links":{"self":[{"href":"https:\/\/www.zafena.se\/sv\/wp-json\/wp\/v2\/pages\/144202","targetHints":{"allow":["GET"]}}],"collection":[{"href":"https:\/\/www.zafena.se\/sv\/wp-json\/wp\/v2\/pages"}],"about":[{"href":"https:\/\/www.zafena.se\/sv\/wp-json\/wp\/v2\/types\/page"}],"author":[{"embeddable":true,"href":"https:\/\/www.zafena.se\/sv\/wp-json\/wp\/v2\/users\/4"}],"replies":[{"embeddable":true,"href":"https:\/\/www.zafena.se\/sv\/wp-json\/wp\/v2\/comments?post=144202"}],"version-history":[{"count":15,"href":"https:\/\/www.zafena.se\/sv\/wp-json\/wp\/v2\/pages\/144202\/revisions"}],"predecessor-version":[{"id":349328,"href":"https:\/\/www.zafena.se\/sv\/wp-json\/wp\/v2\/pages\/144202\/revisions\/349328"}],"wp:attachment":[{"href":"https:\/\/www.zafena.se\/sv\/wp-json\/wp\/v2\/media?parent=144202"}],"curies":[{"name":"wp","href":"https:\/\/api.w.org\/{rel}","templated":true}]}}