{"id":941,"date":"2020-07-22T13:02:18","date_gmt":"2020-07-22T11:02:18","guid":{"rendered":"https:\/\/www.zafena.se\/?post_type=product&#038;p=941"},"modified":"2022-02-01T09:09:58","modified_gmt":"2022-02-01T08:09:58","slug":"connector-zaf-550","status":"publish","type":"product","link":"https:\/\/www.zafena.se\/en\/product\/connector-zaf-550\/","title":{"rendered":"Connector [ZAF-550] &#8211; workflow automation"},"content":{"rendered":"","protected":false},"excerpt":{"rendered":"<p>Zafena Connector was developed as a patented product in 2010 to connect <a href=\"https:\/\/www.zafena.se\/product\/zafena-101-simple-simon-pt\/\"> Simple Simon PT <\/a> to lab data systems. Connector has since connected a number of analysis instruments from various manufacturers for patient-centered measurement of, among other things, Hb, CRP, ESR, INR and Urine.<\/p>\n<p>Zafena Connector is still in operation and Zafena offers continuous <a href=\"https:\/\/www.zafena.se\/kontakt\/\"> support <\/a>.<\/p>\n<p>New installations of Zafena Connector are done using the <a href=\"https:\/\/www.zafena.se\/product\/zafena-552-poc-workstation\/\"> Zafena POC-Workstation. <\/a> All features of the Zafena Connector can be found in <a href=\"https:\/\/www.zafena.se\/product\/zafena-552-poc-workstation\/\"> Zafena POC-Workstation <\/a>.<\/p>\n<p><img loading=\"lazy\" decoding=\"async\" class=\"alignnone size-full wp-image-126\" src=\"https:\/\/www.zafena.se\/wp-content\/uploads\/2017\/06\/pdf_bild.png\" alt=\"\" width=\"18\" height=\"25\" \/> <a href=\"https:\/\/www.zafena.se\/wp-content\/uploads\/2020\/07\/Zafena-Connector-manual.pdf\">Zafena-Connector-manual<\/a><\/p>\n<p><img loading=\"lazy\" decoding=\"async\" class=\"alignnone size-full wp-image-126\" src=\"https:\/\/www.zafena.se\/wp-content\/uploads\/2017\/06\/pdf_bild.png\" alt=\"\" width=\"18\" height=\"25\" \/> <a href=\"https:\/\/www.zafena.se\/wp-content\/uploads\/2020\/07\/Broschyr-Uppkoppling-patientn\u00e4ra.pdf\">Broschyr-Uppkoppling-patientn\u00e4ra<\/a><\/p>\n<p><!-- wp:shortcode --><\/p>\n<p><img loading=\"lazy\" decoding=\"async\" class=\"alignnone size-full wp-image-40\" src=\"https:\/\/www.zafena.se\/wp-content\/uploads\/2017\/06\/graphic-line.png\" alt=\"\" width=\"940\" height=\"19\" \/><\/p>\n<p><!-- \/wp:shortcode --><\/p>\n<p><!-- wp:columns --><\/p>\n<div class=\"wp-block-columns\">\n<p><!-- wp:column --><\/p>\n<div class=\"wp-block-column\">\n<h3>Project: Demonstrator<\/h3>\n<p>Software for the Connector was created as a productification of the Vinnova Demonstrator project, the first versions of the Connector software were used on laptop.<\/p>\n<blockquote><p>The demonstrator&#8217;s goal is an IT system for healthcare-controlled PT determination in the home environment.<\/p><\/blockquote>\n<blockquote><p>Representatives from Region \u00d6sterg\u00f6tland, \u00c5lborg University and Zafena AB participated in the project.<\/p><\/blockquote>\n<p><img loading=\"lazy\" decoding=\"async\" class=\"alignnone size-full wp-image-126\" src=\"https:\/\/www.zafena.se\/wp-content\/uploads\/2017\/06\/pdf_bild.png\" alt=\"\" width=\"18\" height=\"25\" \/> Vinnova 2007: Demonstrator &#8211; <a href=\"https:\/\/www.vinnova.se\/contentassets\/d99a8a0eca9c42e4b172e6349d6faa1f\/vi-07-05.pdf#%5B%7B%22num%22%3A643%2C%22gen%22%3A0%7D%2C%7B%22name%22%3A%22FitH%22%7D%2C818%5D\">IT F\u00d6R SJUKV\u00c5RD I HEMMET \u2013 PROJEKTKATALOG IT-st\u00f6d vid sjukv\u00e5rdskontrollerad \u00f6vervakning av blodf\u00f6rtunning med PT analys i hemmilj\u00f6<\/a><br \/>\n<img loading=\"lazy\" decoding=\"async\" class=\"alignnone size-thumbnail wp-image-3254\" src=\"https:\/\/www.zafena.se\/wp-content\/uploads\/Vinnova-Sveriges-innovationsmyndighet-Vinnova-150x150.png\" alt=\"\" width=\"150\" height=\"150\" srcset=\"https:\/\/www.zafena.se\/wp-content\/uploads\/Vinnova-Sveriges-innovationsmyndighet-Vinnova-150x150.png 150w, https:\/\/www.zafena.se\/wp-content\/uploads\/Vinnova-Sveriges-innovationsmyndighet-Vinnova-60x60.png 60w, https:\/\/www.zafena.se\/wp-content\/uploads\/Vinnova-Sveriges-innovationsmyndighet-Vinnova-100x100.png 100w, https:\/\/www.zafena.se\/wp-content\/uploads\/Vinnova-Sveriges-innovationsmyndighet-Vinnova.png 208w\" sizes=\"auto, (max-width: 150px) 100vw, 150px\" \/><img loading=\"lazy\" decoding=\"async\" class=\"alignnone size-thumbnail wp-image-3255\" src=\"https:\/\/www.zafena.se\/wp-content\/uploads\/KK-stiftelsen-150x150.png\" alt=\"\" width=\"150\" height=\"150\" srcset=\"https:\/\/www.zafena.se\/wp-content\/uploads\/KK-stiftelsen-150x150.png 150w, https:\/\/www.zafena.se\/wp-content\/uploads\/KK-stiftelsen-60x60.png 60w, https:\/\/www.zafena.se\/wp-content\/uploads\/KK-stiftelsen-100x100.png 100w, https:\/\/www.zafena.se\/wp-content\/uploads\/KK-stiftelsen.png 285w\" sizes=\"auto, (max-width: 150px) 100vw, 150px\" \/><\/p>\n<\/div>\n<p><!-- \/wp:column --><br \/>\n<!-- wp:column --><\/p>\n<div class=\"wp-block-column\">\n<h3>Project: Simple Simon connects &#8211; a medical communication box<\/h3>\n<p>Hardware for Connector, a medical communication box, as well as the adaptation of the software for embedded systems was created as a productification of the Vinnova Demonstrator project inside the Insict project together <a href=\"https:\/\/news.cision.com\/se\/rise\/r\/insict---stod-for-okad-anvandning-av-industriell-it-i-sma-och-medelstora-foretag,c2688964\">with support from the research institute Acreo. Acreo is now known as RISE<\/a>.<\/p>\n<p>ACREO INSICT 2007: &#8211; <a href=\"https:\/\/news.cision.com\/se\/rise\/r\/insict---stod-for-okad-anvandning-av-industriell-it-i-sma-och-medelstora-foretag,c2688964\">St\u00f6d f\u00f6r \u00f6kad anv\u00e4ndning av industriell IT i sm\u00e5 och medelstora f\u00f6retag<\/a><\/p>\n<p>ETN 2007: <a href=\"https:\/\/etn.se\/index.php\/nyheter\/22488-fyra-smhalvmiljon-av-acreo.html\">Four little ones get half a million from Acreo <\/a> &#8211; &#8220;A sensor chip in a heart catheter, a 3G monitoring system, a digital telemetry transmitter and a medical communication box &#8211; these are four projects that have received half a million kronor each from Acreo&#8217;s program Insict.&#8221;<\/p>\n<p><img loading=\"lazy\" decoding=\"async\" class=\"alignnone size-thumbnail wp-image-3250\" src=\"https:\/\/www.zafena.se\/wp-content\/uploads\/insikt-150x150.jpg\" alt=\"\" width=\"150\" height=\"150\" srcset=\"https:\/\/www.zafena.se\/wp-content\/uploads\/insikt-150x150.jpg 150w, https:\/\/www.zafena.se\/wp-content\/uploads\/insikt-60x60.jpg 60w, https:\/\/www.zafena.se\/wp-content\/uploads\/insikt-100x100.jpg 100w\" sizes=\"auto, (max-width: 150px) 100vw, 150px\" \/><img loading=\"lazy\" decoding=\"async\" class=\"alignnone size-full wp-image-3251\" src=\"https:\/\/www.zafena.se\/wp-content\/uploads\/RISE.png\" alt=\"\" width=\"100\" height=\"132\" \/><\/p>\n<\/div>\n<p><!-- \/wp:column --><\/p>\n<\/div>\n<p><!-- \/wp:columns --><\/p>\n","protected":false},"featured_media":942,"template":"","meta":[],"product_brand":[],"product_cat":[86,17,20,80],"product_tag":[],"class_list":{"0":"post-941","1":"product","2":"type-product","3":"status-publish","4":"has-post-thumbnail","6":"product_cat-poc-workstation","7":"product_cat-produkter","8":"product_cat-simple_simon_pt_plus","9":"product_cat-simple-simon-ua-plus","11":"first","12":"outofstock","13":"shipping-taxable","14":"product-type-simple"},"_links":{"self":[{"href":"https:\/\/www.zafena.se\/en\/wp-json\/wp\/v2\/product\/941","targetHints":{"allow":["GET"]}}],"collection":[{"href":"https:\/\/www.zafena.se\/en\/wp-json\/wp\/v2\/product"}],"about":[{"href":"https:\/\/www.zafena.se\/en\/wp-json\/wp\/v2\/types\/product"}],"wp:featuredmedia":[{"embeddable":true,"href":"https:\/\/www.zafena.se\/en\/wp-json\/wp\/v2\/media\/942"}],"wp:attachment":[{"href":"https:\/\/www.zafena.se\/en\/wp-json\/wp\/v2\/media?parent=941"}],"wp:term":[{"taxonomy":"product_brand","embeddable":true,"href":"https:\/\/www.zafena.se\/en\/wp-json\/wp\/v2\/product_brand?post=941"},{"taxonomy":"product_cat","embeddable":true,"href":"https:\/\/www.zafena.se\/en\/wp-json\/wp\/v2\/product_cat?post=941"},{"taxonomy":"product_tag","embeddable":true,"href":"https:\/\/www.zafena.se\/en\/wp-json\/wp\/v2\/product_tag?post=941"}],"curies":[{"name":"wp","href":"https:\/\/api.w.org\/{rel}","templated":true}]}}