{"id":736,"date":"2019-04-18T16:50:41","date_gmt":"2019-04-18T14:50:41","guid":{"rendered":"https:\/\/www.zafena.se\/?post_type=product&#038;p=736"},"modified":"2020-10-29T16:45:50","modified_gmt":"2020-10-29T15:45:50","slug":"simple-simon-bt","status":"publish","type":"product","link":"https:\/\/www.zafena.se\/en\/product\/simple-simon-bt\/","title":{"rendered":"Simple Simon\u00ae BT &#8211; wireless ear temperature meter"},"content":{"rendered":"<p>&nbsp;<\/p>\r\n\r\n<figure class=\"wp-block-table\">\r\n<table>\r\n<tbody>\r\n<tr>\r\n<th>Vikt<\/th>\r\n<td>0.290 kg<\/td>\r\n<\/tr>\r\n<tr>\r\n<th>Dimensioner<\/th>\r\n<td>18 x 13 x 6 cm<\/td>\r\n<\/tr>\r\n<tr>\r\n<th>M\u00e4tomr\u00e5de<\/th>\r\n<td>32.0\u00b0C till 43.0\u00b0C<\/td>\r\n<\/tr>\r\n<tr>\r\n<th>Noggrannhet<\/th>\r\n<td>\u00b10.2\u00b0C<\/td>\r\n<\/tr>\r\n<tr>\r\n<th>Driftf\u00f6rh\u00e5llanden<\/th>\r\n<td>10\u00b0C till 40\u00b0C<\/td>\r\n<\/tr>\r\n<tr>\r\n<th>Transport och lagerf\u00f6rh\u00e5llanden<\/th>\r\n<td>-20\u00b0C till 60\u00b0C<\/td>\r\n<\/tr>\r\n<tr>\r\n<th>Enheter<\/th>\r\n<td>Alternativt \u00b0C eller \u00b0F<\/td>\r\n<\/tr>\r\n<tr>\r\n<th>Automatisk startfunktion<\/th>\r\n<td>Sond-skydd detekteras och m\u00e4taren startar<\/td>\r\n<\/tr>\r\n<tr>\r\n<th>Bakgrundsbelysning<\/th>\r\n<td>Ja. \u00c4ndrar fr\u00e5n gr\u00f6nt ljus till r\u00f6tt om resultat ligger utanf\u00f6r 32\u00b0C till 38\u00b0C.<\/td>\r\n<\/tr>\r\n<tr>\r\n<th>Str\u00f6mk\u00e4lla<\/th>\r\n<td>2 x AA Batterier<\/td>\r\n<\/tr>\r\n<tr>\r\n<th>Antal m\u00e4tningar &#8211; Batteri<\/th>\r\n<td>&gt;3000<\/td>\r\n<\/tr>\r\n<tr>\r\n<th>Minneskapacitet<\/th>\r\n<td>10 (Om ansluten till Plus-Sk\u00e4rmen: +40&#8217;000)<\/td>\r\n<\/tr>\r\n<tr>\r\n<th>Kommunikation<\/th>\r\n<td>Bl\u00e5tand 4.0 BLE (Om ansluten till <a href=\"https:\/\/www.zafena.se\/product\/zafena-552-poc-workstation\/\">POC-Workstation<\/a> \u00e4ven Ethernet och Wifi)<\/td>\r\n<\/tr>\r\n<tr>\r\n<th>Kommunikationsprotokoll<\/th>\r\n<td>BLE (Om ansluten till <a href=\"https:\/\/www.zafena.se\/product\/zafena-552-poc-workstation\/\">POC-Workstation<\/a>: ASTM, Poct1A, HL7, FHIR, MQTT)<\/td>\r\n<\/tr>\r\n<\/tbody>\r\n<\/table>\r\n<\/figure>\r\n\r\n\r\n\r\n<p>&nbsp;<\/p>\r\n","protected":false},"excerpt":{"rendered":"[video width=\"1280\" height=\"720\" mp4=\"https:\/\/www.zafena.se\/wp-content\/uploads\/Orontemp2.mp4\"][\/video]\n","protected":false},"featured_media":737,"template":"","meta":[],"product_brand":[],"product_cat":[86,85],"product_tag":[],"class_list":{"0":"post-736","1":"product","2":"type-product","3":"status-publish","4":"has-post-thumbnail","6":"product_cat-poc-workstation","7":"product_cat-simple-simon-bt","9":"first","10":"instock","11":"shipping-taxable","12":"product-type-simple"},"_links":{"self":[{"href":"https:\/\/www.zafena.se\/en\/wp-json\/wp\/v2\/product\/736","targetHints":{"allow":["GET"]}}],"collection":[{"href":"https:\/\/www.zafena.se\/en\/wp-json\/wp\/v2\/product"}],"about":[{"href":"https:\/\/www.zafena.se\/en\/wp-json\/wp\/v2\/types\/product"}],"wp:featuredmedia":[{"embeddable":true,"href":"https:\/\/www.zafena.se\/en\/wp-json\/wp\/v2\/media\/737"}],"wp:attachment":[{"href":"https:\/\/www.zafena.se\/en\/wp-json\/wp\/v2\/media?parent=736"}],"wp:term":[{"taxonomy":"product_brand","embeddable":true,"href":"https:\/\/www.zafena.se\/en\/wp-json\/wp\/v2\/product_brand?post=736"},{"taxonomy":"product_cat","embeddable":true,"href":"https:\/\/www.zafena.se\/en\/wp-json\/wp\/v2\/product_cat?post=736"},{"taxonomy":"product_tag","embeddable":true,"href":"https:\/\/www.zafena.se\/en\/wp-json\/wp\/v2\/product_tag?post=736"}],"curies":[{"name":"wp","href":"https:\/\/api.w.org\/{rel}","templated":true}]}}