{"id":41050,"date":"2021-01-28T11:00:54","date_gmt":"2021-01-28T10:00:54","guid":{"rendered":"https:\/\/www.zafena.se\/?post_type=product&#038;p=41050"},"modified":"2021-01-28T11:48:58","modified_gmt":"2021-01-28T10:48:58","slug":"dialab-diaquick-covid-19-antigen-ag-test-casette","status":"publish","type":"product","link":"https:\/\/www.zafena.se\/en\/product\/dialab-diaquick-covid-19-antigen-ag-test-casette\/","title":{"rendered":"Dialab Diaquick Covid-19 Antigen, Ag, snabbtest"},"content":{"rendered":"","protected":false},"excerpt":{"rendered":"<p>DIAQUICK COVID-19 Ag Cassette \u00e4r en kvalitetstest fr\u00e5n v\u00e4lk\u00e4nda Dialab i \u00d6sterrike. Testen har visat sig vara mycket sensitiv, vilket betyder att den kan detektera sm\u00e5 virusm\u00e4ngder. Detta g\u00f6r testen till ett f\u00f6rsta val, n\u00e4r det g\u00e4ller att hitta individ som snabbt b\u00f6r isoleras f\u00f6r att f\u00f6rhindrasmittspridning.<\/p>\n<p>Zafenas \u00e4r \u00e5terf\u00f6rs\u00e4ljare av Dialab DIAQUICK i norden.<br \/>\nServiceorganisation best\u00e5r av leg. BMA, aut. Bioingenj\u00f6r medicinskteknisk ingenj\u00f6r och kundservice\/order personal som alla bidrar till kundsupport\u00e4renden m\u00e5ndag \u2013 fredag 08 \u2013 16.00.<\/p>\n<p>Ledtid f\u00f6r leveranser: 2-3 arbetsdagar fr\u00e5n v\u00e5rt lager i Borensberg.<\/p>\n<p><a href=\"https:\/\/www.zafena.se\/wp-content\/uploads\/Dialab-Zafena-info-Covid-19-Ag-test-20210121.pdf\">I behov av support eller ytterligare information? Kontakta oss!<\/a><\/p>\n<p><a class=\"qtranxs_flag_sv qtranxs_flag_and_text\" href=\"https:\/\/www.zafena.se\/wp-content\/uploads\/Dialab-Zafena-info-Covid-19-Ag-test-20210121.pdf\"><img loading=\"lazy\" decoding=\"async\" class=\"alignnone size-full wp-image-126\" src=\"https:\/\/www.zafena.se\/wp-content\/uploads\/2017\/06\/pdf_bild.png\" alt=\"\" width=\"18\" height=\"25\" \/> Dialab Zafena info Covid-19 Ag test 20210121<\/a> &#8211; Lathund f\u00f6r support<\/p>\n<p><a class=\"qtranxs_flag_sv qtranxs_flag_and_text\" href=\"https:\/\/www.zafena.se\/wp-content\/uploads\/DIAQUICK-covid-19-Ag-TEST-CASSETTE-IFU-SE-20201221.pdf\"><img loading=\"lazy\" decoding=\"async\" class=\"alignnone size-full wp-image-126\" src=\"https:\/\/www.zafena.se\/wp-content\/uploads\/2017\/06\/pdf_bild.png\" alt=\"\" width=\"18\" height=\"25\" \/> DIAQUICK covid-19 Ag TEST CASSETTE IFU SE 20201221<\/a><\/p>\n<p>&nbsp;<\/p>\n<p><img loading=\"lazy\" decoding=\"async\" class=\"alignnone size-large wp-image-41091\" src=\"https:\/\/www.zafena.se\/wp-content\/uploads\/2021-01-12_-Quick-Guide-COVID-19-Ag-Cassette_Z20401CE_sv_Rev02-1024x724.jpg\" alt=\"\" width=\"960\" height=\"679\" srcset=\"https:\/\/www.zafena.se\/wp-content\/uploads\/2021-01-12_-Quick-Guide-COVID-19-Ag-Cassette_Z20401CE_sv_Rev02-1024x724.jpg 1024w, https:\/\/www.zafena.se\/wp-content\/uploads\/2021-01-12_-Quick-Guide-COVID-19-Ag-Cassette_Z20401CE_sv_Rev02-300x212.jpg 300w, https:\/\/www.zafena.se\/wp-content\/uploads\/2021-01-12_-Quick-Guide-COVID-19-Ag-Cassette_Z20401CE_sv_Rev02-768x543.jpg 768w, https:\/\/www.zafena.se\/wp-content\/uploads\/2021-01-12_-Quick-Guide-COVID-19-Ag-Cassette_Z20401CE_sv_Rev02-1536x1086.jpg 1536w, https:\/\/www.zafena.se\/wp-content\/uploads\/2021-01-12_-Quick-Guide-COVID-19-Ag-Cassette_Z20401CE_sv_Rev02-2048x1448.jpg 2048w, https:\/\/www.zafena.se\/wp-content\/uploads\/2021-01-12_-Quick-Guide-COVID-19-Ag-Cassette_Z20401CE_sv_Rev02-600x424.jpg 600w\" sizes=\"auto, (max-width: 960px) 100vw, 960px\" \/><img loading=\"lazy\" decoding=\"async\" class=\"alignnone size-large wp-image-41265\" src=\"https:\/\/www.zafena.se\/wp-content\/uploads\/Positive-test-clean-1024x347.png\" alt=\"\" width=\"960\" height=\"325\" srcset=\"https:\/\/www.zafena.se\/wp-content\/uploads\/Positive-test-clean-1024x347.png 1024w, https:\/\/www.zafena.se\/wp-content\/uploads\/Positive-test-clean-300x102.png 300w, https:\/\/www.zafena.se\/wp-content\/uploads\/Positive-test-clean-768x261.png 768w, https:\/\/www.zafena.se\/wp-content\/uploads\/Positive-test-clean-1536x521.png 1536w, https:\/\/www.zafena.se\/wp-content\/uploads\/Positive-test-clean-2048x695.png 2048w, https:\/\/www.zafena.se\/wp-content\/uploads\/Positive-test-clean-600x204.png 600w\" sizes=\"auto, (max-width: 960px) 100vw, 960px\" \/><\/p>\n","protected":false},"featured_media":41224,"template":"","meta":[],"product_brand":[],"product_cat":[96,94,95],"product_tag":[],"class_list":{"0":"post-41050","1":"product","2":"type-product","3":"status-publish","4":"has-post-thumbnail","6":"product_cat-corona","7":"product_cat-covid-19","8":"product_cat-sars-cov2","10":"first","11":"instock","12":"shipping-taxable","13":"product-type-simple"},"_links":{"self":[{"href":"https:\/\/www.zafena.se\/en\/wp-json\/wp\/v2\/product\/41050","targetHints":{"allow":["GET"]}}],"collection":[{"href":"https:\/\/www.zafena.se\/en\/wp-json\/wp\/v2\/product"}],"about":[{"href":"https:\/\/www.zafena.se\/en\/wp-json\/wp\/v2\/types\/product"}],"wp:featuredmedia":[{"embeddable":true,"href":"https:\/\/www.zafena.se\/en\/wp-json\/wp\/v2\/media\/41224"}],"wp:attachment":[{"href":"https:\/\/www.zafena.se\/en\/wp-json\/wp\/v2\/media?parent=41050"}],"wp:term":[{"taxonomy":"product_brand","embeddable":true,"href":"https:\/\/www.zafena.se\/en\/wp-json\/wp\/v2\/product_brand?post=41050"},{"taxonomy":"product_cat","embeddable":true,"href":"https:\/\/www.zafena.se\/en\/wp-json\/wp\/v2\/product_cat?post=41050"},{"taxonomy":"product_tag","embeddable":true,"href":"https:\/\/www.zafena.se\/en\/wp-json\/wp\/v2\/product_tag?post=41050"}],"curies":[{"name":"wp","href":"https:\/\/api.w.org\/{rel}","templated":true}]}}